{"id":6041,"date":"2026-03-03T16:23:20","date_gmt":"2026-03-03T15:23:20","guid":{"rendered":"https:\/\/retrosteam.de\/?post_type=product&#038;p=6041"},"modified":"2026-03-06T13:17:05","modified_gmt":"2026-03-06T12:17:05","slug":"sleeve-flameholder","status":"publish","type":"product","link":"https:\/\/retrosteam.de\/en\/product\/sleeve-flameholder\/","title":{"rendered":"Sleeve &#8211; Flameholder"},"content":{"rendered":"","protected":false},"excerpt":{"rendered":"<p>Der <strong data-start=\"64\" data-end=\"79\">Flameholder<\/strong> ist die funktionale Erg\u00e4nzung f\u00fcr deinen Rertosteam Sleeve \u2013 reduziert auf das, was wirklich z\u00e4hlt: Sicherheit, Stabilit\u00e4t und Alltagstauglichkeit.<\/p>\n<p data-start=\"533\" data-end=\"701\">Durch seine pr\u00e4zise Passform h\u00e4lt der Flameholder den Sleeve stabil in Position und unterst\u00fctzt einen kontrollierten, entspannten Workflow \u2013 ob zu Hause oder unterwegs.<\/p>\n<p data-start=\"703\" data-end=\"737\">Kompakt. Belastbar. Zuverl\u00e4ssig.<\/p>\n<p data-start=\"739\" data-end=\"841\" data-is-last-node=\"\" data-is-only-node=\"\">Der Flameholder macht aus Hitze Kontrolle \u2013 und aus einem guten System ein durchdachtes Gesamtkonzept.<\/p>","protected":false},"featured_media":6042,"comment_status":"open","ping_status":"closed","template":"","meta":{"site-sidebar-layout":"default","site-content-layout":"","ast-site-content-layout":"default","site-content-style":"default","site-sidebar-style":"default","ast-global-header-display":"","ast-banner-title-visibility":"","ast-main-header-display":"","ast-hfb-above-header-display":"","ast-hfb-below-header-display":"","ast-hfb-mobile-header-display":"","site-post-title":"","ast-breadcrumbs-content":"","ast-featured-img":"","footer-sml-layout":"","ast-disable-related-posts":"","theme-transparent-header-meta":"default","adv-header-id-meta":"","stick-header-meta":"default","header-above-stick-meta":"","header-main-stick-meta":"","header-below-stick-meta":"","astra-migrate-meta-layouts":"set","ast-page-background-enabled":"default","ast-page-background-meta":{"desktop":{"background-color":"","background-image":"","background-repeat":"repeat","background-position":"center center","background-size":"auto","background-attachment":"scroll","background-type":"","background-media":"","overlay-type":"","overlay-color":"","overlay-opacity":"","overlay-gradient":""},"tablet":{"background-color":"","background-image":"","background-repeat":"repeat","background-position":"center center","background-size":"auto","background-attachment":"scroll","background-type":"","background-media":"","overlay-type":"","overlay-color":"","overlay-opacity":"","overlay-gradient":""},"mobile":{"background-color":"","background-image":"","background-repeat":"repeat","background-position":"center center","background-size":"auto","background-attachment":"scroll","background-type":"","background-media":"","overlay-type":"","overlay-color":"","overlay-opacity":"","overlay-gradient":""}},"ast-content-background-meta":{"desktop":{"background-color":"var(--ast-global-color-5)","background-image":"","background-repeat":"repeat","background-position":"center center","background-size":"auto","background-attachment":"scroll","background-type":"","background-media":"","overlay-type":"","overlay-color":"","overlay-opacity":"","overlay-gradient":""},"tablet":{"background-color":"var(--ast-global-color-5)","background-image":"","background-repeat":"repeat","background-position":"center center","background-size":"auto","background-attachment":"scroll","background-type":"","background-media":"","overlay-type":"","overlay-color":"","overlay-opacity":"","overlay-gradient":""},"mobile":{"background-color":"var(--ast-global-color-5)","background-image":"","background-repeat":"repeat","background-position":"center center","background-size":"auto","background-attachment":"scroll","background-type":"","background-media":"","overlay-type":"","overlay-color":"","overlay-opacity":"","overlay-gradient":""}}},"product_brand":[],"product_cat":[64,68],"product_tag":[],"class_list":{"0":"post-6041","1":"product","2":"type-product","3":"status-publish","4":"has-post-thumbnail","6":"product_cat-zubehoer","7":"product_cat-www-deine-website-de-retrosteamsleeve-essentials","8":"desktop-align-left","9":"tablet-align-left","10":"mobile-align-left","11":"ast-product-gallery-layout-horizontal-slider","12":"ast-magnify-disabled","13":"ast-product-tabs-layout-horizontal","15":"first","16":"instock","17":"shipping-taxable","18":"purchasable","19":"product-type-simple"},"yoast_head":"<!-- This site is optimized with the Yoast SEO plugin v27.4 - https:\/\/yoast.com\/product\/yoast-seo-wordpress\/ -->\n<title>Sleeve - Flameholder - Retrosteam<\/title>\n<meta name=\"robots\" content=\"index, follow, max-snippet:-1, max-image-preview:large, max-video-preview:-1\" \/>\n<link rel=\"canonical\" href=\"https:\/\/retrosteam.de\/en\/product\/sleeve-flameholder\/\" \/>\n<meta property=\"og:locale\" content=\"en_US\" \/>\n<meta property=\"og:type\" content=\"article\" \/>\n<meta property=\"og:title\" content=\"Sleeve - Flameholder - Retrosteam\" \/>\n<meta property=\"og:description\" content=\"Der Flameholder ist die funktionale Erg\u00e4nzung f\u00fcr deinen Rertosteam Sleeve \u2013 reduziert auf das, was wirklich z\u00e4hlt: Sicherheit, Stabilit\u00e4t und Alltagstauglichkeit. Durch seine pr\u00e4zise Passform h\u00e4lt der Flameholder den Sleeve stabil in Position und unterst\u00fctzt einen kontrollierten, entspannten Workflow \u2013 ob zu Hause oder unterwegs. Kompakt. Belastbar. Zuverl\u00e4ssig. Der Flameholder macht aus Hitze Kontrolle \u2013 und aus einem guten System ein durchdachtes Gesamtkonzept.\" \/>\n<meta property=\"og:url\" content=\"https:\/\/retrosteam.de\/en\/product\/sleeve-flameholder\/\" \/>\n<meta property=\"og:site_name\" content=\"Retrosteam\" \/>\n<meta property=\"article:publisher\" content=\"https:\/\/www.facebook.com\/p\/Retrosteam-100075849401979\/\" \/>\n<meta property=\"article:modified_time\" content=\"2026-03-06T12:17:05+00:00\" \/>\n<meta property=\"og:image\" content=\"https:\/\/retrosteam.de\/wp-content\/uploads\/2026\/03\/sleeve-flameholder-scaled.webp\" \/>\n\t<meta property=\"og:image:width\" content=\"2560\" \/>\n\t<meta property=\"og:image:height\" content=\"2560\" \/>\n\t<meta property=\"og:image:type\" content=\"image\/webp\" \/>\n<meta name=\"twitter:card\" content=\"summary_large_image\" \/>\n<meta name=\"twitter:site\" content=\"@retrosteam_\" \/>\n<meta name=\"twitter:label1\" content=\"Est. reading time\" \/>\n\t<meta name=\"twitter:data1\" content=\"1 minute\" \/>\n<script type=\"application\/ld+json\" class=\"yoast-schema-graph\">{\"@context\":\"https:\\\/\\\/schema.org\",\"@graph\":[{\"@type\":\"WebPage\",\"@id\":\"https:\\\/\\\/retrosteam.de\\\/produkt\\\/sleeve-flameholder\\\/\",\"url\":\"https:\\\/\\\/retrosteam.de\\\/produkt\\\/sleeve-flameholder\\\/\",\"name\":\"Sleeve - Flameholder - Retrosteam\",\"isPartOf\":{\"@id\":\"https:\\\/\\\/retrosteam.de\\\/#website\"},\"primaryImageOfPage\":{\"@id\":\"https:\\\/\\\/retrosteam.de\\\/produkt\\\/sleeve-flameholder\\\/#primaryimage\"},\"image\":{\"@id\":\"https:\\\/\\\/retrosteam.de\\\/produkt\\\/sleeve-flameholder\\\/#primaryimage\"},\"thumbnailUrl\":\"https:\\\/\\\/retrosteam.de\\\/wp-content\\\/uploads\\\/2026\\\/03\\\/sleeve-flameholder-scaled.webp\",\"datePublished\":\"2026-03-03T15:23:20+00:00\",\"dateModified\":\"2026-03-06T12:17:05+00:00\",\"breadcrumb\":{\"@id\":\"https:\\\/\\\/retrosteam.de\\\/produkt\\\/sleeve-flameholder\\\/#breadcrumb\"},\"inLanguage\":\"en-US\",\"potentialAction\":[{\"@type\":\"ReadAction\",\"target\":[\"https:\\\/\\\/retrosteam.de\\\/produkt\\\/sleeve-flameholder\\\/\"]}]},{\"@type\":\"ImageObject\",\"inLanguage\":\"en-US\",\"@id\":\"https:\\\/\\\/retrosteam.de\\\/produkt\\\/sleeve-flameholder\\\/#primaryimage\",\"url\":\"https:\\\/\\\/retrosteam.de\\\/wp-content\\\/uploads\\\/2026\\\/03\\\/sleeve-flameholder-scaled.webp\",\"contentUrl\":\"https:\\\/\\\/retrosteam.de\\\/wp-content\\\/uploads\\\/2026\\\/03\\\/sleeve-flameholder-scaled.webp\",\"width\":2560,\"height\":2560},{\"@type\":\"BreadcrumbList\",\"@id\":\"https:\\\/\\\/retrosteam.de\\\/produkt\\\/sleeve-flameholder\\\/#breadcrumb\",\"itemListElement\":[{\"@type\":\"ListItem\",\"position\":1,\"name\":\"Startseite\",\"item\":\"https:\\\/\\\/retrosteam.de\\\/\"},{\"@type\":\"ListItem\",\"position\":2,\"name\":\"Store\",\"item\":\"https:\\\/\\\/retrosteam.de\\\/store\\\/\"},{\"@type\":\"ListItem\",\"position\":3,\"name\":\"Sleeve &#8211; Flameholder\"}]},{\"@type\":\"WebSite\",\"@id\":\"https:\\\/\\\/retrosteam.de\\\/#website\",\"url\":\"https:\\\/\\\/retrosteam.de\\\/\",\"name\":\"Retrosteam\",\"description\":\"\",\"publisher\":{\"@id\":\"https:\\\/\\\/retrosteam.de\\\/#organization\"},\"potentialAction\":[{\"@type\":\"SearchAction\",\"target\":{\"@type\":\"EntryPoint\",\"urlTemplate\":\"https:\\\/\\\/retrosteam.de\\\/?s={search_term_string}\"},\"query-input\":{\"@type\":\"PropertyValueSpecification\",\"valueRequired\":true,\"valueName\":\"search_term_string\"}}],\"inLanguage\":\"en-US\"},{\"@type\":\"Organization\",\"@id\":\"https:\\\/\\\/retrosteam.de\\\/#organization\",\"name\":\"Retrosteam\",\"url\":\"https:\\\/\\\/retrosteam.de\\\/\",\"logo\":{\"@type\":\"ImageObject\",\"inLanguage\":\"en-US\",\"@id\":\"https:\\\/\\\/retrosteam.de\\\/#\\\/schema\\\/logo\\\/image\\\/\",\"url\":\"https:\\\/\\\/retrosteam.de\\\/wp-content\\\/uploads\\\/2023\\\/12\\\/cropped-retrosteam_favicon.jpg\",\"contentUrl\":\"https:\\\/\\\/retrosteam.de\\\/wp-content\\\/uploads\\\/2023\\\/12\\\/cropped-retrosteam_favicon.jpg\",\"width\":512,\"height\":512,\"caption\":\"Retrosteam\"},\"image\":{\"@id\":\"https:\\\/\\\/retrosteam.de\\\/#\\\/schema\\\/logo\\\/image\\\/\"},\"sameAs\":[\"https:\\\/\\\/www.facebook.com\\\/p\\\/Retrosteam-100075849401979\\\/\",\"https:\\\/\\\/x.com\\\/retrosteam_\",\"https:\\\/\\\/www.instagram.com\\\/retrosteam_offiziell\",\"https:\\\/\\\/www.youtube.com\\\/@retrosteam992\"]}]}<\/script>\n<!-- \/ Yoast SEO plugin. -->","yoast_head_json":{"title":"Sleeve - Flameholder - Retrosteam","robots":{"index":"index","follow":"follow","max-snippet":"max-snippet:-1","max-image-preview":"max-image-preview:large","max-video-preview":"max-video-preview:-1"},"canonical":"https:\/\/retrosteam.de\/en\/product\/sleeve-flameholder\/","og_locale":"en_US","og_type":"article","og_title":"Sleeve - Flameholder - Retrosteam","og_description":"Der Flameholder ist die funktionale Erg\u00e4nzung f\u00fcr deinen Rertosteam Sleeve \u2013 reduziert auf das, was wirklich z\u00e4hlt: Sicherheit, Stabilit\u00e4t und Alltagstauglichkeit. Durch seine pr\u00e4zise Passform h\u00e4lt der Flameholder den Sleeve stabil in Position und unterst\u00fctzt einen kontrollierten, entspannten Workflow \u2013 ob zu Hause oder unterwegs. Kompakt. Belastbar. Zuverl\u00e4ssig. Der Flameholder macht aus Hitze Kontrolle \u2013 und aus einem guten System ein durchdachtes Gesamtkonzept.","og_url":"https:\/\/retrosteam.de\/en\/product\/sleeve-flameholder\/","og_site_name":"Retrosteam","article_publisher":"https:\/\/www.facebook.com\/p\/Retrosteam-100075849401979\/","article_modified_time":"2026-03-06T12:17:05+00:00","og_image":[{"width":2560,"height":2560,"url":"https:\/\/retrosteam.de\/wp-content\/uploads\/2026\/03\/sleeve-flameholder-scaled.webp","type":"image\/webp"}],"twitter_card":"summary_large_image","twitter_site":"@retrosteam_","twitter_misc":{"Est. reading time":"1 minute"},"schema":{"@context":"https:\/\/schema.org","@graph":[{"@type":"WebPage","@id":"https:\/\/retrosteam.de\/produkt\/sleeve-flameholder\/","url":"https:\/\/retrosteam.de\/produkt\/sleeve-flameholder\/","name":"Sleeve - Flameholder - Retrosteam","isPartOf":{"@id":"https:\/\/retrosteam.de\/#website"},"primaryImageOfPage":{"@id":"https:\/\/retrosteam.de\/produkt\/sleeve-flameholder\/#primaryimage"},"image":{"@id":"https:\/\/retrosteam.de\/produkt\/sleeve-flameholder\/#primaryimage"},"thumbnailUrl":"https:\/\/retrosteam.de\/wp-content\/uploads\/2026\/03\/sleeve-flameholder-scaled.webp","datePublished":"2026-03-03T15:23:20+00:00","dateModified":"2026-03-06T12:17:05+00:00","breadcrumb":{"@id":"https:\/\/retrosteam.de\/produkt\/sleeve-flameholder\/#breadcrumb"},"inLanguage":"en-US","potentialAction":[{"@type":"ReadAction","target":["https:\/\/retrosteam.de\/produkt\/sleeve-flameholder\/"]}]},{"@type":"ImageObject","inLanguage":"en-US","@id":"https:\/\/retrosteam.de\/produkt\/sleeve-flameholder\/#primaryimage","url":"https:\/\/retrosteam.de\/wp-content\/uploads\/2026\/03\/sleeve-flameholder-scaled.webp","contentUrl":"https:\/\/retrosteam.de\/wp-content\/uploads\/2026\/03\/sleeve-flameholder-scaled.webp","width":2560,"height":2560},{"@type":"BreadcrumbList","@id":"https:\/\/retrosteam.de\/produkt\/sleeve-flameholder\/#breadcrumb","itemListElement":[{"@type":"ListItem","position":1,"name":"Startseite","item":"https:\/\/retrosteam.de\/"},{"@type":"ListItem","position":2,"name":"Store","item":"https:\/\/retrosteam.de\/store\/"},{"@type":"ListItem","position":3,"name":"Sleeve &#8211; Flameholder"}]},{"@type":"WebSite","@id":"https:\/\/retrosteam.de\/#website","url":"https:\/\/retrosteam.de\/","name":"Retrosteam","description":"","publisher":{"@id":"https:\/\/retrosteam.de\/#organization"},"potentialAction":[{"@type":"SearchAction","target":{"@type":"EntryPoint","urlTemplate":"https:\/\/retrosteam.de\/?s={search_term_string}"},"query-input":{"@type":"PropertyValueSpecification","valueRequired":true,"valueName":"search_term_string"}}],"inLanguage":"en-US"},{"@type":"Organization","@id":"https:\/\/retrosteam.de\/#organization","name":"Retrosteam","url":"https:\/\/retrosteam.de\/","logo":{"@type":"ImageObject","inLanguage":"en-US","@id":"https:\/\/retrosteam.de\/#\/schema\/logo\/image\/","url":"https:\/\/retrosteam.de\/wp-content\/uploads\/2023\/12\/cropped-retrosteam_favicon.jpg","contentUrl":"https:\/\/retrosteam.de\/wp-content\/uploads\/2023\/12\/cropped-retrosteam_favicon.jpg","width":512,"height":512,"caption":"Retrosteam"},"image":{"@id":"https:\/\/retrosteam.de\/#\/schema\/logo\/image\/"},"sameAs":["https:\/\/www.facebook.com\/p\/Retrosteam-100075849401979\/","https:\/\/x.com\/retrosteam_","https:\/\/www.instagram.com\/retrosteam_offiziell","https:\/\/www.youtube.com\/@retrosteam992"]}]}},"_links":{"self":[{"href":"https:\/\/retrosteam.de\/en\/wp-json\/wp\/v2\/product\/6041","targetHints":{"allow":["GET"]}}],"collection":[{"href":"https:\/\/retrosteam.de\/en\/wp-json\/wp\/v2\/product"}],"about":[{"href":"https:\/\/retrosteam.de\/en\/wp-json\/wp\/v2\/types\/product"}],"replies":[{"embeddable":true,"href":"https:\/\/retrosteam.de\/en\/wp-json\/wp\/v2\/comments?post=6041"}],"version-history":[{"count":1,"href":"https:\/\/retrosteam.de\/en\/wp-json\/wp\/v2\/product\/6041\/revisions"}],"predecessor-version":[{"id":6044,"href":"https:\/\/retrosteam.de\/en\/wp-json\/wp\/v2\/product\/6041\/revisions\/6044"}],"wp:featuredmedia":[{"embeddable":true,"href":"https:\/\/retrosteam.de\/en\/wp-json\/wp\/v2\/media\/6042"}],"wp:attachment":[{"href":"https:\/\/retrosteam.de\/en\/wp-json\/wp\/v2\/media?parent=6041"}],"wp:term":[{"taxonomy":"product_brand","embeddable":true,"href":"https:\/\/retrosteam.de\/en\/wp-json\/wp\/v2\/product_brand?post=6041"},{"taxonomy":"product_cat","embeddable":true,"href":"https:\/\/retrosteam.de\/en\/wp-json\/wp\/v2\/product_cat?post=6041"},{"taxonomy":"product_tag","embeddable":true,"href":"https:\/\/retrosteam.de\/en\/wp-json\/wp\/v2\/product_tag?post=6041"}],"curies":[{"name":"wp","href":"https:\/\/api.w.org\/{rel}","templated":true}]}}