{"id":6035,"date":"2026-03-03T16:09:08","date_gmt":"2026-03-03T15:09:08","guid":{"rendered":"https:\/\/retrosteam.de\/?post_type=product&#038;p=6035"},"modified":"2026-03-06T13:54:32","modified_gmt":"2026-03-06T12:54:32","slug":"retrosteam-cubane-natur","status":"publish","type":"product","link":"https:\/\/retrosteam.de\/en\/product\/retrosteam-cubane-natur\/","title":{"rendered":"Retrosteam Cuban * Natur"},"content":{"rendered":"","protected":false},"excerpt":{"rendered":"<p data-sanitized-data-mce-fragment=\"1\">Ein herrlich naturbelassener Cuban<\/p>\n<p data-sanitized-data-mce-fragment=\"1\">*10cmx3cmx9,5cm - The ignition tube can be unscrewed<\/p>\n<p data-sanitized-data-mce-fragment=\"1\"><strong data-sanitized-data-mce-fragment=\"1\">Do you want elegant design, the best taste, effectiveness, fat clouds of vapor and all of this sustainably?<\/strong> <br data-sanitized-data-mce-fragment=\"1\" \/><br data-sanitized-data-mce-fragment=\"1\" \/>Dann wirst du den Retrosteam Cuban lieben!<br data-sanitized-data-mce-fragment=\"1\" \/>Then you'll love the Retrosteam Cuban!\nIts robust construction and the system behind it make it a loyal companion! Even where there is no electricity. Carefully selected wood is CNC-milled. This blank grows into a modern pipe in over 20 manual steps. <br data-sanitized-data-mce-fragment=\"1\" \/><br data-sanitized-data-mce-fragment=\"1\" \/>Only high-quality stainless steel, which is extremely heat-resistant, is used for the Retrosteam. This stainless steel is used in the food industry as well as in medicine.<br data-sanitized-data-mce-fragment=\"1\" \/><br data-sanitized-data-mce-fragment=\"1\" \/>The strong magnets ensure a secure hold. The heat chamber has a 14.5 grind, so the attachment can be attached to a water filter. The Steam can be vaporized with normal commercial lighters as well as with a jet flame.<\/p>\n<ul data-sanitized-data-mce-fragment=\"1\">\n<li data-sanitized-data-mce-fragment=\"1\">STYLISH DESIGN<\/li>\n<li data-sanitized-data-mce-fragment=\"1\">INDEPENDENCE<\/li>\n<li data-sanitized-data-mce-fragment=\"1\">DOSING CAPS 15mm \u00d8 - OPTIONAL<\/li>\n<li data-sanitized-data-mce-fragment=\"1\">NATURALLY TREATED<\/li>\n<li data-sanitized-data-mce-fragment=\"1\">HANDLED<\/li>\n<li data-sanitized-data-mce-fragment=\"1\">EASY TO CARE FOR<\/li>\n<li data-sanitized-data-mce-fragment=\"1\">HIGH QUALITY STAINLESS STEEL<\/li>\n<li data-sanitized-data-mce-fragment=\"1\">ADAPTABLE TO WATER FILTERS<\/li>\n<li data-sanitized-data-mce-fragment=\"1\">HAPTIC EXPERIENCE WHEN VAPING<\/li>\n<\/ul>\n<p data-sanitized-data-mce-fragment=\"1\"><a href=\"https:\/\/retrosteam.de\/en\/#smokefeedback\">*Golden Middle &#8211; Laid Back<\/a><br data-sanitized-data-mce-fragment=\"1\" \/><br data-sanitized-data-mce-fragment=\"1\" \/><strong data-sanitized-data-mce-fragment=\"1\">Secure your retro team, whether in color or nature - the versatile pipe for dense steam.<\/strong><\/p>\n<p data-sanitized-data-mce-fragment=\"1\">The optimal <a href=\"https:\/\/amzn.to\/3U8vp3I\" data-sanitized-target=\"_blank\">Water filter<\/a> in a handy size.<\/p>\n<p>&nbsp;<\/p>\n<p><strong><img fetchpriority=\"high\" decoding=\"async\" src=\"https:\/\/cdn.shopify.com\/s\/files\/1\/0529\/7966\/3004\/files\/Made-in-Germany-Logo-www.german-ma.de_72dpi_480x480.png?v=1621430068\" alt=\"\" width=\"802\" height=\"127\" data-sanitized-data-mce-fragment=\"1\" data-sanitized-data-mce-src=\"https:\/\/cdn.shopify.com\/s\/files\/1\/0529\/7966\/3004\/files\/Made-in-Germany-Logo-www.german-ma.de_72dpi_480x480.png?v=1621430068\" data-sanitized-data-mce-selected=\"1\" \/><\/strong><\/p>","protected":false},"featured_media":4846,"comment_status":"open","ping_status":"closed","template":"","meta":{"site-sidebar-layout":"default","site-content-layout":"","ast-site-content-layout":"default","site-content-style":"default","site-sidebar-style":"default","ast-global-header-display":"","ast-banner-title-visibility":"","ast-main-header-display":"","ast-hfb-above-header-display":"","ast-hfb-below-header-display":"","ast-hfb-mobile-header-display":"","site-post-title":"","ast-breadcrumbs-content":"","ast-featured-img":"","footer-sml-layout":"","ast-disable-related-posts":"","theme-transparent-header-meta":"default","adv-header-id-meta":"","stick-header-meta":"default","header-above-stick-meta":"","header-main-stick-meta":"","header-below-stick-meta":"","astra-migrate-meta-layouts":"set","ast-page-background-enabled":"default","ast-page-background-meta":{"desktop":{"background-color":"","background-image":"","background-repeat":"repeat","background-position":"center center","background-size":"auto","background-attachment":"scroll","background-type":"","background-media":"","overlay-type":"","overlay-color":"","overlay-opacity":"","overlay-gradient":""},"tablet":{"background-color":"","background-image":"","background-repeat":"repeat","background-position":"center center","background-size":"auto","background-attachment":"scroll","background-type":"","background-media":"","overlay-type":"","overlay-color":"","overlay-opacity":"","overlay-gradient":""},"mobile":{"background-color":"","background-image":"","background-repeat":"repeat","background-position":"center center","background-size":"auto","background-attachment":"scroll","background-type":"","background-media":"","overlay-type":"","overlay-color":"","overlay-opacity":"","overlay-gradient":""}},"ast-content-background-meta":{"desktop":{"background-color":"var(--ast-global-color-5)","background-image":"","background-repeat":"repeat","background-position":"center center","background-size":"auto","background-attachment":"scroll","background-type":"","background-media":"","overlay-type":"","overlay-color":"","overlay-opacity":"","overlay-gradient":""},"tablet":{"background-color":"var(--ast-global-color-5)","background-image":"","background-repeat":"repeat","background-position":"center center","background-size":"auto","background-attachment":"scroll","background-type":"","background-media":"","overlay-type":"","overlay-color":"","overlay-opacity":"","overlay-gradient":""},"mobile":{"background-color":"var(--ast-global-color-5)","background-image":"","background-repeat":"repeat","background-position":"center center","background-size":"auto","background-attachment":"scroll","background-type":"","background-media":"","overlay-type":"","overlay-color":"","overlay-opacity":"","overlay-gradient":""}}},"product_brand":[],"product_cat":[63],"product_tag":[],"class_list":{"0":"post-6035","1":"product","2":"type-product","3":"status-publish","4":"has-post-thumbnail","6":"product_cat-manufakturarbeit-2","7":"desktop-align-left","8":"tablet-align-left","9":"mobile-align-left","10":"ast-product-gallery-layout-horizontal-slider","11":"ast-magnify-disabled","12":"ast-product-tabs-layout-horizontal","14":"first","15":"instock","16":"shipping-taxable","17":"purchasable","18":"product-type-simple"},"yoast_head":"<!-- This site is optimized with the Yoast SEO plugin v27.4 - https:\/\/yoast.com\/product\/yoast-seo-wordpress\/ -->\n<title>Retrosteam Cuban * Natur - Retrosteam<\/title>\n<meta name=\"robots\" content=\"index, follow, max-snippet:-1, max-image-preview:large, max-video-preview:-1\" \/>\n<link rel=\"canonical\" href=\"https:\/\/retrosteam.de\/en\/product\/retrosteam-cubane-natur\/\" \/>\n<meta property=\"og:locale\" content=\"en_US\" \/>\n<meta property=\"og:type\" content=\"article\" \/>\n<meta property=\"og:title\" content=\"Retrosteam Cuban * Natur - Retrosteam\" \/>\n<meta property=\"og:description\" content=\"Ein herrlich naturbelassener Cuban *10cmx3cmx9,5cm - Das Z\u00fcndrohr l\u00e4sst sich herrausdrehen Du willst edles Design, besten Geschmack, Effektivit\u00e4t, fette Dampfwolken und das alles nachhaltig? Dann wirst du den Retrosteam Cuban lieben!Durch seine robuste Bauweise und dem System dahinter ist er ein treuer Begleiter! Auch dort wo kein Strom zu finden ist. Sorgf\u00e4ltig ausgesuchtes Holz wird CNC-gefr\u00e4st. Dieser Rohling w\u00e4chst in \u00fcber 20 Handarbeitsschritten zu einer modernen Pfeife heran. F\u00fcr den Retrosteam wird nur hochwertiger Edelstahl, der extrem hitzebest\u00e4ndig ist, verwendet. Dieser nicht rostende Stahl findet in der Lebensmittelindustrie wie auch der Medizin seine Anwendung.Die starken Magnete sorgen f\u00fcr einen sicheren Halt. Die Hitzekammer besitzt einen 14,5 Schliff, so kann der Aufsatz an einem Wasserfilter angebracht werden. Der Steam l\u00e4sst sich mit normalen handels\u00fcblichen Feuerzeugen dampfen, wie auch mit einer Jetflamme.    EDLES DESIGN  UNABH\u00c4NGIGKEIT  DOSIERKAPSELN\u00a015mm\u00a0\u00d8 - OPTIONAL  NAT\u00dcRLICH BEHANDELT  HANDLICH  EINFACH ZU PFLEGEN  HOCHWERTIGER EDELSTAHL  AUF WASSERFILTER ADAPTIERBAR  HAPTISCHES ERLEBNIS BEIM DAMPFEN  *Golden Middle - Laid BackSichere deinen Retrosteam, ob in Farbe oder Natur - das vielf\u00e4ltige Pfeifchen\u00a0f\u00fcr dichten Dampf. Der optimale Wasserfilter in handlicher Gr\u00f6\u00dfe. &nbsp;\" \/>\n<meta property=\"og:url\" content=\"https:\/\/retrosteam.de\/en\/product\/retrosteam-cubane-natur\/\" \/>\n<meta property=\"og:site_name\" content=\"Retrosteam\" \/>\n<meta property=\"article:publisher\" content=\"https:\/\/www.facebook.com\/p\/Retrosteam-100075849401979\/\" \/>\n<meta property=\"article:modified_time\" content=\"2026-03-06T12:54:32+00:00\" \/>\n<meta property=\"og:image\" content=\"https:\/\/retrosteam.de\/wp-content\/uploads\/2023\/12\/C-P4-1-scaled.webp\" \/>\n\t<meta property=\"og:image:width\" content=\"2560\" \/>\n\t<meta property=\"og:image:height\" content=\"2560\" \/>\n\t<meta property=\"og:image:type\" content=\"image\/webp\" \/>\n<meta name=\"twitter:card\" content=\"summary_large_image\" \/>\n<meta name=\"twitter:site\" content=\"@retrosteam_\" \/>\n<meta name=\"twitter:label1\" content=\"Est. reading time\" \/>\n\t<meta name=\"twitter:data1\" content=\"1 minute\" \/>\n<script type=\"application\/ld+json\" class=\"yoast-schema-graph\">{\"@context\":\"https:\\\/\\\/schema.org\",\"@graph\":[{\"@type\":\"WebPage\",\"@id\":\"https:\\\/\\\/retrosteam.de\\\/produkt\\\/retrosteam-cubane-natur\\\/\",\"url\":\"https:\\\/\\\/retrosteam.de\\\/produkt\\\/retrosteam-cubane-natur\\\/\",\"name\":\"Retrosteam Cuban * Natur - Retrosteam\",\"isPartOf\":{\"@id\":\"https:\\\/\\\/retrosteam.de\\\/#website\"},\"primaryImageOfPage\":{\"@id\":\"https:\\\/\\\/retrosteam.de\\\/produkt\\\/retrosteam-cubane-natur\\\/#primaryimage\"},\"image\":{\"@id\":\"https:\\\/\\\/retrosteam.de\\\/produkt\\\/retrosteam-cubane-natur\\\/#primaryimage\"},\"thumbnailUrl\":\"https:\\\/\\\/retrosteam.de\\\/wp-content\\\/uploads\\\/2023\\\/12\\\/C-P4-1-scaled.webp\",\"datePublished\":\"2026-03-03T15:09:08+00:00\",\"dateModified\":\"2026-03-06T12:54:32+00:00\",\"breadcrumb\":{\"@id\":\"https:\\\/\\\/retrosteam.de\\\/produkt\\\/retrosteam-cubane-natur\\\/#breadcrumb\"},\"inLanguage\":\"en-US\",\"potentialAction\":[{\"@type\":\"ReadAction\",\"target\":[\"https:\\\/\\\/retrosteam.de\\\/produkt\\\/retrosteam-cubane-natur\\\/\"]}]},{\"@type\":\"ImageObject\",\"inLanguage\":\"en-US\",\"@id\":\"https:\\\/\\\/retrosteam.de\\\/produkt\\\/retrosteam-cubane-natur\\\/#primaryimage\",\"url\":\"https:\\\/\\\/retrosteam.de\\\/wp-content\\\/uploads\\\/2023\\\/12\\\/C-P4-1-scaled.webp\",\"contentUrl\":\"https:\\\/\\\/retrosteam.de\\\/wp-content\\\/uploads\\\/2023\\\/12\\\/C-P4-1-scaled.webp\",\"width\":2560,\"height\":2560},{\"@type\":\"BreadcrumbList\",\"@id\":\"https:\\\/\\\/retrosteam.de\\\/produkt\\\/retrosteam-cubane-natur\\\/#breadcrumb\",\"itemListElement\":[{\"@type\":\"ListItem\",\"position\":1,\"name\":\"Startseite\",\"item\":\"https:\\\/\\\/retrosteam.de\\\/\"},{\"@type\":\"ListItem\",\"position\":2,\"name\":\"Store\",\"item\":\"https:\\\/\\\/retrosteam.de\\\/store\\\/\"},{\"@type\":\"ListItem\",\"position\":3,\"name\":\"Retrosteam Cuban * Natur\"}]},{\"@type\":\"WebSite\",\"@id\":\"https:\\\/\\\/retrosteam.de\\\/#website\",\"url\":\"https:\\\/\\\/retrosteam.de\\\/\",\"name\":\"Retrosteam\",\"description\":\"\",\"publisher\":{\"@id\":\"https:\\\/\\\/retrosteam.de\\\/#organization\"},\"potentialAction\":[{\"@type\":\"SearchAction\",\"target\":{\"@type\":\"EntryPoint\",\"urlTemplate\":\"https:\\\/\\\/retrosteam.de\\\/?s={search_term_string}\"},\"query-input\":{\"@type\":\"PropertyValueSpecification\",\"valueRequired\":true,\"valueName\":\"search_term_string\"}}],\"inLanguage\":\"en-US\"},{\"@type\":\"Organization\",\"@id\":\"https:\\\/\\\/retrosteam.de\\\/#organization\",\"name\":\"Retrosteam\",\"url\":\"https:\\\/\\\/retrosteam.de\\\/\",\"logo\":{\"@type\":\"ImageObject\",\"inLanguage\":\"en-US\",\"@id\":\"https:\\\/\\\/retrosteam.de\\\/#\\\/schema\\\/logo\\\/image\\\/\",\"url\":\"https:\\\/\\\/retrosteam.de\\\/wp-content\\\/uploads\\\/2023\\\/12\\\/cropped-retrosteam_favicon.jpg\",\"contentUrl\":\"https:\\\/\\\/retrosteam.de\\\/wp-content\\\/uploads\\\/2023\\\/12\\\/cropped-retrosteam_favicon.jpg\",\"width\":512,\"height\":512,\"caption\":\"Retrosteam\"},\"image\":{\"@id\":\"https:\\\/\\\/retrosteam.de\\\/#\\\/schema\\\/logo\\\/image\\\/\"},\"sameAs\":[\"https:\\\/\\\/www.facebook.com\\\/p\\\/Retrosteam-100075849401979\\\/\",\"https:\\\/\\\/x.com\\\/retrosteam_\",\"https:\\\/\\\/www.instagram.com\\\/retrosteam_offiziell\",\"https:\\\/\\\/www.youtube.com\\\/@retrosteam992\"]}]}<\/script>\n<!-- \/ Yoast SEO plugin. -->","yoast_head_json":{"title":"Retrosteam Cuban * Natur - Retrosteam","robots":{"index":"index","follow":"follow","max-snippet":"max-snippet:-1","max-image-preview":"max-image-preview:large","max-video-preview":"max-video-preview:-1"},"canonical":"https:\/\/retrosteam.de\/en\/product\/retrosteam-cubane-natur\/","og_locale":"en_US","og_type":"article","og_title":"Retrosteam Cuban * Natur - Retrosteam","og_description":"Ein herrlich naturbelassener Cuban *10cmx3cmx9,5cm - Das Z\u00fcndrohr l\u00e4sst sich herrausdrehen Du willst edles Design, besten Geschmack, Effektivit\u00e4t, fette Dampfwolken und das alles nachhaltig? Dann wirst du den Retrosteam Cuban lieben!Durch seine robuste Bauweise und dem System dahinter ist er ein treuer Begleiter! Auch dort wo kein Strom zu finden ist. Sorgf\u00e4ltig ausgesuchtes Holz wird CNC-gefr\u00e4st. Dieser Rohling w\u00e4chst in \u00fcber 20 Handarbeitsschritten zu einer modernen Pfeife heran. F\u00fcr den Retrosteam wird nur hochwertiger Edelstahl, der extrem hitzebest\u00e4ndig ist, verwendet. Dieser nicht rostende Stahl findet in der Lebensmittelindustrie wie auch der Medizin seine Anwendung.Die starken Magnete sorgen f\u00fcr einen sicheren Halt. Die Hitzekammer besitzt einen 14,5 Schliff, so kann der Aufsatz an einem Wasserfilter angebracht werden. Der Steam l\u00e4sst sich mit normalen handels\u00fcblichen Feuerzeugen dampfen, wie auch mit einer Jetflamme.    EDLES DESIGN  UNABH\u00c4NGIGKEIT  DOSIERKAPSELN\u00a015mm\u00a0\u00d8 - OPTIONAL  NAT\u00dcRLICH BEHANDELT  HANDLICH  EINFACH ZU PFLEGEN  HOCHWERTIGER EDELSTAHL  AUF WASSERFILTER ADAPTIERBAR  HAPTISCHES ERLEBNIS BEIM DAMPFEN  *Golden Middle - Laid BackSichere deinen Retrosteam, ob in Farbe oder Natur - das vielf\u00e4ltige Pfeifchen\u00a0f\u00fcr dichten Dampf. Der optimale Wasserfilter in handlicher Gr\u00f6\u00dfe. &nbsp;","og_url":"https:\/\/retrosteam.de\/en\/product\/retrosteam-cubane-natur\/","og_site_name":"Retrosteam","article_publisher":"https:\/\/www.facebook.com\/p\/Retrosteam-100075849401979\/","article_modified_time":"2026-03-06T12:54:32+00:00","og_image":[{"width":2560,"height":2560,"url":"https:\/\/retrosteam.de\/wp-content\/uploads\/2023\/12\/C-P4-1-scaled.webp","type":"image\/webp"}],"twitter_card":"summary_large_image","twitter_site":"@retrosteam_","twitter_misc":{"Est. reading time":"1 minute"},"schema":{"@context":"https:\/\/schema.org","@graph":[{"@type":"WebPage","@id":"https:\/\/retrosteam.de\/produkt\/retrosteam-cubane-natur\/","url":"https:\/\/retrosteam.de\/produkt\/retrosteam-cubane-natur\/","name":"Retrosteam Cuban * Natur - Retrosteam","isPartOf":{"@id":"https:\/\/retrosteam.de\/#website"},"primaryImageOfPage":{"@id":"https:\/\/retrosteam.de\/produkt\/retrosteam-cubane-natur\/#primaryimage"},"image":{"@id":"https:\/\/retrosteam.de\/produkt\/retrosteam-cubane-natur\/#primaryimage"},"thumbnailUrl":"https:\/\/retrosteam.de\/wp-content\/uploads\/2023\/12\/C-P4-1-scaled.webp","datePublished":"2026-03-03T15:09:08+00:00","dateModified":"2026-03-06T12:54:32+00:00","breadcrumb":{"@id":"https:\/\/retrosteam.de\/produkt\/retrosteam-cubane-natur\/#breadcrumb"},"inLanguage":"en-US","potentialAction":[{"@type":"ReadAction","target":["https:\/\/retrosteam.de\/produkt\/retrosteam-cubane-natur\/"]}]},{"@type":"ImageObject","inLanguage":"en-US","@id":"https:\/\/retrosteam.de\/produkt\/retrosteam-cubane-natur\/#primaryimage","url":"https:\/\/retrosteam.de\/wp-content\/uploads\/2023\/12\/C-P4-1-scaled.webp","contentUrl":"https:\/\/retrosteam.de\/wp-content\/uploads\/2023\/12\/C-P4-1-scaled.webp","width":2560,"height":2560},{"@type":"BreadcrumbList","@id":"https:\/\/retrosteam.de\/produkt\/retrosteam-cubane-natur\/#breadcrumb","itemListElement":[{"@type":"ListItem","position":1,"name":"Startseite","item":"https:\/\/retrosteam.de\/"},{"@type":"ListItem","position":2,"name":"Store","item":"https:\/\/retrosteam.de\/store\/"},{"@type":"ListItem","position":3,"name":"Retrosteam Cuban * Natur"}]},{"@type":"WebSite","@id":"https:\/\/retrosteam.de\/#website","url":"https:\/\/retrosteam.de\/","name":"Retrosteam","description":"","publisher":{"@id":"https:\/\/retrosteam.de\/#organization"},"potentialAction":[{"@type":"SearchAction","target":{"@type":"EntryPoint","urlTemplate":"https:\/\/retrosteam.de\/?s={search_term_string}"},"query-input":{"@type":"PropertyValueSpecification","valueRequired":true,"valueName":"search_term_string"}}],"inLanguage":"en-US"},{"@type":"Organization","@id":"https:\/\/retrosteam.de\/#organization","name":"Retrosteam","url":"https:\/\/retrosteam.de\/","logo":{"@type":"ImageObject","inLanguage":"en-US","@id":"https:\/\/retrosteam.de\/#\/schema\/logo\/image\/","url":"https:\/\/retrosteam.de\/wp-content\/uploads\/2023\/12\/cropped-retrosteam_favicon.jpg","contentUrl":"https:\/\/retrosteam.de\/wp-content\/uploads\/2023\/12\/cropped-retrosteam_favicon.jpg","width":512,"height":512,"caption":"Retrosteam"},"image":{"@id":"https:\/\/retrosteam.de\/#\/schema\/logo\/image\/"},"sameAs":["https:\/\/www.facebook.com\/p\/Retrosteam-100075849401979\/","https:\/\/x.com\/retrosteam_","https:\/\/www.instagram.com\/retrosteam_offiziell","https:\/\/www.youtube.com\/@retrosteam992"]}]}},"_links":{"self":[{"href":"https:\/\/retrosteam.de\/en\/wp-json\/wp\/v2\/product\/6035","targetHints":{"allow":["GET"]}}],"collection":[{"href":"https:\/\/retrosteam.de\/en\/wp-json\/wp\/v2\/product"}],"about":[{"href":"https:\/\/retrosteam.de\/en\/wp-json\/wp\/v2\/types\/product"}],"replies":[{"embeddable":true,"href":"https:\/\/retrosteam.de\/en\/wp-json\/wp\/v2\/comments?post=6035"}],"version-history":[{"count":2,"href":"https:\/\/retrosteam.de\/en\/wp-json\/wp\/v2\/product\/6035\/revisions"}],"predecessor-version":[{"id":6117,"href":"https:\/\/retrosteam.de\/en\/wp-json\/wp\/v2\/product\/6035\/revisions\/6117"}],"wp:featuredmedia":[{"embeddable":true,"href":"https:\/\/retrosteam.de\/en\/wp-json\/wp\/v2\/media\/4846"}],"wp:attachment":[{"href":"https:\/\/retrosteam.de\/en\/wp-json\/wp\/v2\/media?parent=6035"}],"wp:term":[{"taxonomy":"product_brand","embeddable":true,"href":"https:\/\/retrosteam.de\/en\/wp-json\/wp\/v2\/product_brand?post=6035"},{"taxonomy":"product_cat","embeddable":true,"href":"https:\/\/retrosteam.de\/en\/wp-json\/wp\/v2\/product_cat?post=6035"},{"taxonomy":"product_tag","embeddable":true,"href":"https:\/\/retrosteam.de\/en\/wp-json\/wp\/v2\/product_tag?post=6035"}],"curies":[{"name":"wp","href":"https:\/\/api.w.org\/{rel}","templated":true}]}}