{"id":5999,"date":"2025-12-02T15:01:10","date_gmt":"2025-12-02T14:01:10","guid":{"rendered":"https:\/\/retrosteam.de\/?post_type=product&#038;p=5999"},"modified":"2026-02-13T11:38:32","modified_gmt":"2026-02-13T10:38:32","slug":"retrosteam-orbis-2","status":"publish","type":"product","link":"https:\/\/retrosteam.de\/en\/product\/retrosteam-orbis-2\/","title":{"rendered":"Retrosteam Orbis"},"content":{"rendered":"","protected":false},"excerpt":{"rendered":"<p>Ein herrlich naturbelassener Orbis.<\/p>\n<p><span class=\"is-markup\" data-markup=\"italic\"> Das Z\u00fcndrohr l\u00e4sst sich herausdrehen<\/span><\/p>\n<p>Do you want elegant design, the best taste, effectiveness, fat clouds of vapor and all of this sustainably?<br \/>\nDann wirst du den Retrosteam Orbis lieben!<br \/>\nDurch seine robuste Bauweise und das System dahinter ist er ein treuer Begleiter \u2013 auch dort, wo kein Strom zu finden ist. Sorgf\u00e4ltig ausgesuchtes Holz wird an der Drechselbank in Handarbeit bearbeitet. Dieser Rohling w\u00e4chst in \u00fcber 20 Handarbeitsschritten zu einer modernen Pfeife heran.<\/p>\n<p>F\u00fcr den Retrosteam wird nur hochwertiger Edelstahl verwendet, der extrem hitzebest\u00e4ndig ist. Dieser nicht rostende Stahl findet in der Lebensmittelindustrie wie auch der Medizin seine Anwendung.<\/p>\n<p>Der starke Magnete sorgen f\u00fcr einen sicheren Halt. Die Hitzekammer besitzt einen 14,5er Schliff, so kann der Aufsatz an einem Wasserfilter angebracht werden. Der Steam l\u00e4sst sich mit normalen handels\u00fcblichen Feuerzeugen dampfen, wie auch mit einer Jetflamme.<\/p>\n<p>\u2022 EDLES DESIGN<br \/>\n\u2022 UNABH\u00c4NGIGKEIT<br \/>\n\u2022 DOSIERKAPSELN 15 mm \u00d8 \u2013 OPTIONAL<br \/>\n\u2022 NAT\u00dcRLICH BEHANDELT<br \/>\n\u2022 HANDLICH<br \/>\n\u2022 EINFACH ZU PFLEGEN<br \/>\n\u2022 HOCHWERTIGER EDELSTAHL<br \/>\n\u2022 AUF WASSERFILTER ADAPTIERBAR<br \/>\n\u2022 HAPTISCHES ERLEBNIS BEIM DAMPFEN<\/p>\n<p><span class=\"is-markup\" data-markup=\"italic\">Golden Middle \u2013 Laid Back<\/span><\/p>\n<p>Sichere dir deinen Retrosteam Orbis, ob in Farbe oder Natur \u2013 das vielf\u00e4ltige Pfeifchen f\u00fcr dichten Dampf.<\/p>\n<p>&nbsp;<\/p>\n<p><strong data-sanitized-data-mce-fragment=\"1\"><img fetchpriority=\"high\" decoding=\"async\" src=\"https:\/\/cdn.shopify.com\/s\/files\/1\/0529\/7966\/3004\/files\/Made-in-Germany-Logo-www.german-ma.de_72dpi_480x480.png?v=1621430068\" alt=\"\" width=\"802\" height=\"127\" data-sanitized-data-mce-fragment=\"1\" data-sanitized-data-mce-src=\"https:\/\/cdn.shopify.com\/s\/files\/1\/0529\/7966\/3004\/files\/Made-in-Germany-Logo-www.german-ma.de_72dpi_480x480.png?v=1621430068\" \/><\/strong><\/p>","protected":false},"featured_media":5997,"comment_status":"open","ping_status":"closed","template":"","meta":{"site-sidebar-layout":"default","site-content-layout":"","ast-site-content-layout":"default","site-content-style":"default","site-sidebar-style":"default","ast-global-header-display":"","ast-banner-title-visibility":"","ast-main-header-display":"","ast-hfb-above-header-display":"","ast-hfb-below-header-display":"","ast-hfb-mobile-header-display":"","site-post-title":"","ast-breadcrumbs-content":"","ast-featured-img":"","footer-sml-layout":"","ast-disable-related-posts":"","theme-transparent-header-meta":"default","adv-header-id-meta":"","stick-header-meta":"default","header-above-stick-meta":"","header-main-stick-meta":"","header-below-stick-meta":"","astra-migrate-meta-layouts":"set","ast-page-background-enabled":"default","ast-page-background-meta":{"desktop":{"background-color":"","background-image":"","background-repeat":"repeat","background-position":"center center","background-size":"auto","background-attachment":"scroll","background-type":"","background-media":"","overlay-type":"","overlay-color":"","overlay-opacity":"","overlay-gradient":""},"tablet":{"background-color":"","background-image":"","background-repeat":"repeat","background-position":"center center","background-size":"auto","background-attachment":"scroll","background-type":"","background-media":"","overlay-type":"","overlay-color":"","overlay-opacity":"","overlay-gradient":""},"mobile":{"background-color":"","background-image":"","background-repeat":"repeat","background-position":"center center","background-size":"auto","background-attachment":"scroll","background-type":"","background-media":"","overlay-type":"","overlay-color":"","overlay-opacity":"","overlay-gradient":""}},"ast-content-background-meta":{"desktop":{"background-color":"var(--ast-global-color-5)","background-image":"","background-repeat":"repeat","background-position":"center center","background-size":"auto","background-attachment":"scroll","background-type":"","background-media":"","overlay-type":"","overlay-color":"","overlay-opacity":"","overlay-gradient":""},"tablet":{"background-color":"var(--ast-global-color-5)","background-image":"","background-repeat":"repeat","background-position":"center center","background-size":"auto","background-attachment":"scroll","background-type":"","background-media":"","overlay-type":"","overlay-color":"","overlay-opacity":"","overlay-gradient":""},"mobile":{"background-color":"var(--ast-global-color-5)","background-image":"","background-repeat":"repeat","background-position":"center center","background-size":"auto","background-attachment":"scroll","background-type":"","background-media":"","overlay-type":"","overlay-color":"","overlay-opacity":"","overlay-gradient":""}}},"product_brand":[],"product_cat":[63],"product_tag":[],"class_list":{"0":"post-5999","1":"product","2":"type-product","3":"status-publish","4":"has-post-thumbnail","6":"product_cat-manufakturarbeit-2","7":"desktop-align-left","8":"tablet-align-left","9":"mobile-align-left","10":"ast-product-gallery-layout-horizontal-slider","11":"ast-product-gallery-with-no-image","12":"ast-magnify-disabled","13":"ast-product-tabs-layout-horizontal","15":"first","16":"outofstock","17":"shipping-taxable","18":"purchasable","19":"product-type-simple"},"yoast_head":"<!-- This site is optimized with the Yoast SEO plugin v27.4 - https:\/\/yoast.com\/product\/yoast-seo-wordpress\/ -->\n<title>Retrosteam Orbis - Retrosteam<\/title>\n<meta name=\"robots\" content=\"index, follow, max-snippet:-1, max-image-preview:large, max-video-preview:-1\" \/>\n<link rel=\"canonical\" href=\"https:\/\/retrosteam.de\/en\/product\/retrosteam-orbis-2\/\" \/>\n<meta property=\"og:locale\" content=\"en_US\" \/>\n<meta property=\"og:type\" content=\"article\" \/>\n<meta property=\"og:title\" content=\"Retrosteam Orbis - Retrosteam\" \/>\n<meta property=\"og:description\" content=\"Ein herrlich naturbelassener Orbis.   Das Z\u00fcndrohr l\u00e4sst sich herausdrehen  Du willst edles Design, besten Geschmack, Effektivit\u00e4t, fette Dampfwolken und das alles nachhaltig? Dann wirst du den Retrosteam Orbis lieben! Durch seine robuste Bauweise und das System dahinter ist er ein treuer Begleiter \u2013 auch dort, wo kein Strom zu finden ist. Sorgf\u00e4ltig ausgesuchtes Holz wird an der Drechselbank in Handarbeit bearbeitet. Dieser Rohling w\u00e4chst in \u00fcber 20 Handarbeitsschritten zu einer modernen Pfeife heran.  F\u00fcr den Retrosteam wird nur hochwertiger Edelstahl verwendet, der extrem hitzebest\u00e4ndig ist. Dieser nicht rostende Stahl findet in der Lebensmittelindustrie wie auch der Medizin seine Anwendung.  Der starke Magnete sorgen f\u00fcr einen sicheren Halt. Die Hitzekammer besitzt einen 14,5er Schliff, so kann der Aufsatz an einem Wasserfilter angebracht werden. Der Steam l\u00e4sst sich mit normalen handels\u00fcblichen Feuerzeugen dampfen, wie auch mit einer Jetflamme.  \u2022 EDLES DESIGN \u2022 UNABH\u00c4NGIGKEIT \u2022 DOSIERKAPSELN 15 mm \u00d8 \u2013 OPTIONAL \u2022 NAT\u00dcRLICH BEHANDELT \u2022 HANDLICH \u2022 EINFACH ZU PFLEGEN \u2022 HOCHWERTIGER EDELSTAHL \u2022 AUF WASSERFILTER ADAPTIERBAR \u2022 HAPTISCHES ERLEBNIS BEIM DAMPFEN  Golden Middle \u2013 Laid Back  Sichere dir deinen Retrosteam Orbis, ob in Farbe oder Natur \u2013 das vielf\u00e4ltige Pfeifchen f\u00fcr dichten Dampf.  &nbsp;\" \/>\n<meta property=\"og:url\" content=\"https:\/\/retrosteam.de\/en\/product\/retrosteam-orbis-2\/\" \/>\n<meta property=\"og:site_name\" content=\"Retrosteam\" \/>\n<meta property=\"article:publisher\" content=\"https:\/\/www.facebook.com\/p\/Retrosteam-100075849401979\/\" \/>\n<meta property=\"article:modified_time\" content=\"2026-02-13T10:38:32+00:00\" \/>\n<meta property=\"og:image\" content=\"https:\/\/retrosteam.de\/wp-content\/uploads\/2025\/12\/no-cup-scaled.png\" \/>\n\t<meta property=\"og:image:width\" content=\"2560\" \/>\n\t<meta property=\"og:image:height\" content=\"2560\" \/>\n\t<meta property=\"og:image:type\" content=\"image\/png\" \/>\n<meta name=\"twitter:card\" content=\"summary_large_image\" \/>\n<meta name=\"twitter:site\" content=\"@retrosteam_\" \/>\n<meta name=\"twitter:label1\" content=\"Est. reading time\" \/>\n\t<meta name=\"twitter:data1\" content=\"1 minute\" \/>\n<script type=\"application\/ld+json\" class=\"yoast-schema-graph\">{\"@context\":\"https:\\\/\\\/schema.org\",\"@graph\":[{\"@type\":\"WebPage\",\"@id\":\"https:\\\/\\\/retrosteam.de\\\/produkt\\\/retrosteam-orbis-2\\\/\",\"url\":\"https:\\\/\\\/retrosteam.de\\\/produkt\\\/retrosteam-orbis-2\\\/\",\"name\":\"Retrosteam Orbis - Retrosteam\",\"isPartOf\":{\"@id\":\"https:\\\/\\\/retrosteam.de\\\/#website\"},\"primaryImageOfPage\":{\"@id\":\"https:\\\/\\\/retrosteam.de\\\/produkt\\\/retrosteam-orbis-2\\\/#primaryimage\"},\"image\":{\"@id\":\"https:\\\/\\\/retrosteam.de\\\/produkt\\\/retrosteam-orbis-2\\\/#primaryimage\"},\"thumbnailUrl\":\"https:\\\/\\\/retrosteam.de\\\/wp-content\\\/uploads\\\/2025\\\/12\\\/no-cup-scaled.png\",\"datePublished\":\"2025-12-02T14:01:10+00:00\",\"dateModified\":\"2026-02-13T10:38:32+00:00\",\"breadcrumb\":{\"@id\":\"https:\\\/\\\/retrosteam.de\\\/produkt\\\/retrosteam-orbis-2\\\/#breadcrumb\"},\"inLanguage\":\"en-US\",\"potentialAction\":[{\"@type\":\"ReadAction\",\"target\":[\"https:\\\/\\\/retrosteam.de\\\/produkt\\\/retrosteam-orbis-2\\\/\"]}]},{\"@type\":\"ImageObject\",\"inLanguage\":\"en-US\",\"@id\":\"https:\\\/\\\/retrosteam.de\\\/produkt\\\/retrosteam-orbis-2\\\/#primaryimage\",\"url\":\"https:\\\/\\\/retrosteam.de\\\/wp-content\\\/uploads\\\/2025\\\/12\\\/no-cup-scaled.png\",\"contentUrl\":\"https:\\\/\\\/retrosteam.de\\\/wp-content\\\/uploads\\\/2025\\\/12\\\/no-cup-scaled.png\",\"width\":2560,\"height\":2560},{\"@type\":\"BreadcrumbList\",\"@id\":\"https:\\\/\\\/retrosteam.de\\\/produkt\\\/retrosteam-orbis-2\\\/#breadcrumb\",\"itemListElement\":[{\"@type\":\"ListItem\",\"position\":1,\"name\":\"Startseite\",\"item\":\"https:\\\/\\\/retrosteam.de\\\/\"},{\"@type\":\"ListItem\",\"position\":2,\"name\":\"Store\",\"item\":\"https:\\\/\\\/retrosteam.de\\\/store\\\/\"},{\"@type\":\"ListItem\",\"position\":3,\"name\":\"Retrosteam Orbis\"}]},{\"@type\":\"WebSite\",\"@id\":\"https:\\\/\\\/retrosteam.de\\\/#website\",\"url\":\"https:\\\/\\\/retrosteam.de\\\/\",\"name\":\"Retrosteam\",\"description\":\"\",\"publisher\":{\"@id\":\"https:\\\/\\\/retrosteam.de\\\/#organization\"},\"potentialAction\":[{\"@type\":\"SearchAction\",\"target\":{\"@type\":\"EntryPoint\",\"urlTemplate\":\"https:\\\/\\\/retrosteam.de\\\/?s={search_term_string}\"},\"query-input\":{\"@type\":\"PropertyValueSpecification\",\"valueRequired\":true,\"valueName\":\"search_term_string\"}}],\"inLanguage\":\"en-US\"},{\"@type\":\"Organization\",\"@id\":\"https:\\\/\\\/retrosteam.de\\\/#organization\",\"name\":\"Retrosteam\",\"url\":\"https:\\\/\\\/retrosteam.de\\\/\",\"logo\":{\"@type\":\"ImageObject\",\"inLanguage\":\"en-US\",\"@id\":\"https:\\\/\\\/retrosteam.de\\\/#\\\/schema\\\/logo\\\/image\\\/\",\"url\":\"https:\\\/\\\/retrosteam.de\\\/wp-content\\\/uploads\\\/2023\\\/12\\\/cropped-retrosteam_favicon.jpg\",\"contentUrl\":\"https:\\\/\\\/retrosteam.de\\\/wp-content\\\/uploads\\\/2023\\\/12\\\/cropped-retrosteam_favicon.jpg\",\"width\":512,\"height\":512,\"caption\":\"Retrosteam\"},\"image\":{\"@id\":\"https:\\\/\\\/retrosteam.de\\\/#\\\/schema\\\/logo\\\/image\\\/\"},\"sameAs\":[\"https:\\\/\\\/www.facebook.com\\\/p\\\/Retrosteam-100075849401979\\\/\",\"https:\\\/\\\/x.com\\\/retrosteam_\",\"https:\\\/\\\/www.instagram.com\\\/retrosteam_offiziell\",\"https:\\\/\\\/www.youtube.com\\\/@retrosteam992\"]}]}<\/script>\n<!-- \/ Yoast SEO plugin. -->","yoast_head_json":{"title":"Retrosteam Orbis - Retrosteam","robots":{"index":"index","follow":"follow","max-snippet":"max-snippet:-1","max-image-preview":"max-image-preview:large","max-video-preview":"max-video-preview:-1"},"canonical":"https:\/\/retrosteam.de\/en\/product\/retrosteam-orbis-2\/","og_locale":"en_US","og_type":"article","og_title":"Retrosteam Orbis - Retrosteam","og_description":"Ein herrlich naturbelassener Orbis.   Das Z\u00fcndrohr l\u00e4sst sich herausdrehen  Du willst edles Design, besten Geschmack, Effektivit\u00e4t, fette Dampfwolken und das alles nachhaltig? Dann wirst du den Retrosteam Orbis lieben! Durch seine robuste Bauweise und das System dahinter ist er ein treuer Begleiter \u2013 auch dort, wo kein Strom zu finden ist. Sorgf\u00e4ltig ausgesuchtes Holz wird an der Drechselbank in Handarbeit bearbeitet. Dieser Rohling w\u00e4chst in \u00fcber 20 Handarbeitsschritten zu einer modernen Pfeife heran.  F\u00fcr den Retrosteam wird nur hochwertiger Edelstahl verwendet, der extrem hitzebest\u00e4ndig ist. Dieser nicht rostende Stahl findet in der Lebensmittelindustrie wie auch der Medizin seine Anwendung.  Der starke Magnete sorgen f\u00fcr einen sicheren Halt. Die Hitzekammer besitzt einen 14,5er Schliff, so kann der Aufsatz an einem Wasserfilter angebracht werden. Der Steam l\u00e4sst sich mit normalen handels\u00fcblichen Feuerzeugen dampfen, wie auch mit einer Jetflamme.  \u2022 EDLES DESIGN \u2022 UNABH\u00c4NGIGKEIT \u2022 DOSIERKAPSELN 15 mm \u00d8 \u2013 OPTIONAL \u2022 NAT\u00dcRLICH BEHANDELT \u2022 HANDLICH \u2022 EINFACH ZU PFLEGEN \u2022 HOCHWERTIGER EDELSTAHL \u2022 AUF WASSERFILTER ADAPTIERBAR \u2022 HAPTISCHES ERLEBNIS BEIM DAMPFEN  Golden Middle \u2013 Laid Back  Sichere dir deinen Retrosteam Orbis, ob in Farbe oder Natur \u2013 das vielf\u00e4ltige Pfeifchen f\u00fcr dichten Dampf.  &nbsp;","og_url":"https:\/\/retrosteam.de\/en\/product\/retrosteam-orbis-2\/","og_site_name":"Retrosteam","article_publisher":"https:\/\/www.facebook.com\/p\/Retrosteam-100075849401979\/","article_modified_time":"2026-02-13T10:38:32+00:00","og_image":[{"width":2560,"height":2560,"url":"https:\/\/retrosteam.de\/wp-content\/uploads\/2025\/12\/no-cup-scaled.png","type":"image\/png"}],"twitter_card":"summary_large_image","twitter_site":"@retrosteam_","twitter_misc":{"Est. reading time":"1 minute"},"schema":{"@context":"https:\/\/schema.org","@graph":[{"@type":"WebPage","@id":"https:\/\/retrosteam.de\/produkt\/retrosteam-orbis-2\/","url":"https:\/\/retrosteam.de\/produkt\/retrosteam-orbis-2\/","name":"Retrosteam Orbis - Retrosteam","isPartOf":{"@id":"https:\/\/retrosteam.de\/#website"},"primaryImageOfPage":{"@id":"https:\/\/retrosteam.de\/produkt\/retrosteam-orbis-2\/#primaryimage"},"image":{"@id":"https:\/\/retrosteam.de\/produkt\/retrosteam-orbis-2\/#primaryimage"},"thumbnailUrl":"https:\/\/retrosteam.de\/wp-content\/uploads\/2025\/12\/no-cup-scaled.png","datePublished":"2025-12-02T14:01:10+00:00","dateModified":"2026-02-13T10:38:32+00:00","breadcrumb":{"@id":"https:\/\/retrosteam.de\/produkt\/retrosteam-orbis-2\/#breadcrumb"},"inLanguage":"en-US","potentialAction":[{"@type":"ReadAction","target":["https:\/\/retrosteam.de\/produkt\/retrosteam-orbis-2\/"]}]},{"@type":"ImageObject","inLanguage":"en-US","@id":"https:\/\/retrosteam.de\/produkt\/retrosteam-orbis-2\/#primaryimage","url":"https:\/\/retrosteam.de\/wp-content\/uploads\/2025\/12\/no-cup-scaled.png","contentUrl":"https:\/\/retrosteam.de\/wp-content\/uploads\/2025\/12\/no-cup-scaled.png","width":2560,"height":2560},{"@type":"BreadcrumbList","@id":"https:\/\/retrosteam.de\/produkt\/retrosteam-orbis-2\/#breadcrumb","itemListElement":[{"@type":"ListItem","position":1,"name":"Startseite","item":"https:\/\/retrosteam.de\/"},{"@type":"ListItem","position":2,"name":"Store","item":"https:\/\/retrosteam.de\/store\/"},{"@type":"ListItem","position":3,"name":"Retrosteam Orbis"}]},{"@type":"WebSite","@id":"https:\/\/retrosteam.de\/#website","url":"https:\/\/retrosteam.de\/","name":"Retrosteam","description":"","publisher":{"@id":"https:\/\/retrosteam.de\/#organization"},"potentialAction":[{"@type":"SearchAction","target":{"@type":"EntryPoint","urlTemplate":"https:\/\/retrosteam.de\/?s={search_term_string}"},"query-input":{"@type":"PropertyValueSpecification","valueRequired":true,"valueName":"search_term_string"}}],"inLanguage":"en-US"},{"@type":"Organization","@id":"https:\/\/retrosteam.de\/#organization","name":"Retrosteam","url":"https:\/\/retrosteam.de\/","logo":{"@type":"ImageObject","inLanguage":"en-US","@id":"https:\/\/retrosteam.de\/#\/schema\/logo\/image\/","url":"https:\/\/retrosteam.de\/wp-content\/uploads\/2023\/12\/cropped-retrosteam_favicon.jpg","contentUrl":"https:\/\/retrosteam.de\/wp-content\/uploads\/2023\/12\/cropped-retrosteam_favicon.jpg","width":512,"height":512,"caption":"Retrosteam"},"image":{"@id":"https:\/\/retrosteam.de\/#\/schema\/logo\/image\/"},"sameAs":["https:\/\/www.facebook.com\/p\/Retrosteam-100075849401979\/","https:\/\/x.com\/retrosteam_","https:\/\/www.instagram.com\/retrosteam_offiziell","https:\/\/www.youtube.com\/@retrosteam992"]}]}},"_links":{"self":[{"href":"https:\/\/retrosteam.de\/en\/wp-json\/wp\/v2\/product\/5999","targetHints":{"allow":["GET"]}}],"collection":[{"href":"https:\/\/retrosteam.de\/en\/wp-json\/wp\/v2\/product"}],"about":[{"href":"https:\/\/retrosteam.de\/en\/wp-json\/wp\/v2\/types\/product"}],"replies":[{"embeddable":true,"href":"https:\/\/retrosteam.de\/en\/wp-json\/wp\/v2\/comments?post=5999"}],"version-history":[{"count":1,"href":"https:\/\/retrosteam.de\/en\/wp-json\/wp\/v2\/product\/5999\/revisions"}],"predecessor-version":[{"id":6017,"href":"https:\/\/retrosteam.de\/en\/wp-json\/wp\/v2\/product\/5999\/revisions\/6017"}],"wp:featuredmedia":[{"embeddable":true,"href":"https:\/\/retrosteam.de\/en\/wp-json\/wp\/v2\/media\/5997"}],"wp:attachment":[{"href":"https:\/\/retrosteam.de\/en\/wp-json\/wp\/v2\/media?parent=5999"}],"wp:term":[{"taxonomy":"product_brand","embeddable":true,"href":"https:\/\/retrosteam.de\/en\/wp-json\/wp\/v2\/product_brand?post=5999"},{"taxonomy":"product_cat","embeddable":true,"href":"https:\/\/retrosteam.de\/en\/wp-json\/wp\/v2\/product_cat?post=5999"},{"taxonomy":"product_tag","embeddable":true,"href":"https:\/\/retrosteam.de\/en\/wp-json\/wp\/v2\/product_tag?post=5999"}],"curies":[{"name":"wp","href":"https:\/\/api.w.org\/{rel}","templated":true}]}}