{"id":5974,"date":"2025-10-06T13:53:04","date_gmt":"2025-10-06T11:53:04","guid":{"rendered":"https:\/\/retrosteam.de\/?post_type=product&#038;p=5974"},"modified":"2025-12-16T15:20:01","modified_gmt":"2025-12-16T14:20:01","slug":"sticksteam-kambala-hard-poplar","status":"publish","type":"product","link":"https:\/\/retrosteam.de\/en\/product\/sticksteam-kambala-hard-poplar\/","title":{"rendered":"Sticksteam *Kambala \u2013 hard poplar"},"content":{"rendered":"","protected":false},"excerpt":{"rendered":"<p data-sanitized-data-mce-fragment=\"1\"><strong data-sanitized-data-mce-fragment=\"1\">Do you want elegant design, the best taste, effectiveness, fat clouds of vapor and all of this sustainably?<\/strong><\/p>\n<p data-sanitized-data-mce-fragment=\"1\">The Sticksteam is the perfect vape for a hit in between. Thanks to its simple plug-in connection and the herb chamber at the top, the stick is super easy to fill. The vaporizer comes in a simple, straight design, so it disappears into any pocket. The chamber is smaller than the usual metal chambers.<\/p>\n<p data-sanitized-data-mce-fragment=\"1\">We recommend placing standard 8 mm organic filters in the mouthpiece. The Steam can be vaporized with normal, commercially available lighters, as well as with wax cords or a jet flame.<\/p>\n<p data-sanitized-data-mce-fragment=\"1\">*<em data-sanitized-data-mce-fragment=\"1\">Optionally also with wooden mouthpiece or a longer mouthpiece - The ignition tube can be unscrewed<br \/>\n<\/em><\/p>\n<h6 class=\"public-DraftStyleDefault-block public-DraftStyleDefault-ltr translation-block\" data-offset-key=\"9fdh2-0-0\" data-sanitized-data-offset-key=\"9fdh2-0-0\" data-sanitized-data-mce-fragment=\"1\">Product may turn out differently than in the photo due to the different wood grain.<\/h6>\n<p data-sanitized-data-mce-fragment=\"1\" class=\"translation-block\">* Direct Hit\n\nSTYLISH DESIGN\nINDEPENDENCE\nEASY TO STORE\nNATURALLY TREATED\nHANDY\nEASY TO MAINTAIN\nQUICK TO FILL\nADAPTABLE TO WATER FILTERS\nHAPTIC EXPERIENCE WHEN VAPING<\/p>\n<p data-sanitized-data-mce-fragment=\"1\"><strong data-sanitized-data-mce-fragment=\"1\">The Sticksteam - for a quick vape in between. <\/strong><\/p>\n<p data-sanitized-data-mce-fragment=\"1\"><strong data-sanitized-data-mce-fragment=\"1\"><img fetchpriority=\"high\" decoding=\"async\" src=\"https:\/\/cdn.shopify.com\/s\/files\/1\/0529\/7966\/3004\/files\/Made-in-Germany-Logo-www.german-ma.de_72dpi_480x480.png?v=1621430068\" alt=\"\" width=\"802\" height=\"127\" data-sanitized-data-mce-fragment=\"1\" data-sanitized-data-mce-src=\"https:\/\/cdn.shopify.com\/s\/files\/1\/0529\/7966\/3004\/files\/Made-in-Germany-Logo-www.german-ma.de_72dpi_480x480.png?v=1621430068\" \/><\/strong><\/p>","protected":false},"featured_media":5978,"comment_status":"open","ping_status":"closed","template":"","meta":{"site-sidebar-layout":"default","site-content-layout":"","ast-site-content-layout":"default","site-content-style":"default","site-sidebar-style":"default","ast-global-header-display":"","ast-banner-title-visibility":"","ast-main-header-display":"","ast-hfb-above-header-display":"","ast-hfb-below-header-display":"","ast-hfb-mobile-header-display":"","site-post-title":"","ast-breadcrumbs-content":"","ast-featured-img":"","footer-sml-layout":"","ast-disable-related-posts":"","theme-transparent-header-meta":"default","adv-header-id-meta":"","stick-header-meta":"default","header-above-stick-meta":"","header-main-stick-meta":"","header-below-stick-meta":"","astra-migrate-meta-layouts":"set","ast-page-background-enabled":"default","ast-page-background-meta":{"desktop":{"background-color":"","background-image":"","background-repeat":"repeat","background-position":"center center","background-size":"auto","background-attachment":"scroll","background-type":"","background-media":"","overlay-type":"","overlay-color":"","overlay-opacity":"","overlay-gradient":""},"tablet":{"background-color":"","background-image":"","background-repeat":"repeat","background-position":"center center","background-size":"auto","background-attachment":"scroll","background-type":"","background-media":"","overlay-type":"","overlay-color":"","overlay-opacity":"","overlay-gradient":""},"mobile":{"background-color":"","background-image":"","background-repeat":"repeat","background-position":"center center","background-size":"auto","background-attachment":"scroll","background-type":"","background-media":"","overlay-type":"","overlay-color":"","overlay-opacity":"","overlay-gradient":""}},"ast-content-background-meta":{"desktop":{"background-color":"var(--ast-global-color-5)","background-image":"","background-repeat":"repeat","background-position":"center center","background-size":"auto","background-attachment":"scroll","background-type":"","background-media":"","overlay-type":"","overlay-color":"","overlay-opacity":"","overlay-gradient":""},"tablet":{"background-color":"var(--ast-global-color-5)","background-image":"","background-repeat":"repeat","background-position":"center center","background-size":"auto","background-attachment":"scroll","background-type":"","background-media":"","overlay-type":"","overlay-color":"","overlay-opacity":"","overlay-gradient":""},"mobile":{"background-color":"var(--ast-global-color-5)","background-image":"","background-repeat":"repeat","background-position":"center center","background-size":"auto","background-attachment":"scroll","background-type":"","background-media":"","overlay-type":"","overlay-color":"","overlay-opacity":"","overlay-gradient":""}}},"product_brand":[],"product_cat":[62],"product_tag":[],"class_list":{"0":"post-5974","1":"product","2":"type-product","3":"status-publish","4":"has-post-thumbnail","6":"product_cat-manufakturarbeit","7":"desktop-align-left","8":"tablet-align-left","9":"mobile-align-left","10":"ast-product-gallery-layout-horizontal-slider","11":"ast-product-gallery-with-no-image","12":"ast-magnify-disabled","13":"ast-product-tabs-layout-horizontal","15":"first","16":"outofstock","17":"shipping-taxable","18":"purchasable","19":"product-type-simple"},"yoast_head":"<!-- This site is optimized with the Yoast SEO plugin v27.4 - https:\/\/yoast.com\/product\/yoast-seo-wordpress\/ -->\n<title>Sticksteam *Kambala \u2013 hard poplar - Retrosteam<\/title>\n<meta name=\"robots\" content=\"index, follow, max-snippet:-1, max-image-preview:large, max-video-preview:-1\" \/>\n<link rel=\"canonical\" href=\"https:\/\/retrosteam.de\/en\/product\/sticksteam-kambala-hard-poplar\/\" \/>\n<meta property=\"og:locale\" content=\"en_US\" \/>\n<meta property=\"og:type\" content=\"article\" \/>\n<meta property=\"og:title\" content=\"Sticksteam *Kambala \u2013 hard poplar - Retrosteam\" \/>\n<meta property=\"og:description\" content=\"Du willst edles Design, besten Geschmack, Effektivit\u00e4t, fette Dampfwolken und das alles nachhaltig? Der Sticksteam ist der perfekte Vapo f\u00fcr den Hit zwischendurch. Durch seine einfache Steckverbindung und der oben liegenden Kr\u00e4uterkammer kann man den Stick super leicht bef\u00fcllen. Der Vaporizer kommt im schlichten geraden Design daher, so verschwindet er in jeder Tasche. Die Kammer ist kleiner als bei den \u00fcblichen Metallkammern. Wir empfehlen handels\u00fcbliche Organic Filter in 8mm im Mundst\u00fcck zu platzieren. Der Steam l\u00e4sst sich mit normalen, handels\u00fcblichen Feuerzeugen dampfen, wie auch mit Wachsschn\u00fcre oder einer Jetflamme. *Optional auch mit Holzmundst\u00fcck oder einem l\u00e4ngeren Mundst\u00fcck - Das Z\u00fcndrohr l\u00e4sst sich herrausdrehen   Produkt kann aufgrund der unterschiedlichen Holzmaserung anders als auf den Foto ausfallen. * Direct HitEDLES DESIGNUNABH\u00c4NGIGKEITLEICHT ZU VERSTAUEN NAT\u00dcRLICH BEHANDELTHANDLICHEINFACH ZU PFLEGENSCHNELLE BEF\u00dcLLTAUF WASSERFILTER ADAPTIERBARHAPTISCHES ERLEBNIS BEIM DAMPFEN Der Sticksteam - f\u00fcr den schnellen Vape zwischendurch.\" \/>\n<meta property=\"og:url\" content=\"https:\/\/retrosteam.de\/en\/product\/sticksteam-kambala-hard-poplar\/\" \/>\n<meta property=\"og:site_name\" content=\"Retrosteam\" \/>\n<meta property=\"article:publisher\" content=\"https:\/\/www.facebook.com\/p\/Retrosteam-100075849401979\/\" \/>\n<meta property=\"article:modified_time\" content=\"2025-12-16T14:20:01+00:00\" \/>\n<meta property=\"og:image\" content=\"https:\/\/retrosteam.de\/wp-content\/uploads\/2025\/10\/stickm.jpg-scaled.webp\" \/>\n\t<meta property=\"og:image:width\" content=\"2560\" \/>\n\t<meta property=\"og:image:height\" content=\"2560\" \/>\n\t<meta property=\"og:image:type\" content=\"image\/webp\" \/>\n<meta name=\"twitter:card\" content=\"summary_large_image\" \/>\n<meta name=\"twitter:site\" content=\"@retrosteam_\" \/>\n<meta name=\"twitter:label1\" content=\"Est. reading time\" \/>\n\t<meta name=\"twitter:data1\" content=\"1 minute\" \/>\n<script type=\"application\/ld+json\" class=\"yoast-schema-graph\">{\"@context\":\"https:\\\/\\\/schema.org\",\"@graph\":[{\"@type\":\"WebPage\",\"@id\":\"https:\\\/\\\/retrosteam.de\\\/produkt\\\/sticksteam-kambala-hard-poplar\\\/\",\"url\":\"https:\\\/\\\/retrosteam.de\\\/produkt\\\/sticksteam-kambala-hard-poplar\\\/\",\"name\":\"Sticksteam *Kambala \u2013 hard poplar - Retrosteam\",\"isPartOf\":{\"@id\":\"https:\\\/\\\/retrosteam.de\\\/#website\"},\"primaryImageOfPage\":{\"@id\":\"https:\\\/\\\/retrosteam.de\\\/produkt\\\/sticksteam-kambala-hard-poplar\\\/#primaryimage\"},\"image\":{\"@id\":\"https:\\\/\\\/retrosteam.de\\\/produkt\\\/sticksteam-kambala-hard-poplar\\\/#primaryimage\"},\"thumbnailUrl\":\"https:\\\/\\\/retrosteam.de\\\/wp-content\\\/uploads\\\/2025\\\/10\\\/stickm.jpg-scaled.webp\",\"datePublished\":\"2025-10-06T11:53:04+00:00\",\"dateModified\":\"2025-12-16T14:20:01+00:00\",\"breadcrumb\":{\"@id\":\"https:\\\/\\\/retrosteam.de\\\/produkt\\\/sticksteam-kambala-hard-poplar\\\/#breadcrumb\"},\"inLanguage\":\"en-US\",\"potentialAction\":[{\"@type\":\"ReadAction\",\"target\":[\"https:\\\/\\\/retrosteam.de\\\/produkt\\\/sticksteam-kambala-hard-poplar\\\/\"]}]},{\"@type\":\"ImageObject\",\"inLanguage\":\"en-US\",\"@id\":\"https:\\\/\\\/retrosteam.de\\\/produkt\\\/sticksteam-kambala-hard-poplar\\\/#primaryimage\",\"url\":\"https:\\\/\\\/retrosteam.de\\\/wp-content\\\/uploads\\\/2025\\\/10\\\/stickm.jpg-scaled.webp\",\"contentUrl\":\"https:\\\/\\\/retrosteam.de\\\/wp-content\\\/uploads\\\/2025\\\/10\\\/stickm.jpg-scaled.webp\",\"width\":2560,\"height\":2560},{\"@type\":\"BreadcrumbList\",\"@id\":\"https:\\\/\\\/retrosteam.de\\\/produkt\\\/sticksteam-kambala-hard-poplar\\\/#breadcrumb\",\"itemListElement\":[{\"@type\":\"ListItem\",\"position\":1,\"name\":\"Startseite\",\"item\":\"https:\\\/\\\/retrosteam.de\\\/\"},{\"@type\":\"ListItem\",\"position\":2,\"name\":\"Store\",\"item\":\"https:\\\/\\\/retrosteam.de\\\/store\\\/\"},{\"@type\":\"ListItem\",\"position\":3,\"name\":\"Sticksteam *Kambala \u2013 hard poplar\"}]},{\"@type\":\"WebSite\",\"@id\":\"https:\\\/\\\/retrosteam.de\\\/#website\",\"url\":\"https:\\\/\\\/retrosteam.de\\\/\",\"name\":\"Retrosteam\",\"description\":\"\",\"publisher\":{\"@id\":\"https:\\\/\\\/retrosteam.de\\\/#organization\"},\"potentialAction\":[{\"@type\":\"SearchAction\",\"target\":{\"@type\":\"EntryPoint\",\"urlTemplate\":\"https:\\\/\\\/retrosteam.de\\\/?s={search_term_string}\"},\"query-input\":{\"@type\":\"PropertyValueSpecification\",\"valueRequired\":true,\"valueName\":\"search_term_string\"}}],\"inLanguage\":\"en-US\"},{\"@type\":\"Organization\",\"@id\":\"https:\\\/\\\/retrosteam.de\\\/#organization\",\"name\":\"Retrosteam\",\"url\":\"https:\\\/\\\/retrosteam.de\\\/\",\"logo\":{\"@type\":\"ImageObject\",\"inLanguage\":\"en-US\",\"@id\":\"https:\\\/\\\/retrosteam.de\\\/#\\\/schema\\\/logo\\\/image\\\/\",\"url\":\"https:\\\/\\\/retrosteam.de\\\/wp-content\\\/uploads\\\/2023\\\/12\\\/cropped-retrosteam_favicon.jpg\",\"contentUrl\":\"https:\\\/\\\/retrosteam.de\\\/wp-content\\\/uploads\\\/2023\\\/12\\\/cropped-retrosteam_favicon.jpg\",\"width\":512,\"height\":512,\"caption\":\"Retrosteam\"},\"image\":{\"@id\":\"https:\\\/\\\/retrosteam.de\\\/#\\\/schema\\\/logo\\\/image\\\/\"},\"sameAs\":[\"https:\\\/\\\/www.facebook.com\\\/p\\\/Retrosteam-100075849401979\\\/\",\"https:\\\/\\\/x.com\\\/retrosteam_\",\"https:\\\/\\\/www.instagram.com\\\/retrosteam_offiziell\",\"https:\\\/\\\/www.youtube.com\\\/@retrosteam992\"]}]}<\/script>\n<!-- \/ Yoast SEO plugin. -->","yoast_head_json":{"title":"Sticksteam *Kambala \u2013 hard poplar - Retrosteam","robots":{"index":"index","follow":"follow","max-snippet":"max-snippet:-1","max-image-preview":"max-image-preview:large","max-video-preview":"max-video-preview:-1"},"canonical":"https:\/\/retrosteam.de\/en\/product\/sticksteam-kambala-hard-poplar\/","og_locale":"en_US","og_type":"article","og_title":"Sticksteam *Kambala \u2013 hard poplar - Retrosteam","og_description":"Du willst edles Design, besten Geschmack, Effektivit\u00e4t, fette Dampfwolken und das alles nachhaltig? Der Sticksteam ist der perfekte Vapo f\u00fcr den Hit zwischendurch. Durch seine einfache Steckverbindung und der oben liegenden Kr\u00e4uterkammer kann man den Stick super leicht bef\u00fcllen. Der Vaporizer kommt im schlichten geraden Design daher, so verschwindet er in jeder Tasche. Die Kammer ist kleiner als bei den \u00fcblichen Metallkammern. Wir empfehlen handels\u00fcbliche Organic Filter in 8mm im Mundst\u00fcck zu platzieren. Der Steam l\u00e4sst sich mit normalen, handels\u00fcblichen Feuerzeugen dampfen, wie auch mit Wachsschn\u00fcre oder einer Jetflamme. *Optional auch mit Holzmundst\u00fcck oder einem l\u00e4ngeren Mundst\u00fcck - Das Z\u00fcndrohr l\u00e4sst sich herrausdrehen   Produkt kann aufgrund der unterschiedlichen Holzmaserung anders als auf den Foto ausfallen. * Direct HitEDLES DESIGNUNABH\u00c4NGIGKEITLEICHT ZU VERSTAUEN NAT\u00dcRLICH BEHANDELTHANDLICHEINFACH ZU PFLEGENSCHNELLE BEF\u00dcLLTAUF WASSERFILTER ADAPTIERBARHAPTISCHES ERLEBNIS BEIM DAMPFEN Der Sticksteam - f\u00fcr den schnellen Vape zwischendurch.","og_url":"https:\/\/retrosteam.de\/en\/product\/sticksteam-kambala-hard-poplar\/","og_site_name":"Retrosteam","article_publisher":"https:\/\/www.facebook.com\/p\/Retrosteam-100075849401979\/","article_modified_time":"2025-12-16T14:20:01+00:00","og_image":[{"width":2560,"height":2560,"url":"https:\/\/retrosteam.de\/wp-content\/uploads\/2025\/10\/stickm.jpg-scaled.webp","type":"image\/webp"}],"twitter_card":"summary_large_image","twitter_site":"@retrosteam_","twitter_misc":{"Est. reading time":"1 minute"},"schema":{"@context":"https:\/\/schema.org","@graph":[{"@type":"WebPage","@id":"https:\/\/retrosteam.de\/produkt\/sticksteam-kambala-hard-poplar\/","url":"https:\/\/retrosteam.de\/produkt\/sticksteam-kambala-hard-poplar\/","name":"Sticksteam *Kambala \u2013 hard poplar - Retrosteam","isPartOf":{"@id":"https:\/\/retrosteam.de\/#website"},"primaryImageOfPage":{"@id":"https:\/\/retrosteam.de\/produkt\/sticksteam-kambala-hard-poplar\/#primaryimage"},"image":{"@id":"https:\/\/retrosteam.de\/produkt\/sticksteam-kambala-hard-poplar\/#primaryimage"},"thumbnailUrl":"https:\/\/retrosteam.de\/wp-content\/uploads\/2025\/10\/stickm.jpg-scaled.webp","datePublished":"2025-10-06T11:53:04+00:00","dateModified":"2025-12-16T14:20:01+00:00","breadcrumb":{"@id":"https:\/\/retrosteam.de\/produkt\/sticksteam-kambala-hard-poplar\/#breadcrumb"},"inLanguage":"en-US","potentialAction":[{"@type":"ReadAction","target":["https:\/\/retrosteam.de\/produkt\/sticksteam-kambala-hard-poplar\/"]}]},{"@type":"ImageObject","inLanguage":"en-US","@id":"https:\/\/retrosteam.de\/produkt\/sticksteam-kambala-hard-poplar\/#primaryimage","url":"https:\/\/retrosteam.de\/wp-content\/uploads\/2025\/10\/stickm.jpg-scaled.webp","contentUrl":"https:\/\/retrosteam.de\/wp-content\/uploads\/2025\/10\/stickm.jpg-scaled.webp","width":2560,"height":2560},{"@type":"BreadcrumbList","@id":"https:\/\/retrosteam.de\/produkt\/sticksteam-kambala-hard-poplar\/#breadcrumb","itemListElement":[{"@type":"ListItem","position":1,"name":"Startseite","item":"https:\/\/retrosteam.de\/"},{"@type":"ListItem","position":2,"name":"Store","item":"https:\/\/retrosteam.de\/store\/"},{"@type":"ListItem","position":3,"name":"Sticksteam *Kambala \u2013 hard poplar"}]},{"@type":"WebSite","@id":"https:\/\/retrosteam.de\/#website","url":"https:\/\/retrosteam.de\/","name":"Retrosteam","description":"","publisher":{"@id":"https:\/\/retrosteam.de\/#organization"},"potentialAction":[{"@type":"SearchAction","target":{"@type":"EntryPoint","urlTemplate":"https:\/\/retrosteam.de\/?s={search_term_string}"},"query-input":{"@type":"PropertyValueSpecification","valueRequired":true,"valueName":"search_term_string"}}],"inLanguage":"en-US"},{"@type":"Organization","@id":"https:\/\/retrosteam.de\/#organization","name":"Retrosteam","url":"https:\/\/retrosteam.de\/","logo":{"@type":"ImageObject","inLanguage":"en-US","@id":"https:\/\/retrosteam.de\/#\/schema\/logo\/image\/","url":"https:\/\/retrosteam.de\/wp-content\/uploads\/2023\/12\/cropped-retrosteam_favicon.jpg","contentUrl":"https:\/\/retrosteam.de\/wp-content\/uploads\/2023\/12\/cropped-retrosteam_favicon.jpg","width":512,"height":512,"caption":"Retrosteam"},"image":{"@id":"https:\/\/retrosteam.de\/#\/schema\/logo\/image\/"},"sameAs":["https:\/\/www.facebook.com\/p\/Retrosteam-100075849401979\/","https:\/\/x.com\/retrosteam_","https:\/\/www.instagram.com\/retrosteam_offiziell","https:\/\/www.youtube.com\/@retrosteam992"]}]}},"_links":{"self":[{"href":"https:\/\/retrosteam.de\/en\/wp-json\/wp\/v2\/product\/5974","targetHints":{"allow":["GET"]}}],"collection":[{"href":"https:\/\/retrosteam.de\/en\/wp-json\/wp\/v2\/product"}],"about":[{"href":"https:\/\/retrosteam.de\/en\/wp-json\/wp\/v2\/types\/product"}],"replies":[{"embeddable":true,"href":"https:\/\/retrosteam.de\/en\/wp-json\/wp\/v2\/comments?post=5974"}],"version-history":[{"count":0,"href":"https:\/\/retrosteam.de\/en\/wp-json\/wp\/v2\/product\/5974\/revisions"}],"wp:featuredmedia":[{"embeddable":true,"href":"https:\/\/retrosteam.de\/en\/wp-json\/wp\/v2\/media\/5978"}],"wp:attachment":[{"href":"https:\/\/retrosteam.de\/en\/wp-json\/wp\/v2\/media?parent=5974"}],"wp:term":[{"taxonomy":"product_brand","embeddable":true,"href":"https:\/\/retrosteam.de\/en\/wp-json\/wp\/v2\/product_brand?post=5974"},{"taxonomy":"product_cat","embeddable":true,"href":"https:\/\/retrosteam.de\/en\/wp-json\/wp\/v2\/product_cat?post=5974"},{"taxonomy":"product_tag","embeddable":true,"href":"https:\/\/retrosteam.de\/en\/wp-json\/wp\/v2\/product_tag?post=5974"}],"curies":[{"name":"wp","href":"https:\/\/api.w.org\/{rel}","templated":true}]}}