{"id":5085,"date":"2023-12-19T18:47:48","date_gmt":"2023-12-19T17:47:48","guid":{"rendered":"https:\/\/retrosteam.de\/?post_type=product&#038;p=5085"},"modified":"2026-04-03T07:09:59","modified_gmt":"2026-04-03T05:09:59","slug":"retrosteam-grinder","status":"publish","type":"product","link":"https:\/\/retrosteam.de\/en\/product\/retrosteam-grinder\/","title":{"rendered":"Retrosteam Grinder Oak"},"content":{"rendered":"<p><img fetchpriority=\"high\" decoding=\"async\" class=\"alignnone size-medium wp-image-5542\" src=\"https:\/\/retrosteam.de\/wp-content\/uploads\/2023\/12\/Unbenannt-3-300x300.png\" alt=\"\" width=\"300\" height=\"300\" srcset=\"https:\/\/retrosteam.de\/wp-content\/uploads\/2023\/12\/Unbenannt-3-300x300.png 300w, https:\/\/retrosteam.de\/wp-content\/uploads\/2023\/12\/Unbenannt-3-1024x1024.png 1024w, https:\/\/retrosteam.de\/wp-content\/uploads\/2023\/12\/Unbenannt-3-150x150.png 150w, https:\/\/retrosteam.de\/wp-content\/uploads\/2023\/12\/Unbenannt-3-768x768.png 768w, https:\/\/retrosteam.de\/wp-content\/uploads\/2023\/12\/Unbenannt-3-1536x1536.png 1536w, https:\/\/retrosteam.de\/wp-content\/uploads\/2023\/12\/Unbenannt-3-2048x2048.png 2048w, https:\/\/retrosteam.de\/wp-content\/uploads\/2023\/12\/Unbenannt-3-12x12.png 12w, https:\/\/retrosteam.de\/wp-content\/uploads\/2023\/12\/Unbenannt-3-600x600.png 600w, https:\/\/retrosteam.de\/wp-content\/uploads\/2023\/12\/Unbenannt-3-100x100.png 100w\" sizes=\"(max-width: 300px) 100vw, 300px\" \/> <img decoding=\"async\" class=\"alignnone size-medium wp-image-5541\" src=\"https:\/\/retrosteam.de\/wp-content\/uploads\/2023\/12\/Unbenannt-2-300x300.png\" alt=\"\" width=\"300\" height=\"300\" srcset=\"https:\/\/retrosteam.de\/wp-content\/uploads\/2023\/12\/Unbenannt-2-300x300.png 300w, https:\/\/retrosteam.de\/wp-content\/uploads\/2023\/12\/Unbenannt-2-1024x1024.png 1024w, https:\/\/retrosteam.de\/wp-content\/uploads\/2023\/12\/Unbenannt-2-150x150.png 150w, https:\/\/retrosteam.de\/wp-content\/uploads\/2023\/12\/Unbenannt-2-768x768.png 768w, https:\/\/retrosteam.de\/wp-content\/uploads\/2023\/12\/Unbenannt-2-1536x1536.png 1536w, https:\/\/retrosteam.de\/wp-content\/uploads\/2023\/12\/Unbenannt-2-2048x2048.png 2048w, https:\/\/retrosteam.de\/wp-content\/uploads\/2023\/12\/Unbenannt-2-12x12.png 12w, https:\/\/retrosteam.de\/wp-content\/uploads\/2023\/12\/Unbenannt-2-600x600.png 600w, https:\/\/retrosteam.de\/wp-content\/uploads\/2023\/12\/Unbenannt-2-100x100.png 100w\" sizes=\"(max-width: 300px) 100vw, 300px\" \/><img decoding=\"async\" class=\"alignnone size-medium wp-image-5538\" src=\"https:\/\/retrosteam.de\/wp-content\/uploads\/2024\/06\/sieb-fein-300x300.png\" alt=\"\" width=\"300\" height=\"300\" srcset=\"https:\/\/retrosteam.de\/wp-content\/uploads\/2024\/06\/sieb-fein-300x300.png 300w, https:\/\/retrosteam.de\/wp-content\/uploads\/2024\/06\/sieb-fein-1024x1024.png 1024w, https:\/\/retrosteam.de\/wp-content\/uploads\/2024\/06\/sieb-fein-150x150.png 150w, https:\/\/retrosteam.de\/wp-content\/uploads\/2024\/06\/sieb-fein-768x768.png 768w, https:\/\/retrosteam.de\/wp-content\/uploads\/2024\/06\/sieb-fein-1536x1536.png 1536w, https:\/\/retrosteam.de\/wp-content\/uploads\/2024\/06\/sieb-fein-2048x2048.png 2048w, https:\/\/retrosteam.de\/wp-content\/uploads\/2024\/06\/sieb-fein-12x12.png 12w, https:\/\/retrosteam.de\/wp-content\/uploads\/2024\/06\/sieb-fein-600x600.png 600w, https:\/\/retrosteam.de\/wp-content\/uploads\/2024\/06\/sieb-fein-100x100.png 100w\" sizes=\"(max-width: 300px) 100vw, 300px\" \/><\/p>","protected":false},"excerpt":{"rendered":"<p>Der Retrosteam Grinder wurde entwickelt um ein perfektes Schnittgut f\u00fcr die Hitzkammer herzustellen<\/p>\n<p>Das hochwertige Massivholz des Retrosteam Grinders vermittelt nicht nur ein authentisches Naturgef\u00fchl, sondern liegt auch \u00e4u\u00dferst angenehm warm und griffig in der Hand. Dieser Grinder zeichnet sich durch die M\u00f6glichkeit aus, vollst\u00e4ndig zerlegt zu werden, was es einfach macht, alle Teile bei Verunreinigung m\u00fchelos zu entnehmen und zu reinigen.<\/p>\n<p>Als spannender Vorgeschmack sei verraten, dass demn\u00e4chst verschiedene Gr\u00f6\u00dfen an praktischen Auffangschalen und passende Deckel erh\u00e4ltlich sein werden \u2013 der perfekte Ort, um das fein zerkleinerte Material aufzubewahren.<\/p>\n<p>&nbsp;<\/p>\n<div class=\"flex flex-grow flex-col max-w-full\">\n<div class=\"min-h-[20px] text-message flex flex-col items-start gap-3 whitespace-pre-wrap break-words [.text-message+&amp;]:mt-5 overflow-x-auto\" data-message-author-role=\"assistant\" data-message-id=\"4358213b-4285-46a9-bfca-2ccc5d0850a8\">\n<div class=\"markdown prose w-full break-words dark:prose-invert light\">\n<ul>\n<li style=\"text-align: left;\">Nachhaltiges Holz<\/li>\n<li style=\"text-align: left;\">Alles austauschbar<\/li>\n<li style=\"text-align: left;\">Einfache Handhabung<\/li>\n<li style=\"text-align: left;\">Robust und zeitlos<\/li>\n<li style=\"text-align: left;\">Handgefertigtes Unikat<\/li>\n<li style=\"text-align: left;\">Pr\u00e4zisionsmahlwerk<\/li>\n<li style=\"text-align: left;\">Feines Schnittgut<\/li>\n<li style=\"text-align: left;\">Perfekter Schnitt f\u00fcr Vaporizer<\/li>\n<li style=\"text-align: left;\">Leichtgewicht und transportabel<\/li>\n<li style=\"text-align: left;\">Austauschbare Schneide<\/li>\n<\/ul>\n<p><strong data-sanitized-data-mce-fragment=\"1\"><img loading=\"lazy\" decoding=\"async\" src=\"https:\/\/cdn.shopify.com\/s\/files\/1\/0529\/7966\/3004\/files\/Made-in-Germany-Logo-www.german-ma.de_72dpi_480x480.png?v=1621430068\" alt=\"\" width=\"802\" height=\"127\" data-sanitized-data-mce-src=\"https:\/\/cdn.shopify.com\/s\/files\/1\/0529\/7966\/3004\/files\/Made-in-Germany-Logo-www.german-ma.de_72dpi_480x480.png?v=1621430068\" data-sanitized-data-mce-selected=\"1\" data-sanitized-data-mce-fragment=\"1\" \/><\/strong><\/p>\n<\/div>\n<\/div>\n<\/div>\n","protected":false},"featured_media":5539,"comment_status":"open","ping_status":"closed","template":"","meta":{"site-sidebar-layout":"default","site-content-layout":"","ast-site-content-layout":"default","site-content-style":"default","site-sidebar-style":"default","ast-global-header-display":"","ast-banner-title-visibility":"","ast-main-header-display":"","ast-hfb-above-header-display":"","ast-hfb-below-header-display":"","ast-hfb-mobile-header-display":"","site-post-title":"","ast-breadcrumbs-content":"","ast-featured-img":"","footer-sml-layout":"","ast-disable-related-posts":"","theme-transparent-header-meta":"default","adv-header-id-meta":"","stick-header-meta":"default","header-above-stick-meta":"","header-main-stick-meta":"","header-below-stick-meta":"","astra-migrate-meta-layouts":"set","ast-page-background-enabled":"default","ast-page-background-meta":{"desktop":{"background-color":"","background-image":"","background-repeat":"repeat","background-position":"center center","background-size":"auto","background-attachment":"scroll","background-type":"","background-media":"","overlay-type":"","overlay-color":"","overlay-opacity":"","overlay-gradient":""},"tablet":{"background-color":"","background-image":"","background-repeat":"repeat","background-position":"center center","background-size":"auto","background-attachment":"scroll","background-type":"","background-media":"","overlay-type":"","overlay-color":"","overlay-opacity":"","overlay-gradient":""},"mobile":{"background-color":"","background-image":"","background-repeat":"repeat","background-position":"center center","background-size":"auto","background-attachment":"scroll","background-type":"","background-media":"","overlay-type":"","overlay-color":"","overlay-opacity":"","overlay-gradient":""}},"ast-content-background-meta":{"desktop":{"background-color":"var(--ast-global-color-5)","background-image":"","background-repeat":"repeat","background-position":"center center","background-size":"auto","background-attachment":"scroll","background-type":"","background-media":"","overlay-type":"","overlay-color":"","overlay-opacity":"","overlay-gradient":""},"tablet":{"background-color":"var(--ast-global-color-5)","background-image":"","background-repeat":"repeat","background-position":"center center","background-size":"auto","background-attachment":"scroll","background-type":"","background-media":"","overlay-type":"","overlay-color":"","overlay-opacity":"","overlay-gradient":""},"mobile":{"background-color":"var(--ast-global-color-5)","background-image":"","background-repeat":"repeat","background-position":"center center","background-size":"auto","background-attachment":"scroll","background-type":"","background-media":"","overlay-type":"","overlay-color":"","overlay-opacity":"","overlay-gradient":""}}},"product_brand":[],"product_cat":[60,64,61],"product_tag":[],"class_list":{"0":"post-5085","1":"product","2":"type-product","3":"status-publish","4":"has-post-thumbnail","6":"product_cat-in-szene-setzen-deiner-alltaeglichen-begleiter","7":"product_cat-zubehoer","8":"product_cat-pfeifen-ueber-pfeifenspitzen-bis-hin-zu-glasblunts","9":"desktop-align-left","10":"tablet-align-left","11":"mobile-align-left","12":"ast-product-gallery-layout-horizontal-slider","13":"ast-product-gallery-with-no-image","14":"ast-magnify-disabled","15":"ast-product-tabs-layout-horizontal","17":"first","18":"outofstock","19":"shipping-taxable","20":"purchasable","21":"product-type-simple"},"yoast_head":"<!-- This site is optimized with the Yoast SEO plugin v27.4 - https:\/\/yoast.com\/product\/yoast-seo-wordpress\/ -->\n<title>Retrosteam Grinder Oak - Retrosteam<\/title>\n<meta name=\"robots\" content=\"index, follow, max-snippet:-1, max-image-preview:large, max-video-preview:-1\" \/>\n<link rel=\"canonical\" href=\"https:\/\/retrosteam.de\/en\/product\/retrosteam-grinder\/\" \/>\n<meta property=\"og:locale\" content=\"en_US\" \/>\n<meta property=\"og:type\" content=\"article\" \/>\n<meta property=\"og:title\" content=\"Retrosteam Grinder Oak - Retrosteam\" \/>\n<meta property=\"og:description\" content=\"Der Retrosteam Grinder wurde entwickelt um ein perfektes Schnittgut f\u00fcr die Hitzkammer herzustellen  Das hochwertige Massivholz des Retrosteam Grinders vermittelt nicht nur ein authentisches Naturgef\u00fchl, sondern liegt auch \u00e4u\u00dferst angenehm warm und griffig in der Hand. Dieser Grinder zeichnet sich durch die M\u00f6glichkeit aus, vollst\u00e4ndig zerlegt zu werden, was es einfach macht, alle Teile bei Verunreinigung m\u00fchelos zu entnehmen und zu reinigen.  Als spannender Vorgeschmack sei verraten, dass demn\u00e4chst verschiedene Gr\u00f6\u00dfen an praktischen Auffangschalen und passende Deckel erh\u00e4ltlich sein werden \u2013 der perfekte Ort, um das fein zerkleinerte Material aufzubewahren.  &nbsp;      Nachhaltiges Holz  Alles austauschbar  Einfache Handhabung  Robust und zeitlos  Handgefertigtes Unikat  Pr\u00e4zisionsmahlwerk  Feines Schnittgut  Perfekter Schnitt f\u00fcr Vaporizer  Leichtgewicht und transportabel  Austauschbare Schneide\" \/>\n<meta property=\"og:url\" content=\"https:\/\/retrosteam.de\/en\/product\/retrosteam-grinder\/\" \/>\n<meta property=\"og:site_name\" content=\"Retrosteam\" \/>\n<meta property=\"article:publisher\" content=\"https:\/\/www.facebook.com\/p\/Retrosteam-100075849401979\/\" \/>\n<meta property=\"article:modified_time\" content=\"2026-04-03T05:09:59+00:00\" \/>\n<meta property=\"og:image\" content=\"https:\/\/retrosteam.de\/wp-content\/uploads\/2023\/12\/MG_8320.CR2_-1024x1024.png\" \/>\n\t<meta property=\"og:image:width\" content=\"1024\" \/>\n\t<meta property=\"og:image:height\" content=\"1024\" \/>\n\t<meta property=\"og:image:type\" content=\"image\/png\" \/>\n<meta name=\"twitter:card\" content=\"summary_large_image\" \/>\n<meta name=\"twitter:site\" content=\"@retrosteam_\" \/>\n<meta name=\"twitter:label1\" content=\"Est. reading time\" \/>\n\t<meta name=\"twitter:data1\" content=\"1 minute\" \/>\n<script type=\"application\/ld+json\" class=\"yoast-schema-graph\">{\"@context\":\"https:\\\/\\\/schema.org\",\"@graph\":[{\"@type\":\"WebPage\",\"@id\":\"https:\\\/\\\/retrosteam.de\\\/produkt\\\/retrosteam-grinder\\\/\",\"url\":\"https:\\\/\\\/retrosteam.de\\\/produkt\\\/retrosteam-grinder\\\/\",\"name\":\"Retrosteam Grinder Oak - Retrosteam\",\"isPartOf\":{\"@id\":\"https:\\\/\\\/retrosteam.de\\\/#website\"},\"primaryImageOfPage\":{\"@id\":\"https:\\\/\\\/retrosteam.de\\\/produkt\\\/retrosteam-grinder\\\/#primaryimage\"},\"image\":{\"@id\":\"https:\\\/\\\/retrosteam.de\\\/produkt\\\/retrosteam-grinder\\\/#primaryimage\"},\"thumbnailUrl\":\"https:\\\/\\\/retrosteam.de\\\/wp-content\\\/uploads\\\/2023\\\/12\\\/MG_8320.CR2_.png\",\"datePublished\":\"2023-12-19T17:47:48+00:00\",\"dateModified\":\"2026-04-03T05:09:59+00:00\",\"breadcrumb\":{\"@id\":\"https:\\\/\\\/retrosteam.de\\\/produkt\\\/retrosteam-grinder\\\/#breadcrumb\"},\"inLanguage\":\"en-US\",\"potentialAction\":[{\"@type\":\"ReadAction\",\"target\":[\"https:\\\/\\\/retrosteam.de\\\/produkt\\\/retrosteam-grinder\\\/\"]}]},{\"@type\":\"ImageObject\",\"inLanguage\":\"en-US\",\"@id\":\"https:\\\/\\\/retrosteam.de\\\/produkt\\\/retrosteam-grinder\\\/#primaryimage\",\"url\":\"https:\\\/\\\/retrosteam.de\\\/wp-content\\\/uploads\\\/2023\\\/12\\\/MG_8320.CR2_.png\",\"contentUrl\":\"https:\\\/\\\/retrosteam.de\\\/wp-content\\\/uploads\\\/2023\\\/12\\\/MG_8320.CR2_.png\",\"width\":4000,\"height\":4000},{\"@type\":\"BreadcrumbList\",\"@id\":\"https:\\\/\\\/retrosteam.de\\\/produkt\\\/retrosteam-grinder\\\/#breadcrumb\",\"itemListElement\":[{\"@type\":\"ListItem\",\"position\":1,\"name\":\"Startseite\",\"item\":\"https:\\\/\\\/retrosteam.de\\\/\"},{\"@type\":\"ListItem\",\"position\":2,\"name\":\"Store\",\"item\":\"https:\\\/\\\/retrosteam.de\\\/store\\\/\"},{\"@type\":\"ListItem\",\"position\":3,\"name\":\"Retrosteam Grinder Oak\"}]},{\"@type\":\"WebSite\",\"@id\":\"https:\\\/\\\/retrosteam.de\\\/#website\",\"url\":\"https:\\\/\\\/retrosteam.de\\\/\",\"name\":\"Retrosteam\",\"description\":\"\",\"publisher\":{\"@id\":\"https:\\\/\\\/retrosteam.de\\\/#organization\"},\"potentialAction\":[{\"@type\":\"SearchAction\",\"target\":{\"@type\":\"EntryPoint\",\"urlTemplate\":\"https:\\\/\\\/retrosteam.de\\\/?s={search_term_string}\"},\"query-input\":{\"@type\":\"PropertyValueSpecification\",\"valueRequired\":true,\"valueName\":\"search_term_string\"}}],\"inLanguage\":\"en-US\"},{\"@type\":\"Organization\",\"@id\":\"https:\\\/\\\/retrosteam.de\\\/#organization\",\"name\":\"Retrosteam\",\"url\":\"https:\\\/\\\/retrosteam.de\\\/\",\"logo\":{\"@type\":\"ImageObject\",\"inLanguage\":\"en-US\",\"@id\":\"https:\\\/\\\/retrosteam.de\\\/#\\\/schema\\\/logo\\\/image\\\/\",\"url\":\"https:\\\/\\\/retrosteam.de\\\/wp-content\\\/uploads\\\/2023\\\/12\\\/cropped-retrosteam_favicon.jpg\",\"contentUrl\":\"https:\\\/\\\/retrosteam.de\\\/wp-content\\\/uploads\\\/2023\\\/12\\\/cropped-retrosteam_favicon.jpg\",\"width\":512,\"height\":512,\"caption\":\"Retrosteam\"},\"image\":{\"@id\":\"https:\\\/\\\/retrosteam.de\\\/#\\\/schema\\\/logo\\\/image\\\/\"},\"sameAs\":[\"https:\\\/\\\/www.facebook.com\\\/p\\\/Retrosteam-100075849401979\\\/\",\"https:\\\/\\\/x.com\\\/retrosteam_\",\"https:\\\/\\\/www.instagram.com\\\/retrosteam_offiziell\",\"https:\\\/\\\/www.youtube.com\\\/@retrosteam992\"]}]}<\/script>\n<!-- \/ Yoast SEO plugin. -->","yoast_head_json":{"title":"Retrosteam Grinder Oak - Retrosteam","robots":{"index":"index","follow":"follow","max-snippet":"max-snippet:-1","max-image-preview":"max-image-preview:large","max-video-preview":"max-video-preview:-1"},"canonical":"https:\/\/retrosteam.de\/en\/product\/retrosteam-grinder\/","og_locale":"en_US","og_type":"article","og_title":"Retrosteam Grinder Oak - Retrosteam","og_description":"Der Retrosteam Grinder wurde entwickelt um ein perfektes Schnittgut f\u00fcr die Hitzkammer herzustellen  Das hochwertige Massivholz des Retrosteam Grinders vermittelt nicht nur ein authentisches Naturgef\u00fchl, sondern liegt auch \u00e4u\u00dferst angenehm warm und griffig in der Hand. Dieser Grinder zeichnet sich durch die M\u00f6glichkeit aus, vollst\u00e4ndig zerlegt zu werden, was es einfach macht, alle Teile bei Verunreinigung m\u00fchelos zu entnehmen und zu reinigen.  Als spannender Vorgeschmack sei verraten, dass demn\u00e4chst verschiedene Gr\u00f6\u00dfen an praktischen Auffangschalen und passende Deckel erh\u00e4ltlich sein werden \u2013 der perfekte Ort, um das fein zerkleinerte Material aufzubewahren.  &nbsp;      Nachhaltiges Holz  Alles austauschbar  Einfache Handhabung  Robust und zeitlos  Handgefertigtes Unikat  Pr\u00e4zisionsmahlwerk  Feines Schnittgut  Perfekter Schnitt f\u00fcr Vaporizer  Leichtgewicht und transportabel  Austauschbare Schneide","og_url":"https:\/\/retrosteam.de\/en\/product\/retrosteam-grinder\/","og_site_name":"Retrosteam","article_publisher":"https:\/\/www.facebook.com\/p\/Retrosteam-100075849401979\/","article_modified_time":"2026-04-03T05:09:59+00:00","og_image":[{"width":1024,"height":1024,"url":"https:\/\/retrosteam.de\/wp-content\/uploads\/2023\/12\/MG_8320.CR2_-1024x1024.png","type":"image\/png"}],"twitter_card":"summary_large_image","twitter_site":"@retrosteam_","twitter_misc":{"Est. reading time":"1 minute"},"schema":{"@context":"https:\/\/schema.org","@graph":[{"@type":"WebPage","@id":"https:\/\/retrosteam.de\/produkt\/retrosteam-grinder\/","url":"https:\/\/retrosteam.de\/produkt\/retrosteam-grinder\/","name":"Retrosteam Grinder Oak - Retrosteam","isPartOf":{"@id":"https:\/\/retrosteam.de\/#website"},"primaryImageOfPage":{"@id":"https:\/\/retrosteam.de\/produkt\/retrosteam-grinder\/#primaryimage"},"image":{"@id":"https:\/\/retrosteam.de\/produkt\/retrosteam-grinder\/#primaryimage"},"thumbnailUrl":"https:\/\/retrosteam.de\/wp-content\/uploads\/2023\/12\/MG_8320.CR2_.png","datePublished":"2023-12-19T17:47:48+00:00","dateModified":"2026-04-03T05:09:59+00:00","breadcrumb":{"@id":"https:\/\/retrosteam.de\/produkt\/retrosteam-grinder\/#breadcrumb"},"inLanguage":"en-US","potentialAction":[{"@type":"ReadAction","target":["https:\/\/retrosteam.de\/produkt\/retrosteam-grinder\/"]}]},{"@type":"ImageObject","inLanguage":"en-US","@id":"https:\/\/retrosteam.de\/produkt\/retrosteam-grinder\/#primaryimage","url":"https:\/\/retrosteam.de\/wp-content\/uploads\/2023\/12\/MG_8320.CR2_.png","contentUrl":"https:\/\/retrosteam.de\/wp-content\/uploads\/2023\/12\/MG_8320.CR2_.png","width":4000,"height":4000},{"@type":"BreadcrumbList","@id":"https:\/\/retrosteam.de\/produkt\/retrosteam-grinder\/#breadcrumb","itemListElement":[{"@type":"ListItem","position":1,"name":"Startseite","item":"https:\/\/retrosteam.de\/"},{"@type":"ListItem","position":2,"name":"Store","item":"https:\/\/retrosteam.de\/store\/"},{"@type":"ListItem","position":3,"name":"Retrosteam Grinder Oak"}]},{"@type":"WebSite","@id":"https:\/\/retrosteam.de\/#website","url":"https:\/\/retrosteam.de\/","name":"Retrosteam","description":"","publisher":{"@id":"https:\/\/retrosteam.de\/#organization"},"potentialAction":[{"@type":"SearchAction","target":{"@type":"EntryPoint","urlTemplate":"https:\/\/retrosteam.de\/?s={search_term_string}"},"query-input":{"@type":"PropertyValueSpecification","valueRequired":true,"valueName":"search_term_string"}}],"inLanguage":"en-US"},{"@type":"Organization","@id":"https:\/\/retrosteam.de\/#organization","name":"Retrosteam","url":"https:\/\/retrosteam.de\/","logo":{"@type":"ImageObject","inLanguage":"en-US","@id":"https:\/\/retrosteam.de\/#\/schema\/logo\/image\/","url":"https:\/\/retrosteam.de\/wp-content\/uploads\/2023\/12\/cropped-retrosteam_favicon.jpg","contentUrl":"https:\/\/retrosteam.de\/wp-content\/uploads\/2023\/12\/cropped-retrosteam_favicon.jpg","width":512,"height":512,"caption":"Retrosteam"},"image":{"@id":"https:\/\/retrosteam.de\/#\/schema\/logo\/image\/"},"sameAs":["https:\/\/www.facebook.com\/p\/Retrosteam-100075849401979\/","https:\/\/x.com\/retrosteam_","https:\/\/www.instagram.com\/retrosteam_offiziell","https:\/\/www.youtube.com\/@retrosteam992"]}]}},"_links":{"self":[{"href":"https:\/\/retrosteam.de\/en\/wp-json\/wp\/v2\/product\/5085","targetHints":{"allow":["GET"]}}],"collection":[{"href":"https:\/\/retrosteam.de\/en\/wp-json\/wp\/v2\/product"}],"about":[{"href":"https:\/\/retrosteam.de\/en\/wp-json\/wp\/v2\/types\/product"}],"replies":[{"embeddable":true,"href":"https:\/\/retrosteam.de\/en\/wp-json\/wp\/v2\/comments?post=5085"}],"version-history":[{"count":0,"href":"https:\/\/retrosteam.de\/en\/wp-json\/wp\/v2\/product\/5085\/revisions"}],"wp:featuredmedia":[{"embeddable":true,"href":"https:\/\/retrosteam.de\/en\/wp-json\/wp\/v2\/media\/5539"}],"wp:attachment":[{"href":"https:\/\/retrosteam.de\/en\/wp-json\/wp\/v2\/media?parent=5085"}],"wp:term":[{"taxonomy":"product_brand","embeddable":true,"href":"https:\/\/retrosteam.de\/en\/wp-json\/wp\/v2\/product_brand?post=5085"},{"taxonomy":"product_cat","embeddable":true,"href":"https:\/\/retrosteam.de\/en\/wp-json\/wp\/v2\/product_cat?post=5085"},{"taxonomy":"product_tag","embeddable":true,"href":"https:\/\/retrosteam.de\/en\/wp-json\/wp\/v2\/product_tag?post=5085"}],"curies":[{"name":"wp","href":"https:\/\/api.w.org\/{rel}","templated":true}]}}