{"id":5010,"date":"2023-12-19T17:52:06","date_gmt":"2023-12-19T16:52:06","guid":{"rendered":"https:\/\/retrosteam.de\/?post_type=product&#038;p=5010"},"modified":"2023-12-19T17:52:06","modified_gmt":"2023-12-19T16:52:06","slug":"retrosteam-pfeifenspitze-large-2","status":"publish","type":"product","link":"https:\/\/retrosteam.de\/en\/product\/retrosteam-pfeifenspitze-large-2\/","title":{"rendered":"Retrosteam pipe tip *Large"},"content":{"rendered":"","protected":false},"excerpt":{"rendered":"<p data-sanitized-data-mce-fragment=\"1\"><strong data-sanitized-data-mce-fragment=\"1\">Pfeifenspitze Large &#8211; <span style=\"font-size: small;\" data-sanitized-data-mce-style=\"font-size: small;\" data-sanitized-data-mce-fragment=\"1\">Ash<\/span><\/strong><\/p>\n<p data-sanitized-data-mce-fragment=\"1\">*Mouthpiece: short (48mm) - Also available with short mouthpiece. Simply enter *short in the order<br data-sanitized-data-mce-fragment=\"1\" \/><br data-sanitized-data-mce-fragment=\"1\" \/><\/p>\n<p data-sanitized-data-mce-fragment=\"1\"><strong data-sanitized-data-mce-fragment=\"1\">Do you want less condensation, smooth smoke in an elegant design?<\/strong><\/p>\n<p data-sanitized-data-mce-fragment=\"1\" class=\"translation-block\">Then the Retrosteam cigi tip is something for you. Due to the length and the additional wooden structure of the tips, condensation collects better in the body than with conventional consumption.\nThe tips can also be fitted with 9 mm filters. The substrate filters also mean less strain and more flavor. No smoke in the eyes and less unpleasant odors on the skin.\n\nThe discarding of longer sticks is a relaxed feature for later use. The Retrosteam tips are suitable for conventional filters with a 6 mm diameter, filterless twist, 9-piece activated charcoal filters or corresponding tips.<\/p>\n<p data-sanitized-data-mce-fragment=\"1\">Screw the filter to be used into the mouthpiece while applying slight pressure to ensure a secure hold.<\/p>\n<p data-sanitized-data-mce-fragment=\"1\" class=\"translation-block\">SMOOTHER SMOKE\nLESS POLLUTION\nNO CONDENSATION AT THE MOUTH\nHANDMADE\nLESS ODOR ON THE HANDS\nSTYLISH DESIGN\nSUSTAINABLE\n\nWhen you choose a Retrosteam tip, you are buying a unique piece that has been treated completely naturally.<\/p>\n<p data-sanitized-data-mce-fragment=\"1\">\n<p data-sanitized-data-mce-fragment=\"1\"><strong data-sanitized-data-mce-fragment=\"1\"><img fetchpriority=\"high\" decoding=\"async\" src=\"https:\/\/cdn.shopify.com\/s\/files\/1\/0529\/7966\/3004\/files\/Made-in-Germany-Logo-www.german-ma.de_72dpi_480x480.png?v=1621430068\" alt=\"\" width=\"802\" height=\"127\" data-sanitized-data-mce-fragment=\"1\" data-sanitized-data-mce-src=\"https:\/\/cdn.shopify.com\/s\/files\/1\/0529\/7966\/3004\/files\/Made-in-Germany-Logo-www.german-ma.de_72dpi_480x480.png?v=1621430068\" data-sanitized-data-mce-selected=\"1\" \/><\/strong><\/p>","protected":false},"featured_media":5011,"comment_status":"open","ping_status":"closed","template":"","meta":{"site-sidebar-layout":"default","site-content-layout":"","ast-site-content-layout":"default","site-content-style":"default","site-sidebar-style":"default","ast-global-header-display":"","ast-banner-title-visibility":"","ast-main-header-display":"","ast-hfb-above-header-display":"","ast-hfb-below-header-display":"","ast-hfb-mobile-header-display":"","site-post-title":"","ast-breadcrumbs-content":"","ast-featured-img":"","footer-sml-layout":"","ast-disable-related-posts":"","theme-transparent-header-meta":"default","adv-header-id-meta":"","stick-header-meta":"default","header-above-stick-meta":"","header-main-stick-meta":"","header-below-stick-meta":"","astra-migrate-meta-layouts":"set","ast-page-background-enabled":"default","ast-page-background-meta":{"desktop":{"background-color":"","background-image":"","background-repeat":"repeat","background-position":"center center","background-size":"auto","background-attachment":"scroll","background-type":"","background-media":"","overlay-type":"","overlay-color":"","overlay-opacity":"","overlay-gradient":""},"tablet":{"background-color":"","background-image":"","background-repeat":"repeat","background-position":"center center","background-size":"auto","background-attachment":"scroll","background-type":"","background-media":"","overlay-type":"","overlay-color":"","overlay-opacity":"","overlay-gradient":""},"mobile":{"background-color":"","background-image":"","background-repeat":"repeat","background-position":"center center","background-size":"auto","background-attachment":"scroll","background-type":"","background-media":"","overlay-type":"","overlay-color":"","overlay-opacity":"","overlay-gradient":""}},"ast-content-background-meta":{"desktop":{"background-color":"var(--ast-global-color-5)","background-image":"","background-repeat":"repeat","background-position":"center center","background-size":"auto","background-attachment":"scroll","background-type":"","background-media":"","overlay-type":"","overlay-color":"","overlay-opacity":"","overlay-gradient":""},"tablet":{"background-color":"var(--ast-global-color-5)","background-image":"","background-repeat":"repeat","background-position":"center center","background-size":"auto","background-attachment":"scroll","background-type":"","background-media":"","overlay-type":"","overlay-color":"","overlay-opacity":"","overlay-gradient":""},"mobile":{"background-color":"var(--ast-global-color-5)","background-image":"","background-repeat":"repeat","background-position":"center center","background-size":"auto","background-attachment":"scroll","background-type":"","background-media":"","overlay-type":"","overlay-color":"","overlay-opacity":"","overlay-gradient":""}}},"product_brand":[],"product_cat":[61],"product_tag":[],"class_list":{"0":"post-5010","1":"product","2":"type-product","3":"status-publish","4":"has-post-thumbnail","6":"product_cat-pfeifen-ueber-pfeifenspitzen-bis-hin-zu-glasblunts","7":"desktop-align-left","8":"tablet-align-left","9":"mobile-align-left","10":"ast-product-gallery-layout-horizontal-slider","11":"ast-product-gallery-with-no-image","12":"ast-magnify-disabled","13":"ast-product-tabs-layout-horizontal","15":"first","16":"instock","17":"shipping-taxable","18":"purchasable","19":"product-type-simple"},"yoast_head":"<!-- This site is optimized with the Yoast SEO plugin v27.4 - https:\/\/yoast.com\/product\/yoast-seo-wordpress\/ -->\n<title>Retrosteam Pfeifenspitze *Large - Retrosteam<\/title>\n<meta name=\"robots\" content=\"index, follow, max-snippet:-1, max-image-preview:large, max-video-preview:-1\" \/>\n<link rel=\"canonical\" href=\"https:\/\/retrosteam.de\/en\/product\/retrosteam-pfeifenspitze-large-2\/\" \/>\n<meta property=\"og:locale\" content=\"en_US\" \/>\n<meta property=\"og:type\" content=\"article\" \/>\n<meta property=\"og:title\" content=\"Retrosteam Pfeifenspitze *Large - Retrosteam\" \/>\n<meta property=\"og:description\" content=\"Pfeifenspitze Large - Esche *Mundst\u00fcck: kurz (48mm) - Ist auch mit kurzem Mundst\u00fcck erh\u00e4ltlich. Einfach in die Bestellung *kurz miteingeben Du willst weniger Kondensat, smoothen Rauch im edlen Design? Dann ist die Retrosteam Zigispitze etwas f\u00fcr dich. Durch die L\u00e4nge und die zus\u00e4tzliche Holzstruktur der Spitzen sammelt sich Kondensat besser im Korpus als beim herk\u00f6mmlichen Konsum.Die Spitzen lassen sich zus\u00e4tzlich noch mit 9 mm Filter ausstatten. Durch die Substratfilter hast du zus\u00e4tzlich weniger Belastung und mehr Geschmack. Kein Rauch in den Augen und weniger unangenehme Ger\u00fcche auf der Haut.Das Ablegen l\u00e4ngerer Glimmst\u00e4ngel ist f\u00fcr den sp\u00e4teren Weitergebrauch in der Anwendung ein entspanntes Merkmal. Die Retrosteamspitzen sind f\u00fcr herk\u00f6mmliche Filter mit einem 6 mm Durchmesser, filterlose Drehweise, 9er Aktivkohlefilter oder entsprechende Tips geeignet. Zu verwendenden Filter unter leichtem Druck in das Mundst\u00fcck eindrehen, um einen sicheren Halt zu gew\u00e4hrleisten. SMOOTHER RAUCHWENIGER BELASTUNGKEIN KONDENSAT AM MUNDHANDGEFERTIGTWENIGER GERUCH AN DEN H\u00c4NDENEDLES DESIGNNACHHALTIGWenn du dich f\u00fcr eine Retrosteamspitze entscheidest, kaufst du ein Unikat was vollkommen nat\u00fcrlich behandelt ist.\" \/>\n<meta property=\"og:url\" content=\"https:\/\/retrosteam.de\/en\/product\/retrosteam-pfeifenspitze-large-2\/\" \/>\n<meta property=\"og:site_name\" content=\"Retrosteam\" \/>\n<meta property=\"article:publisher\" content=\"https:\/\/www.facebook.com\/p\/Retrosteam-100075849401979\/\" \/>\n<meta property=\"og:image\" content=\"https:\/\/retrosteam.de\/wp-content\/uploads\/2023\/12\/esche-Large-long-scaled.webp\" \/>\n\t<meta property=\"og:image:width\" content=\"2560\" \/>\n\t<meta property=\"og:image:height\" content=\"2560\" \/>\n\t<meta property=\"og:image:type\" content=\"image\/webp\" \/>\n<meta name=\"twitter:card\" content=\"summary_large_image\" \/>\n<meta name=\"twitter:site\" content=\"@retrosteam_\" \/>\n<script type=\"application\/ld+json\" class=\"yoast-schema-graph\">{\"@context\":\"https:\\\/\\\/schema.org\",\"@graph\":[{\"@type\":\"WebPage\",\"@id\":\"https:\\\/\\\/retrosteam.de\\\/produkt\\\/retrosteam-pfeifenspitze-large-2\\\/\",\"url\":\"https:\\\/\\\/retrosteam.de\\\/produkt\\\/retrosteam-pfeifenspitze-large-2\\\/\",\"name\":\"Retrosteam Pfeifenspitze *Large - Retrosteam\",\"isPartOf\":{\"@id\":\"https:\\\/\\\/retrosteam.de\\\/#website\"},\"primaryImageOfPage\":{\"@id\":\"https:\\\/\\\/retrosteam.de\\\/produkt\\\/retrosteam-pfeifenspitze-large-2\\\/#primaryimage\"},\"image\":{\"@id\":\"https:\\\/\\\/retrosteam.de\\\/produkt\\\/retrosteam-pfeifenspitze-large-2\\\/#primaryimage\"},\"thumbnailUrl\":\"https:\\\/\\\/retrosteam.de\\\/wp-content\\\/uploads\\\/2023\\\/12\\\/esche-Large-long-scaled.webp\",\"datePublished\":\"2023-12-19T16:52:06+00:00\",\"breadcrumb\":{\"@id\":\"https:\\\/\\\/retrosteam.de\\\/produkt\\\/retrosteam-pfeifenspitze-large-2\\\/#breadcrumb\"},\"inLanguage\":\"en-US\",\"potentialAction\":[{\"@type\":\"ReadAction\",\"target\":[\"https:\\\/\\\/retrosteam.de\\\/produkt\\\/retrosteam-pfeifenspitze-large-2\\\/\"]}]},{\"@type\":\"ImageObject\",\"inLanguage\":\"en-US\",\"@id\":\"https:\\\/\\\/retrosteam.de\\\/produkt\\\/retrosteam-pfeifenspitze-large-2\\\/#primaryimage\",\"url\":\"https:\\\/\\\/retrosteam.de\\\/wp-content\\\/uploads\\\/2023\\\/12\\\/esche-Large-long-scaled.webp\",\"contentUrl\":\"https:\\\/\\\/retrosteam.de\\\/wp-content\\\/uploads\\\/2023\\\/12\\\/esche-Large-long-scaled.webp\",\"width\":2560,\"height\":2560},{\"@type\":\"BreadcrumbList\",\"@id\":\"https:\\\/\\\/retrosteam.de\\\/produkt\\\/retrosteam-pfeifenspitze-large-2\\\/#breadcrumb\",\"itemListElement\":[{\"@type\":\"ListItem\",\"position\":1,\"name\":\"Startseite\",\"item\":\"https:\\\/\\\/retrosteam.de\\\/\"},{\"@type\":\"ListItem\",\"position\":2,\"name\":\"Store\",\"item\":\"https:\\\/\\\/retrosteam.de\\\/store\\\/\"},{\"@type\":\"ListItem\",\"position\":3,\"name\":\"Retrosteam Pfeifenspitze *Large\"}]},{\"@type\":\"WebSite\",\"@id\":\"https:\\\/\\\/retrosteam.de\\\/#website\",\"url\":\"https:\\\/\\\/retrosteam.de\\\/\",\"name\":\"Retrosteam\",\"description\":\"\",\"publisher\":{\"@id\":\"https:\\\/\\\/retrosteam.de\\\/#organization\"},\"potentialAction\":[{\"@type\":\"SearchAction\",\"target\":{\"@type\":\"EntryPoint\",\"urlTemplate\":\"https:\\\/\\\/retrosteam.de\\\/?s={search_term_string}\"},\"query-input\":{\"@type\":\"PropertyValueSpecification\",\"valueRequired\":true,\"valueName\":\"search_term_string\"}}],\"inLanguage\":\"en-US\"},{\"@type\":\"Organization\",\"@id\":\"https:\\\/\\\/retrosteam.de\\\/#organization\",\"name\":\"Retrosteam\",\"url\":\"https:\\\/\\\/retrosteam.de\\\/\",\"logo\":{\"@type\":\"ImageObject\",\"inLanguage\":\"en-US\",\"@id\":\"https:\\\/\\\/retrosteam.de\\\/#\\\/schema\\\/logo\\\/image\\\/\",\"url\":\"https:\\\/\\\/retrosteam.de\\\/wp-content\\\/uploads\\\/2023\\\/12\\\/cropped-retrosteam_favicon.jpg\",\"contentUrl\":\"https:\\\/\\\/retrosteam.de\\\/wp-content\\\/uploads\\\/2023\\\/12\\\/cropped-retrosteam_favicon.jpg\",\"width\":512,\"height\":512,\"caption\":\"Retrosteam\"},\"image\":{\"@id\":\"https:\\\/\\\/retrosteam.de\\\/#\\\/schema\\\/logo\\\/image\\\/\"},\"sameAs\":[\"https:\\\/\\\/www.facebook.com\\\/p\\\/Retrosteam-100075849401979\\\/\",\"https:\\\/\\\/x.com\\\/retrosteam_\",\"https:\\\/\\\/www.instagram.com\\\/retrosteam_offiziell\",\"https:\\\/\\\/www.youtube.com\\\/@retrosteam992\"]}]}<\/script>\n<!-- \/ Yoast SEO plugin. -->","yoast_head_json":{"title":"Retrosteam Pfeifenspitze *Large - Retrosteam","robots":{"index":"index","follow":"follow","max-snippet":"max-snippet:-1","max-image-preview":"max-image-preview:large","max-video-preview":"max-video-preview:-1"},"canonical":"https:\/\/retrosteam.de\/en\/product\/retrosteam-pfeifenspitze-large-2\/","og_locale":"en_US","og_type":"article","og_title":"Retrosteam Pfeifenspitze *Large - Retrosteam","og_description":"Pfeifenspitze Large - Esche *Mundst\u00fcck: kurz (48mm) - Ist auch mit kurzem Mundst\u00fcck erh\u00e4ltlich. Einfach in die Bestellung *kurz miteingeben Du willst weniger Kondensat, smoothen Rauch im edlen Design? Dann ist die Retrosteam Zigispitze etwas f\u00fcr dich. Durch die L\u00e4nge und die zus\u00e4tzliche Holzstruktur der Spitzen sammelt sich Kondensat besser im Korpus als beim herk\u00f6mmlichen Konsum.Die Spitzen lassen sich zus\u00e4tzlich noch mit 9 mm Filter ausstatten. Durch die Substratfilter hast du zus\u00e4tzlich weniger Belastung und mehr Geschmack. Kein Rauch in den Augen und weniger unangenehme Ger\u00fcche auf der Haut.Das Ablegen l\u00e4ngerer Glimmst\u00e4ngel ist f\u00fcr den sp\u00e4teren Weitergebrauch in der Anwendung ein entspanntes Merkmal. Die Retrosteamspitzen sind f\u00fcr herk\u00f6mmliche Filter mit einem 6 mm Durchmesser, filterlose Drehweise, 9er Aktivkohlefilter oder entsprechende Tips geeignet. Zu verwendenden Filter unter leichtem Druck in das Mundst\u00fcck eindrehen, um einen sicheren Halt zu gew\u00e4hrleisten. SMOOTHER RAUCHWENIGER BELASTUNGKEIN KONDENSAT AM MUNDHANDGEFERTIGTWENIGER GERUCH AN DEN H\u00c4NDENEDLES DESIGNNACHHALTIGWenn du dich f\u00fcr eine Retrosteamspitze entscheidest, kaufst du ein Unikat was vollkommen nat\u00fcrlich behandelt ist.","og_url":"https:\/\/retrosteam.de\/en\/product\/retrosteam-pfeifenspitze-large-2\/","og_site_name":"Retrosteam","article_publisher":"https:\/\/www.facebook.com\/p\/Retrosteam-100075849401979\/","og_image":[{"width":2560,"height":2560,"url":"https:\/\/retrosteam.de\/wp-content\/uploads\/2023\/12\/esche-Large-long-scaled.webp","type":"image\/webp"}],"twitter_card":"summary_large_image","twitter_site":"@retrosteam_","schema":{"@context":"https:\/\/schema.org","@graph":[{"@type":"WebPage","@id":"https:\/\/retrosteam.de\/produkt\/retrosteam-pfeifenspitze-large-2\/","url":"https:\/\/retrosteam.de\/produkt\/retrosteam-pfeifenspitze-large-2\/","name":"Retrosteam Pfeifenspitze *Large - Retrosteam","isPartOf":{"@id":"https:\/\/retrosteam.de\/#website"},"primaryImageOfPage":{"@id":"https:\/\/retrosteam.de\/produkt\/retrosteam-pfeifenspitze-large-2\/#primaryimage"},"image":{"@id":"https:\/\/retrosteam.de\/produkt\/retrosteam-pfeifenspitze-large-2\/#primaryimage"},"thumbnailUrl":"https:\/\/retrosteam.de\/wp-content\/uploads\/2023\/12\/esche-Large-long-scaled.webp","datePublished":"2023-12-19T16:52:06+00:00","breadcrumb":{"@id":"https:\/\/retrosteam.de\/produkt\/retrosteam-pfeifenspitze-large-2\/#breadcrumb"},"inLanguage":"en-US","potentialAction":[{"@type":"ReadAction","target":["https:\/\/retrosteam.de\/produkt\/retrosteam-pfeifenspitze-large-2\/"]}]},{"@type":"ImageObject","inLanguage":"en-US","@id":"https:\/\/retrosteam.de\/produkt\/retrosteam-pfeifenspitze-large-2\/#primaryimage","url":"https:\/\/retrosteam.de\/wp-content\/uploads\/2023\/12\/esche-Large-long-scaled.webp","contentUrl":"https:\/\/retrosteam.de\/wp-content\/uploads\/2023\/12\/esche-Large-long-scaled.webp","width":2560,"height":2560},{"@type":"BreadcrumbList","@id":"https:\/\/retrosteam.de\/produkt\/retrosteam-pfeifenspitze-large-2\/#breadcrumb","itemListElement":[{"@type":"ListItem","position":1,"name":"Startseite","item":"https:\/\/retrosteam.de\/"},{"@type":"ListItem","position":2,"name":"Store","item":"https:\/\/retrosteam.de\/store\/"},{"@type":"ListItem","position":3,"name":"Retrosteam Pfeifenspitze *Large"}]},{"@type":"WebSite","@id":"https:\/\/retrosteam.de\/#website","url":"https:\/\/retrosteam.de\/","name":"Retrosteam","description":"","publisher":{"@id":"https:\/\/retrosteam.de\/#organization"},"potentialAction":[{"@type":"SearchAction","target":{"@type":"EntryPoint","urlTemplate":"https:\/\/retrosteam.de\/?s={search_term_string}"},"query-input":{"@type":"PropertyValueSpecification","valueRequired":true,"valueName":"search_term_string"}}],"inLanguage":"en-US"},{"@type":"Organization","@id":"https:\/\/retrosteam.de\/#organization","name":"Retrosteam","url":"https:\/\/retrosteam.de\/","logo":{"@type":"ImageObject","inLanguage":"en-US","@id":"https:\/\/retrosteam.de\/#\/schema\/logo\/image\/","url":"https:\/\/retrosteam.de\/wp-content\/uploads\/2023\/12\/cropped-retrosteam_favicon.jpg","contentUrl":"https:\/\/retrosteam.de\/wp-content\/uploads\/2023\/12\/cropped-retrosteam_favicon.jpg","width":512,"height":512,"caption":"Retrosteam"},"image":{"@id":"https:\/\/retrosteam.de\/#\/schema\/logo\/image\/"},"sameAs":["https:\/\/www.facebook.com\/p\/Retrosteam-100075849401979\/","https:\/\/x.com\/retrosteam_","https:\/\/www.instagram.com\/retrosteam_offiziell","https:\/\/www.youtube.com\/@retrosteam992"]}]}},"_links":{"self":[{"href":"https:\/\/retrosteam.de\/en\/wp-json\/wp\/v2\/product\/5010","targetHints":{"allow":["GET"]}}],"collection":[{"href":"https:\/\/retrosteam.de\/en\/wp-json\/wp\/v2\/product"}],"about":[{"href":"https:\/\/retrosteam.de\/en\/wp-json\/wp\/v2\/types\/product"}],"replies":[{"embeddable":true,"href":"https:\/\/retrosteam.de\/en\/wp-json\/wp\/v2\/comments?post=5010"}],"version-history":[{"count":0,"href":"https:\/\/retrosteam.de\/en\/wp-json\/wp\/v2\/product\/5010\/revisions"}],"wp:featuredmedia":[{"embeddable":true,"href":"https:\/\/retrosteam.de\/en\/wp-json\/wp\/v2\/media\/5011"}],"wp:attachment":[{"href":"https:\/\/retrosteam.de\/en\/wp-json\/wp\/v2\/media?parent=5010"}],"wp:term":[{"taxonomy":"product_brand","embeddable":true,"href":"https:\/\/retrosteam.de\/en\/wp-json\/wp\/v2\/product_brand?post=5010"},{"taxonomy":"product_cat","embeddable":true,"href":"https:\/\/retrosteam.de\/en\/wp-json\/wp\/v2\/product_cat?post=5010"},{"taxonomy":"product_tag","embeddable":true,"href":"https:\/\/retrosteam.de\/en\/wp-json\/wp\/v2\/product_tag?post=5010"}],"curies":[{"name":"wp","href":"https:\/\/api.w.org\/{rel}","templated":true}]}}