{"id":4985,"date":"2023-12-19T17:27:05","date_gmt":"2023-12-19T16:27:05","guid":{"rendered":"https:\/\/retrosteam.de\/?post_type=product&#038;p=4985"},"modified":"2025-01-14T07:13:38","modified_gmt":"2025-01-14T06:13:38","slug":"retrosteam-befuellungsschale","status":"publish","type":"product","link":"https:\/\/retrosteam.de\/en\/product\/retrosteam-befuellungsschale\/","title":{"rendered":"Retrosteam Filling bowl"},"content":{"rendered":"","protected":false},"excerpt":{"rendered":"<div data-contents=\"true\" data-sanitized-data-contents=\"true\" data-sanitized-data-mce-fragment=\"1\">\n<div class=\"\" data-block=\"true\" data-sanitized-data-block=\"true\" data-editor=\"1l1eh\" data-sanitized-data-editor=\"1l1eh\" data-offset-key=\"c6k5u-0-0\" data-sanitized-data-offset-key=\"c6k5u-0-0\" data-sanitized-data-mce-fragment=\"1\">\n<div class=\"public-DraftStyleDefault-block public-DraftStyleDefault-ltr translation-block\" data-offset-key=\"c6k5u-0-0\" data-sanitized-data-offset-key=\"c6k5u-0-0\" data-sanitized-data-mce-fragment=\"1\">The filling bowls are made from used coconut shells. They are moistened with natural oil and have a small metal plate as a base, which also fits perfectly on a jointtable. There is nothing less crumbly than a filling tray for filling heat chambers or heads!<\/div>\n<div data-offset-key=\"c6k5u-0-0\" data-sanitized-data-offset-key=\"c6k5u-0-0\" data-sanitized-data-mce-fragment=\"1\"><\/div>\n<\/div>\n<div data-offset-key=\"c6k5u-0-0\" data-sanitized-data-offset-key=\"c6k5u-0-0\" data-sanitized-data-mce-fragment=\"1\">\n<p><strong><img fetchpriority=\"high\" decoding=\"async\" src=\"https:\/\/cdn.shopify.com\/s\/files\/1\/0529\/7966\/3004\/files\/Made-in-Germany-Logo-www.german-ma.de_72dpi_480x480.png?v=1621430068\" alt=\"\" width=\"802\" height=\"127\" data-sanitized-data-mce-fragment=\"1\" data-sanitized-data-mce-src=\"https:\/\/cdn.shopify.com\/s\/files\/1\/0529\/7966\/3004\/files\/Made-in-Germany-Logo-www.german-ma.de_72dpi_480x480.png?v=1621430068\" \/><\/strong><\/p>\n<\/div>\n<\/div>","protected":false},"featured_media":4986,"comment_status":"open","ping_status":"closed","template":"","meta":{"site-sidebar-layout":"default","site-content-layout":"","ast-site-content-layout":"default","site-content-style":"default","site-sidebar-style":"default","ast-global-header-display":"","ast-banner-title-visibility":"","ast-main-header-display":"","ast-hfb-above-header-display":"","ast-hfb-below-header-display":"","ast-hfb-mobile-header-display":"","site-post-title":"","ast-breadcrumbs-content":"","ast-featured-img":"","footer-sml-layout":"","ast-disable-related-posts":"","theme-transparent-header-meta":"default","adv-header-id-meta":"","stick-header-meta":"default","header-above-stick-meta":"","header-main-stick-meta":"","header-below-stick-meta":"","astra-migrate-meta-layouts":"set","ast-page-background-enabled":"default","ast-page-background-meta":{"desktop":{"background-color":"","background-image":"","background-repeat":"repeat","background-position":"center center","background-size":"auto","background-attachment":"scroll","background-type":"","background-media":"","overlay-type":"","overlay-color":"","overlay-opacity":"","overlay-gradient":""},"tablet":{"background-color":"","background-image":"","background-repeat":"repeat","background-position":"center center","background-size":"auto","background-attachment":"scroll","background-type":"","background-media":"","overlay-type":"","overlay-color":"","overlay-opacity":"","overlay-gradient":""},"mobile":{"background-color":"","background-image":"","background-repeat":"repeat","background-position":"center center","background-size":"auto","background-attachment":"scroll","background-type":"","background-media":"","overlay-type":"","overlay-color":"","overlay-opacity":"","overlay-gradient":""}},"ast-content-background-meta":{"desktop":{"background-color":"var(--ast-global-color-5)","background-image":"","background-repeat":"repeat","background-position":"center center","background-size":"auto","background-attachment":"scroll","background-type":"","background-media":"","overlay-type":"","overlay-color":"","overlay-opacity":"","overlay-gradient":""},"tablet":{"background-color":"var(--ast-global-color-5)","background-image":"","background-repeat":"repeat","background-position":"center center","background-size":"auto","background-attachment":"scroll","background-type":"","background-media":"","overlay-type":"","overlay-color":"","overlay-opacity":"","overlay-gradient":""},"mobile":{"background-color":"var(--ast-global-color-5)","background-image":"","background-repeat":"repeat","background-position":"center center","background-size":"auto","background-attachment":"scroll","background-type":"","background-media":"","overlay-type":"","overlay-color":"","overlay-opacity":"","overlay-gradient":""}}},"product_brand":[],"product_cat":[60],"product_tag":[],"class_list":{"0":"post-4985","1":"product","2":"type-product","3":"status-publish","4":"has-post-thumbnail","6":"product_cat-in-szene-setzen-deiner-alltaeglichen-begleiter","7":"desktop-align-left","8":"tablet-align-left","9":"mobile-align-left","10":"ast-product-gallery-layout-horizontal-slider","11":"ast-magnify-disabled","12":"ast-product-tabs-layout-horizontal","14":"first","15":"instock","16":"shipping-taxable","17":"purchasable","18":"product-type-simple"},"yoast_head":"<!-- This site is optimized with the Yoast SEO plugin v27.4 - https:\/\/yoast.com\/product\/yoast-seo-wordpress\/ -->\n<title>Retrosteam Bef\u00fcllungsschale - Retrosteam<\/title>\n<meta name=\"robots\" content=\"index, follow, max-snippet:-1, max-image-preview:large, max-video-preview:-1\" \/>\n<link rel=\"canonical\" href=\"https:\/\/retrosteam.de\/en\/product\/retrosteam-befuellungsschale\/\" \/>\n<meta property=\"og:locale\" content=\"en_US\" \/>\n<meta property=\"og:type\" content=\"article\" \/>\n<meta property=\"og:title\" content=\"Retrosteam Bef\u00fcllungsschale - Retrosteam\" \/>\n<meta property=\"og:description\" content=\"Die Bef\u00fcllungsschalen werden aus benutzen Kokosnussschalen hergestellt. Sie sind mit nat\u00fcrlichem \u00d6l benetzt und haben als Fu\u00df eine kleine Metallplatte, die auch optimal auf ein Jointtable passt. Zum Bef\u00fcllen von Hitzekammern oder Kopf gibt es nichts, was weniger kr\u00fcmelt als eine Bef\u00fcllungsschale!\" \/>\n<meta property=\"og:url\" content=\"https:\/\/retrosteam.de\/en\/product\/retrosteam-befuellungsschale\/\" \/>\n<meta property=\"og:site_name\" content=\"Retrosteam\" \/>\n<meta property=\"article:publisher\" content=\"https:\/\/www.facebook.com\/p\/Retrosteam-100075849401979\/\" \/>\n<meta property=\"article:modified_time\" content=\"2025-01-14T06:13:38+00:00\" \/>\n<meta property=\"og:image\" content=\"https:\/\/retrosteam.de\/wp-content\/uploads\/2023\/12\/Unbenannt-2-1-scaled.webp\" \/>\n\t<meta property=\"og:image:width\" content=\"2560\" \/>\n\t<meta property=\"og:image:height\" content=\"2560\" \/>\n\t<meta property=\"og:image:type\" content=\"image\/webp\" \/>\n<meta name=\"twitter:card\" content=\"summary_large_image\" \/>\n<meta name=\"twitter:site\" content=\"@retrosteam_\" \/>\n<meta name=\"twitter:label1\" content=\"Est. reading time\" \/>\n\t<meta name=\"twitter:data1\" content=\"1 minute\" \/>\n<script type=\"application\/ld+json\" class=\"yoast-schema-graph\">{\"@context\":\"https:\\\/\\\/schema.org\",\"@graph\":[{\"@type\":\"WebPage\",\"@id\":\"https:\\\/\\\/retrosteam.de\\\/en\\\/product\\\/retrosteam-befuellungsschale\\\/\",\"url\":\"https:\\\/\\\/retrosteam.de\\\/en\\\/product\\\/retrosteam-befuellungsschale\\\/\",\"name\":\"Retrosteam Bef\u00fcllungsschale - Retrosteam\",\"isPartOf\":{\"@id\":\"https:\\\/\\\/retrosteam.de\\\/#website\"},\"primaryImageOfPage\":{\"@id\":\"https:\\\/\\\/retrosteam.de\\\/en\\\/product\\\/retrosteam-befuellungsschale\\\/#primaryimage\"},\"image\":{\"@id\":\"https:\\\/\\\/retrosteam.de\\\/en\\\/product\\\/retrosteam-befuellungsschale\\\/#primaryimage\"},\"thumbnailUrl\":\"https:\\\/\\\/retrosteam.de\\\/wp-content\\\/uploads\\\/2023\\\/12\\\/Unbenannt-2-1-scaled.webp\",\"datePublished\":\"2023-12-19T16:27:05+00:00\",\"dateModified\":\"2025-01-14T06:13:38+00:00\",\"breadcrumb\":{\"@id\":\"https:\\\/\\\/retrosteam.de\\\/en\\\/product\\\/retrosteam-befuellungsschale\\\/#breadcrumb\"},\"inLanguage\":\"en-US\",\"potentialAction\":[{\"@type\":\"ReadAction\",\"target\":[\"https:\\\/\\\/retrosteam.de\\\/en\\\/product\\\/retrosteam-befuellungsschale\\\/\"]}]},{\"@type\":\"ImageObject\",\"inLanguage\":\"en-US\",\"@id\":\"https:\\\/\\\/retrosteam.de\\\/en\\\/product\\\/retrosteam-befuellungsschale\\\/#primaryimage\",\"url\":\"https:\\\/\\\/retrosteam.de\\\/wp-content\\\/uploads\\\/2023\\\/12\\\/Unbenannt-2-1-scaled.webp\",\"contentUrl\":\"https:\\\/\\\/retrosteam.de\\\/wp-content\\\/uploads\\\/2023\\\/12\\\/Unbenannt-2-1-scaled.webp\",\"width\":2560,\"height\":2560},{\"@type\":\"BreadcrumbList\",\"@id\":\"https:\\\/\\\/retrosteam.de\\\/en\\\/product\\\/retrosteam-befuellungsschale\\\/#breadcrumb\",\"itemListElement\":[{\"@type\":\"ListItem\",\"position\":1,\"name\":\"Startseite\",\"item\":\"https:\\\/\\\/retrosteam.de\\\/\"},{\"@type\":\"ListItem\",\"position\":2,\"name\":\"Store\",\"item\":\"https:\\\/\\\/retrosteam.de\\\/store\\\/\"},{\"@type\":\"ListItem\",\"position\":3,\"name\":\"Retrosteam Bef\u00fcllungsschale\"}]},{\"@type\":\"WebSite\",\"@id\":\"https:\\\/\\\/retrosteam.de\\\/#website\",\"url\":\"https:\\\/\\\/retrosteam.de\\\/\",\"name\":\"Retrosteam\",\"description\":\"\",\"publisher\":{\"@id\":\"https:\\\/\\\/retrosteam.de\\\/#organization\"},\"potentialAction\":[{\"@type\":\"SearchAction\",\"target\":{\"@type\":\"EntryPoint\",\"urlTemplate\":\"https:\\\/\\\/retrosteam.de\\\/?s={search_term_string}\"},\"query-input\":{\"@type\":\"PropertyValueSpecification\",\"valueRequired\":true,\"valueName\":\"search_term_string\"}}],\"inLanguage\":\"en-US\"},{\"@type\":\"Organization\",\"@id\":\"https:\\\/\\\/retrosteam.de\\\/#organization\",\"name\":\"Retrosteam\",\"url\":\"https:\\\/\\\/retrosteam.de\\\/\",\"logo\":{\"@type\":\"ImageObject\",\"inLanguage\":\"en-US\",\"@id\":\"https:\\\/\\\/retrosteam.de\\\/#\\\/schema\\\/logo\\\/image\\\/\",\"url\":\"https:\\\/\\\/retrosteam.de\\\/wp-content\\\/uploads\\\/2023\\\/12\\\/cropped-retrosteam_favicon.jpg\",\"contentUrl\":\"https:\\\/\\\/retrosteam.de\\\/wp-content\\\/uploads\\\/2023\\\/12\\\/cropped-retrosteam_favicon.jpg\",\"width\":512,\"height\":512,\"caption\":\"Retrosteam\"},\"image\":{\"@id\":\"https:\\\/\\\/retrosteam.de\\\/#\\\/schema\\\/logo\\\/image\\\/\"},\"sameAs\":[\"https:\\\/\\\/www.facebook.com\\\/p\\\/Retrosteam-100075849401979\\\/\",\"https:\\\/\\\/x.com\\\/retrosteam_\",\"https:\\\/\\\/www.instagram.com\\\/retrosteam_offiziell\",\"https:\\\/\\\/www.youtube.com\\\/@retrosteam992\"]}]}<\/script>\n<!-- \/ Yoast SEO plugin. -->","yoast_head_json":{"title":"Retrosteam Bef\u00fcllungsschale - Retrosteam","robots":{"index":"index","follow":"follow","max-snippet":"max-snippet:-1","max-image-preview":"max-image-preview:large","max-video-preview":"max-video-preview:-1"},"canonical":"https:\/\/retrosteam.de\/en\/product\/retrosteam-befuellungsschale\/","og_locale":"en_US","og_type":"article","og_title":"Retrosteam Bef\u00fcllungsschale - Retrosteam","og_description":"Die Bef\u00fcllungsschalen werden aus benutzen Kokosnussschalen hergestellt. Sie sind mit nat\u00fcrlichem \u00d6l benetzt und haben als Fu\u00df eine kleine Metallplatte, die auch optimal auf ein Jointtable passt. Zum Bef\u00fcllen von Hitzekammern oder Kopf gibt es nichts, was weniger kr\u00fcmelt als eine Bef\u00fcllungsschale!","og_url":"https:\/\/retrosteam.de\/en\/product\/retrosteam-befuellungsschale\/","og_site_name":"Retrosteam","article_publisher":"https:\/\/www.facebook.com\/p\/Retrosteam-100075849401979\/","article_modified_time":"2025-01-14T06:13:38+00:00","og_image":[{"width":2560,"height":2560,"url":"https:\/\/retrosteam.de\/wp-content\/uploads\/2023\/12\/Unbenannt-2-1-scaled.webp","type":"image\/webp"}],"twitter_card":"summary_large_image","twitter_site":"@retrosteam_","twitter_misc":{"Est. reading time":"1 minute"},"schema":{"@context":"https:\/\/schema.org","@graph":[{"@type":"WebPage","@id":"https:\/\/retrosteam.de\/en\/product\/retrosteam-befuellungsschale\/","url":"https:\/\/retrosteam.de\/en\/product\/retrosteam-befuellungsschale\/","name":"Retrosteam Bef\u00fcllungsschale - Retrosteam","isPartOf":{"@id":"https:\/\/retrosteam.de\/#website"},"primaryImageOfPage":{"@id":"https:\/\/retrosteam.de\/en\/product\/retrosteam-befuellungsschale\/#primaryimage"},"image":{"@id":"https:\/\/retrosteam.de\/en\/product\/retrosteam-befuellungsschale\/#primaryimage"},"thumbnailUrl":"https:\/\/retrosteam.de\/wp-content\/uploads\/2023\/12\/Unbenannt-2-1-scaled.webp","datePublished":"2023-12-19T16:27:05+00:00","dateModified":"2025-01-14T06:13:38+00:00","breadcrumb":{"@id":"https:\/\/retrosteam.de\/en\/product\/retrosteam-befuellungsschale\/#breadcrumb"},"inLanguage":"en-US","potentialAction":[{"@type":"ReadAction","target":["https:\/\/retrosteam.de\/en\/product\/retrosteam-befuellungsschale\/"]}]},{"@type":"ImageObject","inLanguage":"en-US","@id":"https:\/\/retrosteam.de\/en\/product\/retrosteam-befuellungsschale\/#primaryimage","url":"https:\/\/retrosteam.de\/wp-content\/uploads\/2023\/12\/Unbenannt-2-1-scaled.webp","contentUrl":"https:\/\/retrosteam.de\/wp-content\/uploads\/2023\/12\/Unbenannt-2-1-scaled.webp","width":2560,"height":2560},{"@type":"BreadcrumbList","@id":"https:\/\/retrosteam.de\/en\/product\/retrosteam-befuellungsschale\/#breadcrumb","itemListElement":[{"@type":"ListItem","position":1,"name":"Startseite","item":"https:\/\/retrosteam.de\/"},{"@type":"ListItem","position":2,"name":"Store","item":"https:\/\/retrosteam.de\/store\/"},{"@type":"ListItem","position":3,"name":"Retrosteam Bef\u00fcllungsschale"}]},{"@type":"WebSite","@id":"https:\/\/retrosteam.de\/#website","url":"https:\/\/retrosteam.de\/","name":"Retrosteam","description":"","publisher":{"@id":"https:\/\/retrosteam.de\/#organization"},"potentialAction":[{"@type":"SearchAction","target":{"@type":"EntryPoint","urlTemplate":"https:\/\/retrosteam.de\/?s={search_term_string}"},"query-input":{"@type":"PropertyValueSpecification","valueRequired":true,"valueName":"search_term_string"}}],"inLanguage":"en-US"},{"@type":"Organization","@id":"https:\/\/retrosteam.de\/#organization","name":"Retrosteam","url":"https:\/\/retrosteam.de\/","logo":{"@type":"ImageObject","inLanguage":"en-US","@id":"https:\/\/retrosteam.de\/#\/schema\/logo\/image\/","url":"https:\/\/retrosteam.de\/wp-content\/uploads\/2023\/12\/cropped-retrosteam_favicon.jpg","contentUrl":"https:\/\/retrosteam.de\/wp-content\/uploads\/2023\/12\/cropped-retrosteam_favicon.jpg","width":512,"height":512,"caption":"Retrosteam"},"image":{"@id":"https:\/\/retrosteam.de\/#\/schema\/logo\/image\/"},"sameAs":["https:\/\/www.facebook.com\/p\/Retrosteam-100075849401979\/","https:\/\/x.com\/retrosteam_","https:\/\/www.instagram.com\/retrosteam_offiziell","https:\/\/www.youtube.com\/@retrosteam992"]}]}},"_links":{"self":[{"href":"https:\/\/retrosteam.de\/en\/wp-json\/wp\/v2\/product\/4985","targetHints":{"allow":["GET"]}}],"collection":[{"href":"https:\/\/retrosteam.de\/en\/wp-json\/wp\/v2\/product"}],"about":[{"href":"https:\/\/retrosteam.de\/en\/wp-json\/wp\/v2\/types\/product"}],"replies":[{"embeddable":true,"href":"https:\/\/retrosteam.de\/en\/wp-json\/wp\/v2\/comments?post=4985"}],"version-history":[{"count":0,"href":"https:\/\/retrosteam.de\/en\/wp-json\/wp\/v2\/product\/4985\/revisions"}],"wp:featuredmedia":[{"embeddable":true,"href":"https:\/\/retrosteam.de\/en\/wp-json\/wp\/v2\/media\/4986"}],"wp:attachment":[{"href":"https:\/\/retrosteam.de\/en\/wp-json\/wp\/v2\/media?parent=4985"}],"wp:term":[{"taxonomy":"product_brand","embeddable":true,"href":"https:\/\/retrosteam.de\/en\/wp-json\/wp\/v2\/product_brand?post=4985"},{"taxonomy":"product_cat","embeddable":true,"href":"https:\/\/retrosteam.de\/en\/wp-json\/wp\/v2\/product_cat?post=4985"},{"taxonomy":"product_tag","embeddable":true,"href":"https:\/\/retrosteam.de\/en\/wp-json\/wp\/v2\/product_tag?post=4985"}],"curies":[{"name":"wp","href":"https:\/\/api.w.org\/{rel}","templated":true}]}}