{"id":4925,"date":"2023-12-19T16:12:41","date_gmt":"2023-12-19T15:12:41","guid":{"rendered":"https:\/\/retrosteam.de\/?post_type=product&#038;p=4925"},"modified":"2024-09-27T09:53:09","modified_gmt":"2024-09-27T07:53:09","slug":"retrosteam-classic-top","status":"publish","type":"product","link":"https:\/\/retrosteam.de\/en\/product\/retrosteam-classic-top\/","title":{"rendered":"Retrosteam Classic Top"},"content":{"rendered":"","protected":false},"excerpt":{"rendered":"<p data-sanitized-data-mce-fragment=\"1\">blackened cherry \/ The ignition tube can be unscrewed.<\/p>\n<p data-sanitized-data-mce-fragment=\"1\"><strong data-sanitized-data-mce-fragment=\"1\">Do you think the pipes are cool? Do you already own a few pieces? Have you produced fat clouds at a friend's house but can't afford the pipes? Then you should take a look at the Retrosteam Classic Top.<\/strong><\/p>\n<p data-sanitized-data-mce-fragment=\"1\">The tops are turned by hand. In combination with the high-quality stainless steel, they become an adaptable vaporizer. The steamtop is designed for pipes with a tobacco bore between 20-22mm. This turns a normal pipe into a fully-fledged retrosteam.<\/p>\n<p data-sanitized-data-mce-fragment=\"1\" class=\"translation-block\">UNIQUE SURFACE\nEASY THREADED CLOSURE\nHIGH QUALITY STAINLESS STEEL\nCOMPLETELY HANDMADE\nDOSING CAPS 15mm \u00d8 - OPTIONAL \nCUSTOMIZED DESIGN  \nAPPLICABLE TO OTHER PIPES\nDIFFERENT WOODS<\/p>\n<p data-sanitized-data-mce-fragment=\"1\"><strong data-sanitized-data-mce-fragment=\"1\">Buy a retro team top now and resurrect your pipe!<\/strong><\/p>\n<p>&nbsp;<\/p>\n<p data-sanitized-data-mce-fragment=\"1\"><strong data-sanitized-data-mce-fragment=\"1\"><img fetchpriority=\"high\" decoding=\"async\" src=\"https:\/\/cdn.shopify.com\/s\/files\/1\/0529\/7966\/3004\/files\/Made-in-Germany-Logo-www.german-ma.de_72dpi_480x480.png?v=1621430068\" alt=\"\" width=\"802\" height=\"127\" data-sanitized-data-mce-fragment=\"1\" \/><\/strong><\/p>","protected":false},"featured_media":4926,"comment_status":"open","ping_status":"closed","template":"","meta":{"site-sidebar-layout":"default","site-content-layout":"","ast-site-content-layout":"default","site-content-style":"default","site-sidebar-style":"default","ast-global-header-display":"","ast-banner-title-visibility":"","ast-main-header-display":"","ast-hfb-above-header-display":"","ast-hfb-below-header-display":"","ast-hfb-mobile-header-display":"","site-post-title":"","ast-breadcrumbs-content":"","ast-featured-img":"","footer-sml-layout":"","ast-disable-related-posts":"","theme-transparent-header-meta":"default","adv-header-id-meta":"","stick-header-meta":"default","header-above-stick-meta":"","header-main-stick-meta":"","header-below-stick-meta":"","astra-migrate-meta-layouts":"set","ast-page-background-enabled":"default","ast-page-background-meta":{"desktop":{"background-color":"","background-image":"","background-repeat":"repeat","background-position":"center center","background-size":"auto","background-attachment":"scroll","background-type":"","background-media":"","overlay-type":"","overlay-color":"","overlay-opacity":"","overlay-gradient":""},"tablet":{"background-color":"","background-image":"","background-repeat":"repeat","background-position":"center center","background-size":"auto","background-attachment":"scroll","background-type":"","background-media":"","overlay-type":"","overlay-color":"","overlay-opacity":"","overlay-gradient":""},"mobile":{"background-color":"","background-image":"","background-repeat":"repeat","background-position":"center center","background-size":"auto","background-attachment":"scroll","background-type":"","background-media":"","overlay-type":"","overlay-color":"","overlay-opacity":"","overlay-gradient":""}},"ast-content-background-meta":{"desktop":{"background-color":"var(--ast-global-color-5)","background-image":"","background-repeat":"repeat","background-position":"center center","background-size":"auto","background-attachment":"scroll","background-type":"","background-media":"","overlay-type":"","overlay-color":"","overlay-opacity":"","overlay-gradient":""},"tablet":{"background-color":"var(--ast-global-color-5)","background-image":"","background-repeat":"repeat","background-position":"center center","background-size":"auto","background-attachment":"scroll","background-type":"","background-media":"","overlay-type":"","overlay-color":"","overlay-opacity":"","overlay-gradient":""},"mobile":{"background-color":"var(--ast-global-color-5)","background-image":"","background-repeat":"repeat","background-position":"center center","background-size":"auto","background-attachment":"scroll","background-type":"","background-media":"","overlay-type":"","overlay-color":"","overlay-opacity":"","overlay-gradient":""}}},"product_brand":[],"product_cat":[65],"product_tag":[],"class_list":{"0":"post-4925","1":"product","2":"type-product","3":"status-publish","4":"has-post-thumbnail","6":"product_cat-manufakturarbeit-3","7":"desktop-align-left","8":"tablet-align-left","9":"mobile-align-left","10":"ast-product-gallery-layout-horizontal-slider","11":"ast-product-gallery-with-no-image","12":"ast-magnify-disabled","13":"ast-product-tabs-layout-horizontal","15":"first","16":"outofstock","17":"shipping-taxable","18":"purchasable","19":"product-type-simple"},"yoast_head":"<!-- This site is optimized with the Yoast SEO plugin v27.4 - https:\/\/yoast.com\/product\/yoast-seo-wordpress\/ -->\n<title>Retrosteam Classic Top - Retrosteam<\/title>\n<meta name=\"robots\" content=\"index, follow, max-snippet:-1, max-image-preview:large, max-video-preview:-1\" \/>\n<link rel=\"canonical\" href=\"https:\/\/retrosteam.de\/en\/product\/retrosteam-classic-top\/\" \/>\n<meta property=\"og:locale\" content=\"en_US\" \/>\n<meta property=\"og:type\" content=\"article\" \/>\n<meta property=\"og:title\" content=\"Retrosteam Classic Top - Retrosteam\" \/>\n<meta property=\"og:description\" content=\"geschw\u00e4rzte Kirsche \/ Das Z\u00fcndrohr l\u00e4sst sich herrausdrehen. Du findest die Pfeifen l\u00e4ssig? Besitzt schon einige St\u00fccke? Du hast bei einem Freund fette Wolken produziert, doch kannst dir die Pfeifen nicht leisten? Dann solltest du dir das Retrosteam Classic Top anschauen. Die Tops sind von Hand gedrechselt. Sie werden in Verbindung mit dem hochwertigen Edelstahl zu einem adaptierbaren Vaporizer. Das Steamtop ist f\u00fcr Pfeifen mit einer Tabakbohrung zwischen 20-22mm konzipiert. So wird aus einer normalen Pfeife ein vollwertiger Retrosteam. EINZIGARTIGE OBERFL\u00c4CHELEICHTER GEWINDEVERSCHLUSSHOCHWERTIGER EDELSTAHLVOLLKOMMEN HANDGEFERTIGTDOSIERKAPSELN 15mm\u00a0\u00d8 \u2013\u00a0OPTIONAL\u00a0INDIVIDUELLES DESIGN \u00a0AUF ANDERE PFEIFEN ANWENDBARVERSCHIEDENE H\u00d6LZER Kaufe jetzt ein Retrosteam-Top und lass deine Pfeife auferstehen! &nbsp;\" \/>\n<meta property=\"og:url\" content=\"https:\/\/retrosteam.de\/en\/product\/retrosteam-classic-top\/\" \/>\n<meta property=\"og:site_name\" content=\"Retrosteam\" \/>\n<meta property=\"article:publisher\" content=\"https:\/\/www.facebook.com\/p\/Retrosteam-100075849401979\/\" \/>\n<meta property=\"article:modified_time\" content=\"2024-09-27T07:53:09+00:00\" \/>\n<meta property=\"og:image\" content=\"https:\/\/retrosteam.de\/wp-content\/uploads\/2023\/12\/toppich-scaled.webp\" \/>\n\t<meta property=\"og:image:width\" content=\"2560\" \/>\n\t<meta property=\"og:image:height\" content=\"2560\" \/>\n\t<meta property=\"og:image:type\" content=\"image\/webp\" \/>\n<meta name=\"twitter:card\" content=\"summary_large_image\" \/>\n<meta name=\"twitter:site\" content=\"@retrosteam_\" \/>\n<meta name=\"twitter:label1\" content=\"Est. reading time\" \/>\n\t<meta name=\"twitter:data1\" content=\"1 minute\" \/>\n<script type=\"application\/ld+json\" class=\"yoast-schema-graph\">{\"@context\":\"https:\\\/\\\/schema.org\",\"@graph\":[{\"@type\":\"WebPage\",\"@id\":\"https:\\\/\\\/retrosteam.de\\\/produkt\\\/retrosteam-classic-top\\\/\",\"url\":\"https:\\\/\\\/retrosteam.de\\\/produkt\\\/retrosteam-classic-top\\\/\",\"name\":\"Retrosteam Classic Top - Retrosteam\",\"isPartOf\":{\"@id\":\"https:\\\/\\\/retrosteam.de\\\/#website\"},\"primaryImageOfPage\":{\"@id\":\"https:\\\/\\\/retrosteam.de\\\/produkt\\\/retrosteam-classic-top\\\/#primaryimage\"},\"image\":{\"@id\":\"https:\\\/\\\/retrosteam.de\\\/produkt\\\/retrosteam-classic-top\\\/#primaryimage\"},\"thumbnailUrl\":\"https:\\\/\\\/retrosteam.de\\\/wp-content\\\/uploads\\\/2023\\\/12\\\/toppich-scaled.webp\",\"datePublished\":\"2023-12-19T15:12:41+00:00\",\"dateModified\":\"2024-09-27T07:53:09+00:00\",\"breadcrumb\":{\"@id\":\"https:\\\/\\\/retrosteam.de\\\/produkt\\\/retrosteam-classic-top\\\/#breadcrumb\"},\"inLanguage\":\"en-US\",\"potentialAction\":[{\"@type\":\"ReadAction\",\"target\":[\"https:\\\/\\\/retrosteam.de\\\/produkt\\\/retrosteam-classic-top\\\/\"]}]},{\"@type\":\"ImageObject\",\"inLanguage\":\"en-US\",\"@id\":\"https:\\\/\\\/retrosteam.de\\\/produkt\\\/retrosteam-classic-top\\\/#primaryimage\",\"url\":\"https:\\\/\\\/retrosteam.de\\\/wp-content\\\/uploads\\\/2023\\\/12\\\/toppich-scaled.webp\",\"contentUrl\":\"https:\\\/\\\/retrosteam.de\\\/wp-content\\\/uploads\\\/2023\\\/12\\\/toppich-scaled.webp\",\"width\":2560,\"height\":2560},{\"@type\":\"BreadcrumbList\",\"@id\":\"https:\\\/\\\/retrosteam.de\\\/produkt\\\/retrosteam-classic-top\\\/#breadcrumb\",\"itemListElement\":[{\"@type\":\"ListItem\",\"position\":1,\"name\":\"Startseite\",\"item\":\"https:\\\/\\\/retrosteam.de\\\/\"},{\"@type\":\"ListItem\",\"position\":2,\"name\":\"Store\",\"item\":\"https:\\\/\\\/retrosteam.de\\\/store\\\/\"},{\"@type\":\"ListItem\",\"position\":3,\"name\":\"Retrosteam Classic Top\"}]},{\"@type\":\"WebSite\",\"@id\":\"https:\\\/\\\/retrosteam.de\\\/#website\",\"url\":\"https:\\\/\\\/retrosteam.de\\\/\",\"name\":\"Retrosteam\",\"description\":\"\",\"publisher\":{\"@id\":\"https:\\\/\\\/retrosteam.de\\\/#organization\"},\"potentialAction\":[{\"@type\":\"SearchAction\",\"target\":{\"@type\":\"EntryPoint\",\"urlTemplate\":\"https:\\\/\\\/retrosteam.de\\\/?s={search_term_string}\"},\"query-input\":{\"@type\":\"PropertyValueSpecification\",\"valueRequired\":true,\"valueName\":\"search_term_string\"}}],\"inLanguage\":\"en-US\"},{\"@type\":\"Organization\",\"@id\":\"https:\\\/\\\/retrosteam.de\\\/#organization\",\"name\":\"Retrosteam\",\"url\":\"https:\\\/\\\/retrosteam.de\\\/\",\"logo\":{\"@type\":\"ImageObject\",\"inLanguage\":\"en-US\",\"@id\":\"https:\\\/\\\/retrosteam.de\\\/#\\\/schema\\\/logo\\\/image\\\/\",\"url\":\"https:\\\/\\\/retrosteam.de\\\/wp-content\\\/uploads\\\/2023\\\/12\\\/cropped-retrosteam_favicon.jpg\",\"contentUrl\":\"https:\\\/\\\/retrosteam.de\\\/wp-content\\\/uploads\\\/2023\\\/12\\\/cropped-retrosteam_favicon.jpg\",\"width\":512,\"height\":512,\"caption\":\"Retrosteam\"},\"image\":{\"@id\":\"https:\\\/\\\/retrosteam.de\\\/#\\\/schema\\\/logo\\\/image\\\/\"},\"sameAs\":[\"https:\\\/\\\/www.facebook.com\\\/p\\\/Retrosteam-100075849401979\\\/\",\"https:\\\/\\\/x.com\\\/retrosteam_\",\"https:\\\/\\\/www.instagram.com\\\/retrosteam_offiziell\",\"https:\\\/\\\/www.youtube.com\\\/@retrosteam992\"]}]}<\/script>\n<!-- \/ Yoast SEO plugin. -->","yoast_head_json":{"title":"Retrosteam Classic Top - Retrosteam","robots":{"index":"index","follow":"follow","max-snippet":"max-snippet:-1","max-image-preview":"max-image-preview:large","max-video-preview":"max-video-preview:-1"},"canonical":"https:\/\/retrosteam.de\/en\/product\/retrosteam-classic-top\/","og_locale":"en_US","og_type":"article","og_title":"Retrosteam Classic Top - Retrosteam","og_description":"geschw\u00e4rzte Kirsche \/ Das Z\u00fcndrohr l\u00e4sst sich herrausdrehen. Du findest die Pfeifen l\u00e4ssig? Besitzt schon einige St\u00fccke? Du hast bei einem Freund fette Wolken produziert, doch kannst dir die Pfeifen nicht leisten? Dann solltest du dir das Retrosteam Classic Top anschauen. Die Tops sind von Hand gedrechselt. Sie werden in Verbindung mit dem hochwertigen Edelstahl zu einem adaptierbaren Vaporizer. Das Steamtop ist f\u00fcr Pfeifen mit einer Tabakbohrung zwischen 20-22mm konzipiert. So wird aus einer normalen Pfeife ein vollwertiger Retrosteam. EINZIGARTIGE OBERFL\u00c4CHELEICHTER GEWINDEVERSCHLUSSHOCHWERTIGER EDELSTAHLVOLLKOMMEN HANDGEFERTIGTDOSIERKAPSELN 15mm\u00a0\u00d8 \u2013\u00a0OPTIONAL\u00a0INDIVIDUELLES DESIGN \u00a0AUF ANDERE PFEIFEN ANWENDBARVERSCHIEDENE H\u00d6LZER Kaufe jetzt ein Retrosteam-Top und lass deine Pfeife auferstehen! &nbsp;","og_url":"https:\/\/retrosteam.de\/en\/product\/retrosteam-classic-top\/","og_site_name":"Retrosteam","article_publisher":"https:\/\/www.facebook.com\/p\/Retrosteam-100075849401979\/","article_modified_time":"2024-09-27T07:53:09+00:00","og_image":[{"width":2560,"height":2560,"url":"https:\/\/retrosteam.de\/wp-content\/uploads\/2023\/12\/toppich-scaled.webp","type":"image\/webp"}],"twitter_card":"summary_large_image","twitter_site":"@retrosteam_","twitter_misc":{"Est. reading time":"1 minute"},"schema":{"@context":"https:\/\/schema.org","@graph":[{"@type":"WebPage","@id":"https:\/\/retrosteam.de\/produkt\/retrosteam-classic-top\/","url":"https:\/\/retrosteam.de\/produkt\/retrosteam-classic-top\/","name":"Retrosteam Classic Top - Retrosteam","isPartOf":{"@id":"https:\/\/retrosteam.de\/#website"},"primaryImageOfPage":{"@id":"https:\/\/retrosteam.de\/produkt\/retrosteam-classic-top\/#primaryimage"},"image":{"@id":"https:\/\/retrosteam.de\/produkt\/retrosteam-classic-top\/#primaryimage"},"thumbnailUrl":"https:\/\/retrosteam.de\/wp-content\/uploads\/2023\/12\/toppich-scaled.webp","datePublished":"2023-12-19T15:12:41+00:00","dateModified":"2024-09-27T07:53:09+00:00","breadcrumb":{"@id":"https:\/\/retrosteam.de\/produkt\/retrosteam-classic-top\/#breadcrumb"},"inLanguage":"en-US","potentialAction":[{"@type":"ReadAction","target":["https:\/\/retrosteam.de\/produkt\/retrosteam-classic-top\/"]}]},{"@type":"ImageObject","inLanguage":"en-US","@id":"https:\/\/retrosteam.de\/produkt\/retrosteam-classic-top\/#primaryimage","url":"https:\/\/retrosteam.de\/wp-content\/uploads\/2023\/12\/toppich-scaled.webp","contentUrl":"https:\/\/retrosteam.de\/wp-content\/uploads\/2023\/12\/toppich-scaled.webp","width":2560,"height":2560},{"@type":"BreadcrumbList","@id":"https:\/\/retrosteam.de\/produkt\/retrosteam-classic-top\/#breadcrumb","itemListElement":[{"@type":"ListItem","position":1,"name":"Startseite","item":"https:\/\/retrosteam.de\/"},{"@type":"ListItem","position":2,"name":"Store","item":"https:\/\/retrosteam.de\/store\/"},{"@type":"ListItem","position":3,"name":"Retrosteam Classic Top"}]},{"@type":"WebSite","@id":"https:\/\/retrosteam.de\/#website","url":"https:\/\/retrosteam.de\/","name":"Retrosteam","description":"","publisher":{"@id":"https:\/\/retrosteam.de\/#organization"},"potentialAction":[{"@type":"SearchAction","target":{"@type":"EntryPoint","urlTemplate":"https:\/\/retrosteam.de\/?s={search_term_string}"},"query-input":{"@type":"PropertyValueSpecification","valueRequired":true,"valueName":"search_term_string"}}],"inLanguage":"en-US"},{"@type":"Organization","@id":"https:\/\/retrosteam.de\/#organization","name":"Retrosteam","url":"https:\/\/retrosteam.de\/","logo":{"@type":"ImageObject","inLanguage":"en-US","@id":"https:\/\/retrosteam.de\/#\/schema\/logo\/image\/","url":"https:\/\/retrosteam.de\/wp-content\/uploads\/2023\/12\/cropped-retrosteam_favicon.jpg","contentUrl":"https:\/\/retrosteam.de\/wp-content\/uploads\/2023\/12\/cropped-retrosteam_favicon.jpg","width":512,"height":512,"caption":"Retrosteam"},"image":{"@id":"https:\/\/retrosteam.de\/#\/schema\/logo\/image\/"},"sameAs":["https:\/\/www.facebook.com\/p\/Retrosteam-100075849401979\/","https:\/\/x.com\/retrosteam_","https:\/\/www.instagram.com\/retrosteam_offiziell","https:\/\/www.youtube.com\/@retrosteam992"]}]}},"_links":{"self":[{"href":"https:\/\/retrosteam.de\/en\/wp-json\/wp\/v2\/product\/4925","targetHints":{"allow":["GET"]}}],"collection":[{"href":"https:\/\/retrosteam.de\/en\/wp-json\/wp\/v2\/product"}],"about":[{"href":"https:\/\/retrosteam.de\/en\/wp-json\/wp\/v2\/types\/product"}],"replies":[{"embeddable":true,"href":"https:\/\/retrosteam.de\/en\/wp-json\/wp\/v2\/comments?post=4925"}],"version-history":[{"count":0,"href":"https:\/\/retrosteam.de\/en\/wp-json\/wp\/v2\/product\/4925\/revisions"}],"wp:featuredmedia":[{"embeddable":true,"href":"https:\/\/retrosteam.de\/en\/wp-json\/wp\/v2\/media\/4926"}],"wp:attachment":[{"href":"https:\/\/retrosteam.de\/en\/wp-json\/wp\/v2\/media?parent=4925"}],"wp:term":[{"taxonomy":"product_brand","embeddable":true,"href":"https:\/\/retrosteam.de\/en\/wp-json\/wp\/v2\/product_brand?post=4925"},{"taxonomy":"product_cat","embeddable":true,"href":"https:\/\/retrosteam.de\/en\/wp-json\/wp\/v2\/product_cat?post=4925"},{"taxonomy":"product_tag","embeddable":true,"href":"https:\/\/retrosteam.de\/en\/wp-json\/wp\/v2\/product_tag?post=4925"}],"curies":[{"name":"wp","href":"https:\/\/api.w.org\/{rel}","templated":true}]}}