{"id":4885,"date":"2023-12-19T15:33:05","date_gmt":"2023-12-19T14:33:05","guid":{"rendered":"https:\/\/retrosteam.de\/?post_type=product&#038;p=4885"},"modified":"2023-12-19T15:33:25","modified_gmt":"2023-12-19T14:33:25","slug":"retrosteam-classic-vulcan","status":"publish","type":"product","link":"https:\/\/retrosteam.de\/en\/product\/retrosteam-classic-vulcan\/","title":{"rendered":"Retrosteam Classic *Vulcan"},"content":{"rendered":"","protected":false},"excerpt":{"rendered":"<p data-sanitized-data-mce-fragment=\"1\">Vulcan &#8211; f\u00fcllt die Hand recht ordentlich aus<\/p>\n<p data-sanitized-data-mce-fragment=\"1\"><strong data-sanitized-data-mce-fragment=\"1\">Are you a proponent of classic pipe design? Are you looking for individual, unique vaporizers, pipes that fit together and convey an old-school vibe? Then take a look at the classic pipes.<\/strong><\/p>\n<p data-sanitized-data-mce-fragment=\"1\">Die Pfeifen werden vollst\u00e4ndig von der Holzbeschaffung bis hin zum fertigen Classic-Modell von mir in meiner Werkstatt angefertigt. Die Holzoberfl\u00e4che entsteht in weit mehr als 40 Arbeitsschritten und macht jede Pfeife zu etwas ganz Besonderem. Sch\u00f6ne H\u00f6lzer wie auch hochwertiger Edelstahl verbinden sich in einer einzigartigen Pfeife.<\/p>\n<p data-sanitized-data-mce-fragment=\"1\">A completely closed system with an easy threaded closure. The upper part of the pipes can be adapted to standard pipes with a diameter of 20-22 mm using the sealing rings supplied.<\/p>\n<p data-sanitized-data-mce-fragment=\"1\">Auf Grund seiner Bauweise ist das Pfeifchen perfekt f\u00fcr dich, wenn du einen Vaporizer suchst, wo sich das Aroma gem\u00e4chlich aufbaut und sich extrem sicher verdampfen l\u00e4sst.<\/p>\n<p data-sanitized-data-mce-fragment=\"1\"><br data-sanitized-data-mce-fragment=\"1\" \/>UNIQUE SURFACE<br data-sanitized-data-mce-fragment=\"1\" \/>HANDSCHMEICHLER<br data-sanitized-data-mce-fragment=\"1\" \/>LEICHTER GEWINDEVERSCHLUSS<br data-sanitized-data-mce-fragment=\"1\" \/>HIGH QUALITY STAINLESS STEEL <br data-sanitized-data-mce-fragment=\"1\" \/>VOLLKOMMEN HANDGEFERTIGT<br data-sanitized-data-mce-fragment=\"1\" \/>DOSIERKAPSELN 15mm\u00a0\u00d8 \u2013\u00a0OPTIONAL\u00a0<br data-sanitized-data-mce-fragment=\"1\" \/>INDIVIDUELLES DESIGN \u00a0<br data-sanitized-data-mce-fragment=\"1\" \/>AUF ANDERE PFEIFEN ANWENDBAR<br data-sanitized-data-mce-fragment=\"1\" \/>VERSCHIEDENE H\u00d6LZER <br data-sanitized-data-mce-fragment=\"1\" \/><br data-sanitized-data-mce-fragment=\"1\" \/><br data-sanitized-data-mce-fragment=\"1\" \/><\/p>\n<p data-sanitized-data-mce-fragment=\"1\"><strong data-sanitized-data-mce-fragment=\"1\">The Retrosteam Classic - the one-off for anyone looking for something unique. <\/strong><\/p>\n<p data-sanitized-data-mce-fragment=\"1\"><strong data-sanitized-data-mce-fragment=\"1\">Dense steam becomes an experience.<\/strong><\/p>\n<p data-sanitized-data-mce-fragment=\"1\"><img fetchpriority=\"high\" decoding=\"async\" src=\"https:\/\/cdn.shopify.com\/s\/files\/1\/0529\/7966\/3004\/files\/Made-in-Germany-Logo-www.german-ma.de_72dpi_480x480.png?v=1621430068\" alt=\"\" width=\"802\" height=\"127\" data-sanitized-data-mce-fragment=\"1\" data-sanitized-data-mce-src=\"https:\/\/cdn.shopify.com\/s\/files\/1\/0529\/7966\/3004\/files\/Made-in-Germany-Logo-www.german-ma.de_72dpi_480x480.png?v=1621430068\" \/><\/p>","protected":false},"featured_media":4889,"comment_status":"open","ping_status":"closed","template":"","meta":{"site-sidebar-layout":"default","site-content-layout":"","ast-site-content-layout":"default","site-content-style":"default","site-sidebar-style":"default","ast-global-header-display":"","ast-banner-title-visibility":"","ast-main-header-display":"","ast-hfb-above-header-display":"","ast-hfb-below-header-display":"","ast-hfb-mobile-header-display":"","site-post-title":"","ast-breadcrumbs-content":"","ast-featured-img":"","footer-sml-layout":"","ast-disable-related-posts":"","theme-transparent-header-meta":"default","adv-header-id-meta":"","stick-header-meta":"default","header-above-stick-meta":"","header-main-stick-meta":"","header-below-stick-meta":"","astra-migrate-meta-layouts":"set","ast-page-background-enabled":"default","ast-page-background-meta":{"desktop":{"background-color":"","background-image":"","background-repeat":"repeat","background-position":"center center","background-size":"auto","background-attachment":"scroll","background-type":"","background-media":"","overlay-type":"","overlay-color":"","overlay-opacity":"","overlay-gradient":""},"tablet":{"background-color":"","background-image":"","background-repeat":"repeat","background-position":"center center","background-size":"auto","background-attachment":"scroll","background-type":"","background-media":"","overlay-type":"","overlay-color":"","overlay-opacity":"","overlay-gradient":""},"mobile":{"background-color":"","background-image":"","background-repeat":"repeat","background-position":"center center","background-size":"auto","background-attachment":"scroll","background-type":"","background-media":"","overlay-type":"","overlay-color":"","overlay-opacity":"","overlay-gradient":""}},"ast-content-background-meta":{"desktop":{"background-color":"var(--ast-global-color-5)","background-image":"","background-repeat":"repeat","background-position":"center center","background-size":"auto","background-attachment":"scroll","background-type":"","background-media":"","overlay-type":"","overlay-color":"","overlay-opacity":"","overlay-gradient":""},"tablet":{"background-color":"var(--ast-global-color-5)","background-image":"","background-repeat":"repeat","background-position":"center center","background-size":"auto","background-attachment":"scroll","background-type":"","background-media":"","overlay-type":"","overlay-color":"","overlay-opacity":"","overlay-gradient":""},"mobile":{"background-color":"var(--ast-global-color-5)","background-image":"","background-repeat":"repeat","background-position":"center center","background-size":"auto","background-attachment":"scroll","background-type":"","background-media":"","overlay-type":"","overlay-color":"","overlay-opacity":"","overlay-gradient":""}}},"product_brand":[],"product_cat":[66],"product_tag":[],"class_list":{"0":"post-4885","1":"product","2":"type-product","3":"status-publish","4":"has-post-thumbnail","6":"product_cat-einzelanfertigungen","7":"desktop-align-left","8":"tablet-align-left","9":"mobile-align-left","10":"ast-product-gallery-layout-horizontal-slider","11":"ast-magnify-disabled","12":"ast-product-tabs-layout-horizontal","14":"first","15":"outofstock","16":"shipping-taxable","17":"purchasable","18":"product-type-simple"},"yoast_head":"<!-- This site is optimized with the Yoast SEO plugin v27.3 - https:\/\/yoast.com\/product\/yoast-seo-wordpress\/ -->\n<title>Retrosteam Classic *Vulcan - Retrosteam<\/title>\n<meta name=\"robots\" content=\"index, follow, max-snippet:-1, max-image-preview:large, max-video-preview:-1\" \/>\n<link rel=\"canonical\" href=\"https:\/\/retrosteam.de\/en\/product\/retrosteam-classic-vulcan\/\" \/>\n<meta property=\"og:locale\" content=\"en_US\" \/>\n<meta property=\"og:type\" content=\"article\" \/>\n<meta property=\"og:title\" content=\"Retrosteam Classic *Vulcan - Retrosteam\" \/>\n<meta property=\"og:description\" content=\"Vulcan - f\u00fcllt die Hand recht ordentlich aus Du bist Bef\u00fcrworter vom klassischen Pfeifendesign? Du suchst nach individuellen einzigartigen Verdampfern, nach Pfeifen, die zusammenpassen und einen Oldschool Vibe vermitteln? Dann schau bei den Classic-Pipes\u00b4s vorbei. Die Pfeifen werden vollst\u00e4ndig von der Holzbeschaffung bis hin zum fertigen Classic-Modell von mir in meiner Werkstatt angefertigt. Die Holzoberfl\u00e4che entsteht in weit mehr als 40 Arbeitsschritten und macht jede Pfeife zu etwas ganz Besonderem. Sch\u00f6ne H\u00f6lzer wie auch hochwertiger Edelstahl verbinden sich in einer einzigartigen Pfeife. Ein komplett geschlossenes System mit einem leichten Gewindeverschluss. Das Oberteil der Pfeifen l\u00e4sst sich mit den mitgelieferten Dichtungsringen auf handels\u00fcblichen Pfeifen mit einem Durchmesser von 20-22mm adaptieren. Auf Grund seiner Bauweise ist das Pfeifchen perfekt f\u00fcr dich, wenn du einen Vaporizer suchst, wo sich das Aroma gem\u00e4chlich aufbaut und sich extrem sicher verdampfen l\u00e4sst. EINZIGARTIGE OBERFL\u00c4CHEHANDSCHMEICHLERLEICHTER GEWINDEVERSCHLUSSHOCHWERTIGER EDELSTAHL VOLLKOMMEN HANDGEFERTIGTDOSIERKAPSELN 15mm\u00a0\u00d8 \u2013\u00a0OPTIONAL\u00a0INDIVIDUELLES DESIGN \u00a0AUF ANDERE PFEIFEN ANWENDBARVERSCHIEDENE H\u00d6LZER  Der Retrosteam Classic - das Unikat f\u00fcr alle, die etwas Einzigartiges suchen.  Dichter Dampf wird zum Erlebnis.\" \/>\n<meta property=\"og:url\" content=\"https:\/\/retrosteam.de\/en\/product\/retrosteam-classic-vulcan\/\" \/>\n<meta property=\"og:site_name\" content=\"Retrosteam\" \/>\n<meta property=\"article:publisher\" content=\"https:\/\/www.facebook.com\/p\/Retrosteam-100075849401979\/\" \/>\n<meta property=\"article:modified_time\" content=\"2023-12-19T14:33:25+00:00\" \/>\n<meta property=\"og:image\" content=\"https:\/\/retrosteam.de\/wp-content\/uploads\/2023\/12\/456456456456456-scaled.webp\" \/>\n\t<meta property=\"og:image:width\" content=\"2560\" \/>\n\t<meta property=\"og:image:height\" content=\"2560\" \/>\n\t<meta property=\"og:image:type\" content=\"image\/webp\" \/>\n<meta name=\"twitter:card\" content=\"summary_large_image\" \/>\n<meta name=\"twitter:site\" content=\"@retrosteam_\" \/>\n<script type=\"application\/ld+json\" class=\"yoast-schema-graph\">{\"@context\":\"https:\\\/\\\/schema.org\",\"@graph\":[{\"@type\":\"WebPage\",\"@id\":\"https:\\\/\\\/retrosteam.de\\\/produkt\\\/retrosteam-classic-vulcan\\\/\",\"url\":\"https:\\\/\\\/retrosteam.de\\\/produkt\\\/retrosteam-classic-vulcan\\\/\",\"name\":\"Retrosteam Classic *Vulcan - Retrosteam\",\"isPartOf\":{\"@id\":\"https:\\\/\\\/retrosteam.de\\\/#website\"},\"primaryImageOfPage\":{\"@id\":\"https:\\\/\\\/retrosteam.de\\\/produkt\\\/retrosteam-classic-vulcan\\\/#primaryimage\"},\"image\":{\"@id\":\"https:\\\/\\\/retrosteam.de\\\/produkt\\\/retrosteam-classic-vulcan\\\/#primaryimage\"},\"thumbnailUrl\":\"https:\\\/\\\/retrosteam.de\\\/wp-content\\\/uploads\\\/2023\\\/12\\\/456456456456456-scaled.webp\",\"datePublished\":\"2023-12-19T14:33:05+00:00\",\"dateModified\":\"2023-12-19T14:33:25+00:00\",\"breadcrumb\":{\"@id\":\"https:\\\/\\\/retrosteam.de\\\/produkt\\\/retrosteam-classic-vulcan\\\/#breadcrumb\"},\"inLanguage\":\"en-US\",\"potentialAction\":[{\"@type\":\"ReadAction\",\"target\":[\"https:\\\/\\\/retrosteam.de\\\/produkt\\\/retrosteam-classic-vulcan\\\/\"]}]},{\"@type\":\"ImageObject\",\"inLanguage\":\"en-US\",\"@id\":\"https:\\\/\\\/retrosteam.de\\\/produkt\\\/retrosteam-classic-vulcan\\\/#primaryimage\",\"url\":\"https:\\\/\\\/retrosteam.de\\\/wp-content\\\/uploads\\\/2023\\\/12\\\/456456456456456-scaled.webp\",\"contentUrl\":\"https:\\\/\\\/retrosteam.de\\\/wp-content\\\/uploads\\\/2023\\\/12\\\/456456456456456-scaled.webp\",\"width\":2560,\"height\":2560},{\"@type\":\"BreadcrumbList\",\"@id\":\"https:\\\/\\\/retrosteam.de\\\/produkt\\\/retrosteam-classic-vulcan\\\/#breadcrumb\",\"itemListElement\":[{\"@type\":\"ListItem\",\"position\":1,\"name\":\"Startseite\",\"item\":\"https:\\\/\\\/retrosteam.de\\\/\"},{\"@type\":\"ListItem\",\"position\":2,\"name\":\"Store\",\"item\":\"https:\\\/\\\/retrosteam.de\\\/store\\\/\"},{\"@type\":\"ListItem\",\"position\":3,\"name\":\"Retrosteam Classic *Vulcan\"}]},{\"@type\":\"WebSite\",\"@id\":\"https:\\\/\\\/retrosteam.de\\\/#website\",\"url\":\"https:\\\/\\\/retrosteam.de\\\/\",\"name\":\"Retrosteam\",\"description\":\"\",\"publisher\":{\"@id\":\"https:\\\/\\\/retrosteam.de\\\/#organization\"},\"potentialAction\":[{\"@type\":\"SearchAction\",\"target\":{\"@type\":\"EntryPoint\",\"urlTemplate\":\"https:\\\/\\\/retrosteam.de\\\/?s={search_term_string}\"},\"query-input\":{\"@type\":\"PropertyValueSpecification\",\"valueRequired\":true,\"valueName\":\"search_term_string\"}}],\"inLanguage\":\"en-US\"},{\"@type\":\"Organization\",\"@id\":\"https:\\\/\\\/retrosteam.de\\\/#organization\",\"name\":\"Retrosteam\",\"url\":\"https:\\\/\\\/retrosteam.de\\\/\",\"logo\":{\"@type\":\"ImageObject\",\"inLanguage\":\"en-US\",\"@id\":\"https:\\\/\\\/retrosteam.de\\\/#\\\/schema\\\/logo\\\/image\\\/\",\"url\":\"https:\\\/\\\/retrosteam.de\\\/wp-content\\\/uploads\\\/2023\\\/12\\\/cropped-retrosteam_favicon.jpg\",\"contentUrl\":\"https:\\\/\\\/retrosteam.de\\\/wp-content\\\/uploads\\\/2023\\\/12\\\/cropped-retrosteam_favicon.jpg\",\"width\":512,\"height\":512,\"caption\":\"Retrosteam\"},\"image\":{\"@id\":\"https:\\\/\\\/retrosteam.de\\\/#\\\/schema\\\/logo\\\/image\\\/\"},\"sameAs\":[\"https:\\\/\\\/www.facebook.com\\\/p\\\/Retrosteam-100075849401979\\\/\",\"https:\\\/\\\/x.com\\\/retrosteam_\",\"https:\\\/\\\/www.instagram.com\\\/retrosteam_offiziell\",\"https:\\\/\\\/www.youtube.com\\\/@retrosteam992\"]}]}<\/script>\n<!-- \/ Yoast SEO plugin. -->","yoast_head_json":{"title":"Retrosteam Classic *Vulcan - Retrosteam","robots":{"index":"index","follow":"follow","max-snippet":"max-snippet:-1","max-image-preview":"max-image-preview:large","max-video-preview":"max-video-preview:-1"},"canonical":"https:\/\/retrosteam.de\/en\/product\/retrosteam-classic-vulcan\/","og_locale":"en_US","og_type":"article","og_title":"Retrosteam Classic *Vulcan - Retrosteam","og_description":"Vulcan - f\u00fcllt die Hand recht ordentlich aus Du bist Bef\u00fcrworter vom klassischen Pfeifendesign? Du suchst nach individuellen einzigartigen Verdampfern, nach Pfeifen, die zusammenpassen und einen Oldschool Vibe vermitteln? Dann schau bei den Classic-Pipes\u00b4s vorbei. Die Pfeifen werden vollst\u00e4ndig von der Holzbeschaffung bis hin zum fertigen Classic-Modell von mir in meiner Werkstatt angefertigt. Die Holzoberfl\u00e4che entsteht in weit mehr als 40 Arbeitsschritten und macht jede Pfeife zu etwas ganz Besonderem. Sch\u00f6ne H\u00f6lzer wie auch hochwertiger Edelstahl verbinden sich in einer einzigartigen Pfeife. Ein komplett geschlossenes System mit einem leichten Gewindeverschluss. Das Oberteil der Pfeifen l\u00e4sst sich mit den mitgelieferten Dichtungsringen auf handels\u00fcblichen Pfeifen mit einem Durchmesser von 20-22mm adaptieren. Auf Grund seiner Bauweise ist das Pfeifchen perfekt f\u00fcr dich, wenn du einen Vaporizer suchst, wo sich das Aroma gem\u00e4chlich aufbaut und sich extrem sicher verdampfen l\u00e4sst. EINZIGARTIGE OBERFL\u00c4CHEHANDSCHMEICHLERLEICHTER GEWINDEVERSCHLUSSHOCHWERTIGER EDELSTAHL VOLLKOMMEN HANDGEFERTIGTDOSIERKAPSELN 15mm\u00a0\u00d8 \u2013\u00a0OPTIONAL\u00a0INDIVIDUELLES DESIGN \u00a0AUF ANDERE PFEIFEN ANWENDBARVERSCHIEDENE H\u00d6LZER  Der Retrosteam Classic - das Unikat f\u00fcr alle, die etwas Einzigartiges suchen.  Dichter Dampf wird zum Erlebnis.","og_url":"https:\/\/retrosteam.de\/en\/product\/retrosteam-classic-vulcan\/","og_site_name":"Retrosteam","article_publisher":"https:\/\/www.facebook.com\/p\/Retrosteam-100075849401979\/","article_modified_time":"2023-12-19T14:33:25+00:00","og_image":[{"width":2560,"height":2560,"url":"https:\/\/retrosteam.de\/wp-content\/uploads\/2023\/12\/456456456456456-scaled.webp","type":"image\/webp"}],"twitter_card":"summary_large_image","twitter_site":"@retrosteam_","schema":{"@context":"https:\/\/schema.org","@graph":[{"@type":"WebPage","@id":"https:\/\/retrosteam.de\/produkt\/retrosteam-classic-vulcan\/","url":"https:\/\/retrosteam.de\/produkt\/retrosteam-classic-vulcan\/","name":"Retrosteam Classic *Vulcan - Retrosteam","isPartOf":{"@id":"https:\/\/retrosteam.de\/#website"},"primaryImageOfPage":{"@id":"https:\/\/retrosteam.de\/produkt\/retrosteam-classic-vulcan\/#primaryimage"},"image":{"@id":"https:\/\/retrosteam.de\/produkt\/retrosteam-classic-vulcan\/#primaryimage"},"thumbnailUrl":"https:\/\/retrosteam.de\/wp-content\/uploads\/2023\/12\/456456456456456-scaled.webp","datePublished":"2023-12-19T14:33:05+00:00","dateModified":"2023-12-19T14:33:25+00:00","breadcrumb":{"@id":"https:\/\/retrosteam.de\/produkt\/retrosteam-classic-vulcan\/#breadcrumb"},"inLanguage":"en-US","potentialAction":[{"@type":"ReadAction","target":["https:\/\/retrosteam.de\/produkt\/retrosteam-classic-vulcan\/"]}]},{"@type":"ImageObject","inLanguage":"en-US","@id":"https:\/\/retrosteam.de\/produkt\/retrosteam-classic-vulcan\/#primaryimage","url":"https:\/\/retrosteam.de\/wp-content\/uploads\/2023\/12\/456456456456456-scaled.webp","contentUrl":"https:\/\/retrosteam.de\/wp-content\/uploads\/2023\/12\/456456456456456-scaled.webp","width":2560,"height":2560},{"@type":"BreadcrumbList","@id":"https:\/\/retrosteam.de\/produkt\/retrosteam-classic-vulcan\/#breadcrumb","itemListElement":[{"@type":"ListItem","position":1,"name":"Startseite","item":"https:\/\/retrosteam.de\/"},{"@type":"ListItem","position":2,"name":"Store","item":"https:\/\/retrosteam.de\/store\/"},{"@type":"ListItem","position":3,"name":"Retrosteam Classic *Vulcan"}]},{"@type":"WebSite","@id":"https:\/\/retrosteam.de\/#website","url":"https:\/\/retrosteam.de\/","name":"Retrosteam","description":"","publisher":{"@id":"https:\/\/retrosteam.de\/#organization"},"potentialAction":[{"@type":"SearchAction","target":{"@type":"EntryPoint","urlTemplate":"https:\/\/retrosteam.de\/?s={search_term_string}"},"query-input":{"@type":"PropertyValueSpecification","valueRequired":true,"valueName":"search_term_string"}}],"inLanguage":"en-US"},{"@type":"Organization","@id":"https:\/\/retrosteam.de\/#organization","name":"Retrosteam","url":"https:\/\/retrosteam.de\/","logo":{"@type":"ImageObject","inLanguage":"en-US","@id":"https:\/\/retrosteam.de\/#\/schema\/logo\/image\/","url":"https:\/\/retrosteam.de\/wp-content\/uploads\/2023\/12\/cropped-retrosteam_favicon.jpg","contentUrl":"https:\/\/retrosteam.de\/wp-content\/uploads\/2023\/12\/cropped-retrosteam_favicon.jpg","width":512,"height":512,"caption":"Retrosteam"},"image":{"@id":"https:\/\/retrosteam.de\/#\/schema\/logo\/image\/"},"sameAs":["https:\/\/www.facebook.com\/p\/Retrosteam-100075849401979\/","https:\/\/x.com\/retrosteam_","https:\/\/www.instagram.com\/retrosteam_offiziell","https:\/\/www.youtube.com\/@retrosteam992"]}]}},"_links":{"self":[{"href":"https:\/\/retrosteam.de\/en\/wp-json\/wp\/v2\/product\/4885","targetHints":{"allow":["GET"]}}],"collection":[{"href":"https:\/\/retrosteam.de\/en\/wp-json\/wp\/v2\/product"}],"about":[{"href":"https:\/\/retrosteam.de\/en\/wp-json\/wp\/v2\/types\/product"}],"replies":[{"embeddable":true,"href":"https:\/\/retrosteam.de\/en\/wp-json\/wp\/v2\/comments?post=4885"}],"version-history":[{"count":0,"href":"https:\/\/retrosteam.de\/en\/wp-json\/wp\/v2\/product\/4885\/revisions"}],"wp:featuredmedia":[{"embeddable":true,"href":"https:\/\/retrosteam.de\/en\/wp-json\/wp\/v2\/media\/4889"}],"wp:attachment":[{"href":"https:\/\/retrosteam.de\/en\/wp-json\/wp\/v2\/media?parent=4885"}],"wp:term":[{"taxonomy":"product_brand","embeddable":true,"href":"https:\/\/retrosteam.de\/en\/wp-json\/wp\/v2\/product_brand?post=4885"},{"taxonomy":"product_cat","embeddable":true,"href":"https:\/\/retrosteam.de\/en\/wp-json\/wp\/v2\/product_cat?post=4885"},{"taxonomy":"product_tag","embeddable":true,"href":"https:\/\/retrosteam.de\/en\/wp-json\/wp\/v2\/product_tag?post=4885"}],"curies":[{"name":"wp","href":"https:\/\/api.w.org\/{rel}","templated":true}]}}